{"id":277713,"date":"2025-05-27T16:50:44","date_gmt":"2025-05-27T13:50:44","guid":{"rendered":"https:\/\/glamuur.ee\/?post_type=product&#038;p=277713"},"modified":"2026-02-05T22:32:24","modified_gmt":"2026-02-05T20:32:24","slug":"ania-haie-kaelakee-21","status":"publish","type":"product","link":"https:\/\/glamuur.ee\/et\/product\/ania-haie-necklace-21\/","title":{"rendered":"Ania Haie Necklace N067-05H"},"content":{"rendered":"<p>V\u00f5ta omaks uusim tumedate esteetiliste trendide trend selle \u00e4gedate kaelakee abil. Ripatsil on kaheksakandiline t\u00e4ht p\u00e4rlmutterp\u00f5hjal, mis lisab sellele julge ja ainulaadse puudutuse. Kombineeri seda teiste kettidega, et luua ainulaadne v\u00e4limus, mis on sinu ja m\u00e4\u00e4rab moe tempo.<br \/>\nKaelakee pikkus = 43m<br \/>\nPikendusosa pikkus = 5cm<br \/>\nKogupikkus = 48cm<br \/>\nValge p\u00e4rlmutter suurus = 9*7.5mm, kogus = 1<br \/>\nMust p\u00e4rlmutter suurus = 8*7.1mm, kogus = 1<br \/>\nKuubilise tsirkooniumi suurus = 0.9mm, kogus = 6<br \/>\nKuubilise tsirkooniumi suurus = 1.4mm, kogus = 1<\/p>","protected":false},"excerpt":{"rendered":"<p>Embrace the latest dark aesthetic trend with this edgy necklace. The pendant features an eight-pointed star on a mother-of-pearl base, adding a bold and unique touch. Stack it with other chains to create a look that&#8217;s uniquely yours and sets the fashion pace. Necklace Length&#8230;<\/p>","protected":false},"featured_media":277714,"comment_status":"open","ping_status":"closed","template":"","meta":{"jetpack_post_was_ever_published":false},"product_brand":[],"product_cat":[200,965,202,727,945],"product_tag":[],"giftcard-category":[],"class_list":{"0":"post-277713","1":"product","2":"type-product","3":"status-publish","4":"has-post-thumbnail","6":"product_cat-ania-haie","7":"product_cat-ania-haie-aw25","8":"product_cat-ania-haie-necklace","9":"product_cat-necklaces","10":"product_cat-pearls","11":"pa_material-silver","12":"pa_metal-color-silver","13":"pa_product-brand-ania-haie","14":"pa_stone-color-pearl","15":"pa_type-category-necklaces","17":"first","18":"instock","19":"taxable","20":"shipping-taxable","21":"purchasable","22":"product-type-simple"},"bundled_by":[],"bundle_stock_status":"instock","bundle_stock_quantity":4,"bundle_virtual":false,"bundle_layout":"","bundle_add_to_cart_form_location":"","bundle_editable_in_cart":false,"bundle_sold_individually_context":"","bundle_item_grouping":"","bundle_min_size":"","bundle_max_size":"","bundle_price":[],"bundled_items":[],"bundle_sell_ids":[],"etheme_brands":{"errors":{"invalid_taxonomy":["Lubamatu taksonoomia."]},"error_data":[]},"_links":{"self":[{"href":"https:\/\/glamuur.ee\/et\/wp-json\/wp\/v2\/product\/277713","targetHints":{"allow":["GET"]}}],"collection":[{"href":"https:\/\/glamuur.ee\/et\/wp-json\/wp\/v2\/product"}],"about":[{"href":"https:\/\/glamuur.ee\/et\/wp-json\/wp\/v2\/types\/product"}],"replies":[{"embeddable":true,"href":"https:\/\/glamuur.ee\/et\/wp-json\/wp\/v2\/comments?post=277713"}],"wp:featuredmedia":[{"embeddable":true,"href":"https:\/\/glamuur.ee\/et\/wp-json\/wp\/v2\/media\/277714"}],"wp:attachment":[{"href":"https:\/\/glamuur.ee\/et\/wp-json\/wp\/v2\/media?parent=277713"}],"wp:term":[{"taxonomy":"product_brand","embeddable":true,"href":"https:\/\/glamuur.ee\/et\/wp-json\/wp\/v2\/product_brand?post=277713"},{"taxonomy":"product_cat","embeddable":true,"href":"https:\/\/glamuur.ee\/et\/wp-json\/wp\/v2\/product_cat?post=277713"},{"taxonomy":"product_tag","embeddable":true,"href":"https:\/\/glamuur.ee\/et\/wp-json\/wp\/v2\/product_tag?post=277713"},{"taxonomy":"giftcard-category","embeddable":true,"href":"https:\/\/glamuur.ee\/et\/wp-json\/wp\/v2\/giftcard-category?post=277713"}],"curies":[{"name":"wp","href":"https:\/\/api.w.org\/{rel}","templated":true}]}}