{"id":277705,"date":"2025-05-27T16:50:40","date_gmt":"2025-05-27T13:50:40","guid":{"rendered":"https:\/\/glamuur.ee\/?post_type=product&#038;p=277705"},"modified":"2026-04-05T13:46:32","modified_gmt":"2026-04-05T10:46:32","slug":"ania-haie-kaelakee-19","status":"publish","type":"product","link":"https:\/\/glamuur.ee\/et\/product\/ania-haie-necklace-19\/","title":{"rendered":"Ania Haie Necklace N066-01G"},"content":{"rendered":"<p>\u00c4ra j\u00e4ta vahele 2025. aasta kuumimat trendi - p\u00e4ikselisi oran\u017ee nanoseadeid! See statsionaarne kaelakee pakub elavat tooni, mis meenutab k\u00fclalislahke embuse soojust ja v\u00f5lu. Selle voolav disain lisab graatsia ja liikumise, mis v\u00f5imaldab teil iga kandmisega luua omaenda meloodia.<br \/>\nKaelakee pikkus = 40.5cm<br \/>\nPikendusosa pikkus = 5cm<br \/>\nKogupikkus = 45.5cm<br \/>\nKuubilise tsirkooniumi suurus = 1.8mm, kogus = 6<br \/>\nNano kalliskivid Suurus = 3.5mm, kogus = 5<\/p>","protected":false},"excerpt":{"rendered":"<p>Don\u2019t miss out on the hottest trend of 2025 \u2014 solar orange nanogems! This station necklace features a vibrant shade that evokes the warmth and charm of a welcoming embrace. Its fluid design adds a touch of grace and movement, allowing you to craft your&#8230;<\/p>","protected":false},"featured_media":277706,"comment_status":"open","ping_status":"closed","template":"","meta":{"jetpack_post_was_ever_published":false},"product_brand":[],"product_cat":[200,965,202,727],"product_tag":[],"giftcard-category":[],"class_list":{"0":"post-277705","1":"product","2":"type-product","3":"status-publish","4":"has-post-thumbnail","6":"product_cat-ania-haie","7":"product_cat-ania-haie-aw25","8":"product_cat-ania-haie-necklace","9":"product_cat-necklaces","10":"pa_material-silver","11":"pa_metal-color-yellow-gold","12":"pa_product-brand-ania-haie","13":"pa_stone-color-orange","14":"pa_type-category-necklaces","16":"first","17":"instock","18":"sale","19":"taxable","20":"shipping-taxable","21":"purchasable","22":"product-type-simple"},"bundled_by":[],"bundle_stock_status":"instock","bundle_stock_quantity":4,"bundle_virtual":false,"bundle_layout":"","bundle_add_to_cart_form_location":"","bundle_editable_in_cart":false,"bundle_sold_individually_context":"","bundle_item_grouping":"","bundle_min_size":"","bundle_max_size":"","bundle_price":[],"bundled_items":[],"bundle_sell_ids":[],"etheme_brands":{"errors":{"invalid_taxonomy":["Lubamatu taksonoomia."]},"error_data":[]},"_links":{"self":[{"href":"https:\/\/glamuur.ee\/et\/wp-json\/wp\/v2\/product\/277705","targetHints":{"allow":["GET"]}}],"collection":[{"href":"https:\/\/glamuur.ee\/et\/wp-json\/wp\/v2\/product"}],"about":[{"href":"https:\/\/glamuur.ee\/et\/wp-json\/wp\/v2\/types\/product"}],"replies":[{"embeddable":true,"href":"https:\/\/glamuur.ee\/et\/wp-json\/wp\/v2\/comments?post=277705"}],"wp:featuredmedia":[{"embeddable":true,"href":"https:\/\/glamuur.ee\/et\/wp-json\/wp\/v2\/media\/277706"}],"wp:attachment":[{"href":"https:\/\/glamuur.ee\/et\/wp-json\/wp\/v2\/media?parent=277705"}],"wp:term":[{"taxonomy":"product_brand","embeddable":true,"href":"https:\/\/glamuur.ee\/et\/wp-json\/wp\/v2\/product_brand?post=277705"},{"taxonomy":"product_cat","embeddable":true,"href":"https:\/\/glamuur.ee\/et\/wp-json\/wp\/v2\/product_cat?post=277705"},{"taxonomy":"product_tag","embeddable":true,"href":"https:\/\/glamuur.ee\/et\/wp-json\/wp\/v2\/product_tag?post=277705"},{"taxonomy":"giftcard-category","embeddable":true,"href":"https:\/\/glamuur.ee\/et\/wp-json\/wp\/v2\/giftcard-category?post=277705"}],"curies":[{"name":"wp","href":"https:\/\/api.w.org\/{rel}","templated":true}]}}