{"id":277701,"date":"2025-05-27T16:50:38","date_gmt":"2025-05-27T13:50:38","guid":{"rendered":"https:\/\/glamuur.ee\/?post_type=product&#038;p=277701"},"modified":"2026-04-05T13:46:27","modified_gmt":"2026-04-05T10:46:27","slug":"ania-haie-korvarongad-27","status":"publish","type":"product","link":"https:\/\/glamuur.ee\/et\/product\/ania-haie-earrings-27\/","title":{"rendered":"Ania Haie Earrings E066-03G"},"content":{"rendered":"<p>\u00c4ra j\u00e4ta vahele 2025. aasta kuumimat trendi - oran\u017eid p\u00e4ikeseenergia nanoseaded! Need pisaratera klastrilised k\u00f5rvar\u00f5ngad on elava, sooja varjundiga, mis meenutab k\u00fclalislahke embuse v\u00f5lu. Nende voolav disain lisab graatsia ja liikumist, muutes iga kandmise ainulaadseks elamuseks. Need igast k\u00fcljest s\u00e4ravad ja hoolikalt valmistatud k\u00f5rvar\u00f5ngad sobivad suurep\u00e4raselt silmatorkavaks, kuid samas elegantseks v\u00e4limuseks.<br \/>\nK\u00f5rvar\u00f5nga m\u00f5\u00f5tmed = 60*8mm<br \/>\nK\u00f5rvar\u00f5nga m\u00f5\u00f5tmed = 8*8mm<br \/>\nNano kalliskivid Suurus = 2.5mm, kogus = 3<br \/>\nNano kalliskivid Suurus = 6*4mm, kogus = 3<br \/>\nKuubilise tsirkooniumi suurus = 0.8mm, kogus = 4<br \/>\nKuubilise tsirkooniumi suurus = 0.9mm, kogus = 18<br \/>\nKuubilise tsirkooniumi suurus = 1.0mm, kogus = 12<br \/>\nKuubilise tsirkooniumi suurus = 1.1mm, kogus = 15<br \/>\nKuubilise tsirkooniumi suurus = 1.2mm, kogus = 15<br \/>\nKuubilise tsirkooniumi suurus = 2.5mm, kogus = 1<\/p>","protected":false},"excerpt":{"rendered":"<p>Don\u2019t miss the hottest trend of 2025 \u2014 solar orange nanogems! These teardrop cluster earrings feature a vibrant, warm shade that evokes the charm of a welcoming embrace. Their fluid design adds grace and movement, making every wear a unique experience. Meticulously crafted to shimmer&#8230;<\/p>","protected":false},"featured_media":277702,"comment_status":"open","ping_status":"closed","template":"","meta":{"jetpack_post_was_ever_published":false},"product_brand":[],"product_cat":[200,965,201,725],"product_tag":[],"giftcard-category":[],"class_list":{"0":"post-277701","1":"product","2":"type-product","3":"status-publish","4":"has-post-thumbnail","6":"product_cat-ania-haie","7":"product_cat-ania-haie-aw25","8":"product_cat-ania-haie-earrings","9":"product_cat-earrings","10":"pa_material-silver","11":"pa_metal-color-yellow-gold","12":"pa_product-brand-ania-haie","13":"pa_stone-color-orange","14":"pa_type-category-earrings","16":"first","17":"instock","18":"taxable","19":"shipping-taxable","20":"purchasable","21":"product-type-simple"},"bundled_by":[],"bundle_stock_status":"instock","bundle_stock_quantity":1,"bundle_virtual":false,"bundle_layout":"","bundle_add_to_cart_form_location":"","bundle_editable_in_cart":false,"bundle_sold_individually_context":"","bundle_item_grouping":"","bundle_min_size":"","bundle_max_size":"","bundle_price":[],"bundled_items":[],"bundle_sell_ids":[],"etheme_brands":{"errors":{"invalid_taxonomy":["Lubamatu taksonoomia."]},"error_data":[]},"_links":{"self":[{"href":"https:\/\/glamuur.ee\/et\/wp-json\/wp\/v2\/product\/277701","targetHints":{"allow":["GET"]}}],"collection":[{"href":"https:\/\/glamuur.ee\/et\/wp-json\/wp\/v2\/product"}],"about":[{"href":"https:\/\/glamuur.ee\/et\/wp-json\/wp\/v2\/types\/product"}],"replies":[{"embeddable":true,"href":"https:\/\/glamuur.ee\/et\/wp-json\/wp\/v2\/comments?post=277701"}],"wp:featuredmedia":[{"embeddable":true,"href":"https:\/\/glamuur.ee\/et\/wp-json\/wp\/v2\/media\/277702"}],"wp:attachment":[{"href":"https:\/\/glamuur.ee\/et\/wp-json\/wp\/v2\/media?parent=277701"}],"wp:term":[{"taxonomy":"product_brand","embeddable":true,"href":"https:\/\/glamuur.ee\/et\/wp-json\/wp\/v2\/product_brand?post=277701"},{"taxonomy":"product_cat","embeddable":true,"href":"https:\/\/glamuur.ee\/et\/wp-json\/wp\/v2\/product_cat?post=277701"},{"taxonomy":"product_tag","embeddable":true,"href":"https:\/\/glamuur.ee\/et\/wp-json\/wp\/v2\/product_tag?post=277701"},{"taxonomy":"giftcard-category","embeddable":true,"href":"https:\/\/glamuur.ee\/et\/wp-json\/wp\/v2\/giftcard-category?post=277701"}],"curies":[{"name":"wp","href":"https:\/\/api.w.org\/{rel}","templated":true}]}}