{"id":277697,"date":"2025-05-27T16:50:36","date_gmt":"2025-05-27T13:50:36","guid":{"rendered":"https:\/\/glamuur.ee\/?post_type=product&#038;p=277697"},"modified":"2026-02-05T22:29:54","modified_gmt":"2026-02-05T20:29:54","slug":"ania-haie-korvarongad-26","status":"publish","type":"product","link":"https:\/\/glamuur.ee\/et\/product\/ania-haie-earrings-26\/","title":{"rendered":"Ania Haie Earrings E067-12T"},"content":{"rendered":"<p>Miks mitte v\u00e4lja paista ja oma uusi lemmikuid omaks v\u00f5tta? Need Bold Puffy Spike Hoops sobituvad subversiivse ahvatluse trendi lainesse. S\u00e4rtsakas, hammastega disain loob silmatorkava kontrasti, mis on nii julge kui ka elegantne. Laske oma individuaalsusel s\u00e4rada ja j\u00e4\u00e4ge moek\u00f5verast ettepoole.<br \/>\nK\u00f5rvar\u00f5nga pikkus = 24mm<br \/>\nK\u00f5rvar\u00f5nga laius = 10mm<br \/>\nKuubilise tsirkooniumi suurus = 0.9mm, kogus = 48<br \/>\nKuubilise tsirkooniumi suurus = 1mm, kogus = 26<br \/>\nKuubilise tsirkooniumi suurus = 1.1mm, kogus = 16<br \/>\nKuubilise tsirkooniumi suurus = 1.2mm, kogus = 14<br \/>\nKuubilise tsirkooniumi suurus = 1.3mm, kogus = 12<br \/>\nKuubilise tsirkooniumi suurus = 1.4mm, kogus = 8<\/p>","protected":false},"excerpt":{"rendered":"<p>Why not stand out and embrace your new favourites? These Bold Puffy Spike Hoops tap into the trending wave of subversive allure. The edgy, toothed design creates a striking contrast that is both bold and elegant. Let your individuality shine through and stay ahead of&#8230;<\/p>","protected":false},"featured_media":277698,"comment_status":"open","ping_status":"closed","template":"","meta":{"jetpack_post_was_ever_published":false},"product_brand":[],"product_cat":[200,965,201,725],"product_tag":[],"giftcard-category":[],"class_list":{"0":"post-277697","1":"product","2":"type-product","3":"status-publish","4":"has-post-thumbnail","6":"product_cat-ania-haie","7":"product_cat-ania-haie-aw25","8":"product_cat-ania-haie-earrings","9":"product_cat-earrings","10":"pa_material-silver","11":"pa_metal-color-multicolor","12":"pa_product-brand-ania-haie","13":"pa_stone-color-white","14":"pa_type-category-earrings","16":"first","17":"instock","18":"sale","19":"taxable","20":"shipping-taxable","21":"purchasable","22":"product-type-simple"},"bundled_by":[],"bundle_stock_status":"instock","bundle_stock_quantity":2,"bundle_virtual":false,"bundle_layout":"","bundle_add_to_cart_form_location":"","bundle_editable_in_cart":false,"bundle_sold_individually_context":"","bundle_item_grouping":"","bundle_min_size":"","bundle_max_size":"","bundle_price":[],"bundled_items":[],"bundle_sell_ids":[],"etheme_brands":{"errors":{"invalid_taxonomy":["Lubamatu taksonoomia."]},"error_data":[]},"_links":{"self":[{"href":"https:\/\/glamuur.ee\/et\/wp-json\/wp\/v2\/product\/277697","targetHints":{"allow":["GET"]}}],"collection":[{"href":"https:\/\/glamuur.ee\/et\/wp-json\/wp\/v2\/product"}],"about":[{"href":"https:\/\/glamuur.ee\/et\/wp-json\/wp\/v2\/types\/product"}],"replies":[{"embeddable":true,"href":"https:\/\/glamuur.ee\/et\/wp-json\/wp\/v2\/comments?post=277697"}],"wp:featuredmedia":[{"embeddable":true,"href":"https:\/\/glamuur.ee\/et\/wp-json\/wp\/v2\/media\/277698"}],"wp:attachment":[{"href":"https:\/\/glamuur.ee\/et\/wp-json\/wp\/v2\/media?parent=277697"}],"wp:term":[{"taxonomy":"product_brand","embeddable":true,"href":"https:\/\/glamuur.ee\/et\/wp-json\/wp\/v2\/product_brand?post=277697"},{"taxonomy":"product_cat","embeddable":true,"href":"https:\/\/glamuur.ee\/et\/wp-json\/wp\/v2\/product_cat?post=277697"},{"taxonomy":"product_tag","embeddable":true,"href":"https:\/\/glamuur.ee\/et\/wp-json\/wp\/v2\/product_tag?post=277697"},{"taxonomy":"giftcard-category","embeddable":true,"href":"https:\/\/glamuur.ee\/et\/wp-json\/wp\/v2\/giftcard-category?post=277697"}],"curies":[{"name":"wp","href":"https:\/\/api.w.org\/{rel}","templated":true}]}}