{"id":277693,"date":"2025-05-27T16:50:35","date_gmt":"2025-05-27T13:50:35","guid":{"rendered":"https:\/\/glamuur.ee\/?post_type=product&#038;p=277693"},"modified":"2026-02-05T22:29:58","modified_gmt":"2026-02-05T20:29:58","slug":"ania-haie-korvarongad-25","status":"publish","type":"product","link":"https:\/\/glamuur.ee\/et\/product\/ania-haie-earrings-25\/","title":{"rendered":"Ania Haie Earrings E069-08T"},"content":{"rendered":"<p>T\u00f5sta oma v\u00e4limust nende kahetooniliste kallistustega. S\u00e4rava duo disain lisab neile kaasaegset ja rafineeritud v\u00e4limust, mist\u00f5ttu sobivad need ideaalselt nii igap\u00e4evaseks kandmiseks kui ka erilisteks s\u00fcndmusteks. \u00dcksinda v\u00f5i koos teiste k\u00f5rvar\u00f5ngastega kandes annavad need k\u00f5rvar\u00f5ngad peene, kuid glamuurse tooni igale riietusele, tagades, et paistate silma graatsia ja enesekindlusega.<br \/>\nR\u00f5nga l\u00e4bim\u00f5\u00f5t = 8mm<br \/>\nR\u00f5nga laius = 3.6mm<br \/>\nR\u00f5nga paksus = 1.7mm<br \/>\nKuubilise tsirkooniumi suurus = 0.9mm, kogus = 2<br \/>\nKuubilise tsirkooniumi suurus = 1.1mm, kogus = 4<br \/>\nKuubilise tsirkooniumi suurus = 1.2mm, kogus = 2<br \/>\nKuubilise tsirkooniumi suurus = 1.3mm, kogus = 10<br \/>\nKuubilise tsirkooniumi suurus = 1.4mm, kogus = 2<br \/>\nKuubilise tsirkooniumi suurus = 1.7mm, kogus = 2<\/p>","protected":false},"excerpt":{"rendered":"<p>Elevate your look with these two-tone huggies. The sparkling duet design adds a sophisticated modern twist, making them perfect for both everyday wear and special occasions. Whether worn alone or paired with other earrings, these huggies bring a subtle yet glamorous touch to any outfit,&#8230;<\/p>","protected":false},"featured_media":277694,"comment_status":"open","ping_status":"closed","template":"","meta":{"jetpack_post_was_ever_published":false},"product_brand":[],"product_cat":[200,965,201,725],"product_tag":[],"giftcard-category":[],"class_list":{"0":"post-277693","1":"product","2":"type-product","3":"status-publish","4":"has-post-thumbnail","6":"product_cat-ania-haie","7":"product_cat-ania-haie-aw25","8":"product_cat-ania-haie-earrings","9":"product_cat-earrings","10":"pa_material-silver","11":"pa_metal-color-multicolor","12":"pa_product-brand-ania-haie","13":"pa_stone-color-white","14":"pa_type-category-earrings","16":"first","17":"instock","18":"taxable","19":"shipping-taxable","20":"purchasable","21":"product-type-simple"},"bundled_by":[],"bundle_stock_status":"instock","bundle_stock_quantity":5,"bundle_virtual":false,"bundle_layout":"","bundle_add_to_cart_form_location":"","bundle_editable_in_cart":false,"bundle_sold_individually_context":"","bundle_item_grouping":"","bundle_min_size":"","bundle_max_size":"","bundle_price":[],"bundled_items":[],"bundle_sell_ids":[],"etheme_brands":{"errors":{"invalid_taxonomy":["Lubamatu taksonoomia."]},"error_data":[]},"_links":{"self":[{"href":"https:\/\/glamuur.ee\/et\/wp-json\/wp\/v2\/product\/277693","targetHints":{"allow":["GET"]}}],"collection":[{"href":"https:\/\/glamuur.ee\/et\/wp-json\/wp\/v2\/product"}],"about":[{"href":"https:\/\/glamuur.ee\/et\/wp-json\/wp\/v2\/types\/product"}],"replies":[{"embeddable":true,"href":"https:\/\/glamuur.ee\/et\/wp-json\/wp\/v2\/comments?post=277693"}],"wp:featuredmedia":[{"embeddable":true,"href":"https:\/\/glamuur.ee\/et\/wp-json\/wp\/v2\/media\/277694"}],"wp:attachment":[{"href":"https:\/\/glamuur.ee\/et\/wp-json\/wp\/v2\/media?parent=277693"}],"wp:term":[{"taxonomy":"product_brand","embeddable":true,"href":"https:\/\/glamuur.ee\/et\/wp-json\/wp\/v2\/product_brand?post=277693"},{"taxonomy":"product_cat","embeddable":true,"href":"https:\/\/glamuur.ee\/et\/wp-json\/wp\/v2\/product_cat?post=277693"},{"taxonomy":"product_tag","embeddable":true,"href":"https:\/\/glamuur.ee\/et\/wp-json\/wp\/v2\/product_tag?post=277693"},{"taxonomy":"giftcard-category","embeddable":true,"href":"https:\/\/glamuur.ee\/et\/wp-json\/wp\/v2\/giftcard-category?post=277693"}],"curies":[{"name":"wp","href":"https:\/\/api.w.org\/{rel}","templated":true}]}}