{"id":277678,"date":"2025-05-27T16:50:25","date_gmt":"2025-05-27T13:50:25","guid":{"rendered":"https:\/\/glamuur.ee\/?post_type=product&#038;p=277678"},"modified":"2026-02-05T22:32:22","modified_gmt":"2026-02-05T20:32:22","slug":"ania-haie-kaelakee-17","status":"publish","type":"product","link":"https:\/\/glamuur.ee\/et\/product\/ania-haie-necklace-17\/","title":{"rendered":"Ania Haie Necklace N066-04G"},"content":{"rendered":"<p>Sukeldu unistuste elegantsi ja romantikasse selle hooaja must-have ehetega! See taevasest ilust inspireeritud kaelakee sisaldab s\u00e4delevat t\u00e4hte, mis lisab sinu igap\u00e4evasele v\u00e4limusele omap\u00e4ra. Sobib suurep\u00e4raselt nii vabaaja- kui ka eriliste s\u00fcndmuste jaoks.<br \/>\nKaelakee pikkus = 40.5cm<br \/>\nPikendusosa pikkus = 5cm<br \/>\nKogupikkus = 45.5cm<br \/>\nT\u00e4he suurus = 11*11.4mm<br \/>\n\u00dcmmargune ripatsi suurus = 4mm<br \/>\nKuubilise tsirkooniumi suurus = 2.8mm, kogus = 1<br \/>\nKuubilise tsirkooniumi suurus = 3mm, kogus = 1<\/p>","protected":false},"excerpt":{"rendered":"<p>Dive into dreamy elegance and romance with this season\u2019s must-have jewellery! Inspired by celestial beauty, this necklace features a sparkling star that adds a touch of whimsical charm to your everyday look. Perfect for both casual and special occasions. Necklace Length = 40.5cm Extender Length&#8230;<\/p>","protected":false},"featured_media":277679,"comment_status":"open","ping_status":"closed","template":"","meta":{"jetpack_post_was_ever_published":false},"product_brand":[],"product_cat":[200,965,202,727],"product_tag":[],"giftcard-category":[],"class_list":{"0":"post-277678","1":"product","2":"type-product","3":"status-publish","4":"has-post-thumbnail","6":"product_cat-ania-haie","7":"product_cat-ania-haie-aw25","8":"product_cat-ania-haie-necklace","9":"product_cat-necklaces","10":"pa_material-silver","11":"pa_metal-color-yellow-gold","12":"pa_product-brand-ania-haie","13":"pa_stone-color-white","14":"pa_type-category-necklaces","16":"first","17":"instock","18":"taxable","19":"shipping-taxable","20":"purchasable","21":"product-type-simple"},"bundled_by":[],"bundle_stock_status":"instock","bundle_stock_quantity":3,"bundle_virtual":false,"bundle_layout":"","bundle_add_to_cart_form_location":"","bundle_editable_in_cart":false,"bundle_sold_individually_context":"","bundle_item_grouping":"","bundle_min_size":"","bundle_max_size":"","bundle_price":[],"bundled_items":[],"bundle_sell_ids":[],"etheme_brands":{"errors":{"invalid_taxonomy":["Lubamatu taksonoomia."]},"error_data":[]},"_links":{"self":[{"href":"https:\/\/glamuur.ee\/et\/wp-json\/wp\/v2\/product\/277678","targetHints":{"allow":["GET"]}}],"collection":[{"href":"https:\/\/glamuur.ee\/et\/wp-json\/wp\/v2\/product"}],"about":[{"href":"https:\/\/glamuur.ee\/et\/wp-json\/wp\/v2\/types\/product"}],"replies":[{"embeddable":true,"href":"https:\/\/glamuur.ee\/et\/wp-json\/wp\/v2\/comments?post=277678"}],"wp:featuredmedia":[{"embeddable":true,"href":"https:\/\/glamuur.ee\/et\/wp-json\/wp\/v2\/media\/277679"}],"wp:attachment":[{"href":"https:\/\/glamuur.ee\/et\/wp-json\/wp\/v2\/media?parent=277678"}],"wp:term":[{"taxonomy":"product_brand","embeddable":true,"href":"https:\/\/glamuur.ee\/et\/wp-json\/wp\/v2\/product_brand?post=277678"},{"taxonomy":"product_cat","embeddable":true,"href":"https:\/\/glamuur.ee\/et\/wp-json\/wp\/v2\/product_cat?post=277678"},{"taxonomy":"product_tag","embeddable":true,"href":"https:\/\/glamuur.ee\/et\/wp-json\/wp\/v2\/product_tag?post=277678"},{"taxonomy":"giftcard-category","embeddable":true,"href":"https:\/\/glamuur.ee\/et\/wp-json\/wp\/v2\/giftcard-category?post=277678"}],"curies":[{"name":"wp","href":"https:\/\/api.w.org\/{rel}","templated":true}]}}