{"id":277674,"date":"2025-05-27T16:50:23","date_gmt":"2025-05-27T13:50:23","guid":{"rendered":"https:\/\/glamuur.ee\/?post_type=product&#038;p=277674"},"modified":"2026-02-05T22:32:22","modified_gmt":"2026-02-05T20:32:22","slug":"ania-haie-kaelakee-16","status":"publish","type":"product","link":"https:\/\/glamuur.ee\/et\/product\/ania-haie-necklace-16\/","title":{"rendered":"Ania Haie Necklace N066-03G"},"content":{"rendered":"<p>Astu selle hooaja must-have trendiga taevase romantika maailma! Inspireerituna kuu faasidest, on see kaelakee k\u00f6itnud k\u00f5igi t\u00e4helepanu. Keeruline, mitmekihiline disain meenutab \u00f6ise taeva v\u00f5lu, lisades igale v\u00e4limusele eeterliku ja moodsa p\u00f6\u00f6rde.<br \/>\nKaelakee pikkus = 43m<br \/>\nPikendusosa pikkus = 5cm<br \/>\nKogupikkus = 48cm<br \/>\nLille suurus = 12.4*12mm<br \/>\nKuubilise tsirkooniumi suurus = 1.3mm, kogus = 2<br \/>\nKuubilise tsirkooniumi suurus = 1.7mm, kogus = 1<br \/>\nKuubilise tsirkooniumi suurus = 2.2mm, kogus = 1<\/p>","protected":false},"excerpt":{"rendered":"<p>Step into the world of celestial romance with this season\u2019s must-have trend! Inspired by the phases of the moon, this necklace has captivated everyone&#8217;s attention. The intricate, layered design evokes the allure of the night sky, adding an ethereal and modern twist to any look&#8230;.<\/p>","protected":false},"featured_media":277675,"comment_status":"open","ping_status":"closed","template":"","meta":{"jetpack_post_was_ever_published":false},"product_brand":[],"product_cat":[200,965,202,727],"product_tag":[],"giftcard-category":[],"class_list":{"0":"post-277674","1":"product","2":"type-product","3":"status-publish","4":"has-post-thumbnail","6":"product_cat-ania-haie","7":"product_cat-ania-haie-aw25","8":"product_cat-ania-haie-necklace","9":"product_cat-necklaces","10":"pa_material-silver","11":"pa_metal-color-yellow-gold","12":"pa_product-brand-ania-haie","13":"pa_stone-color-white","14":"pa_type-category-necklaces","16":"first","17":"instock","18":"taxable","19":"shipping-taxable","20":"purchasable","21":"product-type-simple"},"bundled_by":[],"bundle_stock_status":"instock","bundle_stock_quantity":1,"bundle_virtual":false,"bundle_layout":"","bundle_add_to_cart_form_location":"","bundle_editable_in_cart":false,"bundle_sold_individually_context":"","bundle_item_grouping":"","bundle_min_size":"","bundle_max_size":"","bundle_price":[],"bundled_items":[],"bundle_sell_ids":[],"etheme_brands":{"errors":{"invalid_taxonomy":["Lubamatu taksonoomia."]},"error_data":[]},"_links":{"self":[{"href":"https:\/\/glamuur.ee\/et\/wp-json\/wp\/v2\/product\/277674","targetHints":{"allow":["GET"]}}],"collection":[{"href":"https:\/\/glamuur.ee\/et\/wp-json\/wp\/v2\/product"}],"about":[{"href":"https:\/\/glamuur.ee\/et\/wp-json\/wp\/v2\/types\/product"}],"replies":[{"embeddable":true,"href":"https:\/\/glamuur.ee\/et\/wp-json\/wp\/v2\/comments?post=277674"}],"wp:featuredmedia":[{"embeddable":true,"href":"https:\/\/glamuur.ee\/et\/wp-json\/wp\/v2\/media\/277675"}],"wp:attachment":[{"href":"https:\/\/glamuur.ee\/et\/wp-json\/wp\/v2\/media?parent=277674"}],"wp:term":[{"taxonomy":"product_brand","embeddable":true,"href":"https:\/\/glamuur.ee\/et\/wp-json\/wp\/v2\/product_brand?post=277674"},{"taxonomy":"product_cat","embeddable":true,"href":"https:\/\/glamuur.ee\/et\/wp-json\/wp\/v2\/product_cat?post=277674"},{"taxonomy":"product_tag","embeddable":true,"href":"https:\/\/glamuur.ee\/et\/wp-json\/wp\/v2\/product_tag?post=277674"},{"taxonomy":"giftcard-category","embeddable":true,"href":"https:\/\/glamuur.ee\/et\/wp-json\/wp\/v2\/giftcard-category?post=277674"}],"curies":[{"name":"wp","href":"https:\/\/api.w.org\/{rel}","templated":true}]}}