{"id":277670,"date":"2025-05-27T16:50:21","date_gmt":"2025-05-27T13:50:21","guid":{"rendered":"https:\/\/glamuur.ee\/?post_type=product&#038;p=277670"},"modified":"2026-02-05T22:32:23","modified_gmt":"2026-02-05T20:32:23","slug":"ania-haie-kaelakee-15","status":"publish","type":"product","link":"https:\/\/glamuur.ee\/et\/product\/ania-haie-necklace-15\/","title":{"rendered":"Ania Haie Necklace N067-02G"},"content":{"rendered":"<p>Vabasta oma t\u00f5eline mina selle sildiga kaelakee, millel on kuubiliste tsirkooniumkivide halo. Kas oled siis koosolekuruumis v\u00f5i linnas, see kaunistus t\u00f5stab sinu stiili ja n\u00e4itab maailmale, kes sa oled.<br \/>\nKaelakee pikkus = 48cm<br \/>\nPikendusosa pikkus = 5cm<br \/>\nKogupikkus = 53cm<br \/>\nRipatsi suurus = 20*10mm<br \/>\nKuubilise tsirkooniumi suurus = 1.1mm, kogus = 40<\/p>","protected":false},"excerpt":{"rendered":"<p>Unleash your true self with this tag necklace, featuring a halo of cubic zirconia stones. Whether you&#8217;re in the boardroom or out on the town, this piece will elevate your style and show the world who you are. Necklace Length = 48cm Extender Length =&#8230;<\/p>","protected":false},"featured_media":277671,"comment_status":"open","ping_status":"closed","template":"","meta":{"jetpack_post_was_ever_published":false},"product_brand":[],"product_cat":[200,965,202,727],"product_tag":[],"giftcard-category":[],"class_list":{"0":"post-277670","1":"product","2":"type-product","3":"status-publish","4":"has-post-thumbnail","6":"product_cat-ania-haie","7":"product_cat-ania-haie-aw25","8":"product_cat-ania-haie-necklace","9":"product_cat-necklaces","10":"pa_material-silver","11":"pa_metal-color-yellow-gold","12":"pa_product-brand-ania-haie","13":"pa_stone-color-white","14":"pa_type-category-necklaces","16":"first","17":"instock","18":"taxable","19":"shipping-taxable","20":"purchasable","21":"product-type-simple"},"bundled_by":[],"bundle_stock_status":"instock","bundle_stock_quantity":4,"bundle_virtual":false,"bundle_layout":"","bundle_add_to_cart_form_location":"","bundle_editable_in_cart":false,"bundle_sold_individually_context":"","bundle_item_grouping":"","bundle_min_size":"","bundle_max_size":"","bundle_price":[],"bundled_items":[],"bundle_sell_ids":[],"etheme_brands":{"errors":{"invalid_taxonomy":["Lubamatu taksonoomia."]},"error_data":[]},"_links":{"self":[{"href":"https:\/\/glamuur.ee\/et\/wp-json\/wp\/v2\/product\/277670","targetHints":{"allow":["GET"]}}],"collection":[{"href":"https:\/\/glamuur.ee\/et\/wp-json\/wp\/v2\/product"}],"about":[{"href":"https:\/\/glamuur.ee\/et\/wp-json\/wp\/v2\/types\/product"}],"replies":[{"embeddable":true,"href":"https:\/\/glamuur.ee\/et\/wp-json\/wp\/v2\/comments?post=277670"}],"wp:featuredmedia":[{"embeddable":true,"href":"https:\/\/glamuur.ee\/et\/wp-json\/wp\/v2\/media\/277671"}],"wp:attachment":[{"href":"https:\/\/glamuur.ee\/et\/wp-json\/wp\/v2\/media?parent=277670"}],"wp:term":[{"taxonomy":"product_brand","embeddable":true,"href":"https:\/\/glamuur.ee\/et\/wp-json\/wp\/v2\/product_brand?post=277670"},{"taxonomy":"product_cat","embeddable":true,"href":"https:\/\/glamuur.ee\/et\/wp-json\/wp\/v2\/product_cat?post=277670"},{"taxonomy":"product_tag","embeddable":true,"href":"https:\/\/glamuur.ee\/et\/wp-json\/wp\/v2\/product_tag?post=277670"},{"taxonomy":"giftcard-category","embeddable":true,"href":"https:\/\/glamuur.ee\/et\/wp-json\/wp\/v2\/giftcard-category?post=277670"}],"curies":[{"name":"wp","href":"https:\/\/api.w.org\/{rel}","templated":true}]}}