{"id":277666,"date":"2025-05-27T16:50:19","date_gmt":"2025-05-27T13:50:19","guid":{"rendered":"https:\/\/glamuur.ee\/?post_type=product&#038;p=277666"},"modified":"2026-02-05T22:32:24","modified_gmt":"2026-02-05T20:32:24","slug":"ania-haie-kaelakee-14","status":"publish","type":"product","link":"https:\/\/glamuur.ee\/et\/product\/ania-haie-necklace-14\/","title":{"rendered":"Ania Haie Necklace N068-03G"},"content":{"rendered":"<p>Avastage meie uimastav kaelakee, mis on sel hooajal teie kollektsiooni t\u00e4iuslik keskne osa. See lilleline ovaalne ripats annab stabiilsust ja tekitab rahulikku ja kindlat enesekindlust. \u00dcksinda v\u00f5i koos teiste kaelakeedega kandes lisab see igale riietusele loomuliku elegantsi.<br \/>\nKaelakee pikkus = 43m<br \/>\nPikendusosa pikkus = 5cm<br \/>\nKogupikkus = 48cm<br \/>\nRipatsi suurus = 9.5*7.5mm<br \/>\nKuubilise tsirkooniumi suurus = 1.1mm, kogus = 2<br \/>\nKuubilise tsirkooniumi suurus = 1.3mm, kogus = 1<\/p>","protected":false},"excerpt":{"rendered":"<p>Serving up serious statement pendant appeal, discover our stunning necklace\u2014the perfect centrepiece for your collection this season. Featuring a floral oval pendant, it brings a sense of stability and evokes feelings of calm, grounded confidence. Whether worn alone or paired with other necklaces, it adds&#8230;<\/p>","protected":false},"featured_media":277667,"comment_status":"open","ping_status":"closed","template":"","meta":{"jetpack_post_was_ever_published":false},"product_brand":[],"product_cat":[200,965,202,727],"product_tag":[],"giftcard-category":[],"class_list":{"0":"post-277666","1":"product","2":"type-product","3":"status-publish","4":"has-post-thumbnail","6":"product_cat-ania-haie","7":"product_cat-ania-haie-aw25","8":"product_cat-ania-haie-necklace","9":"product_cat-necklaces","10":"pa_material-silver","11":"pa_metal-color-yellow-gold","12":"pa_product-brand-ania-haie","13":"pa_stone-color-white","14":"pa_type-category-necklaces","16":"first","17":"instock","18":"taxable","19":"shipping-taxable","20":"purchasable","21":"product-type-simple"},"bundled_by":[],"bundle_stock_status":"instock","bundle_stock_quantity":4,"bundle_virtual":false,"bundle_layout":"","bundle_add_to_cart_form_location":"","bundle_editable_in_cart":false,"bundle_sold_individually_context":"","bundle_item_grouping":"","bundle_min_size":"","bundle_max_size":"","bundle_price":[],"bundled_items":[],"bundle_sell_ids":[],"etheme_brands":{"errors":{"invalid_taxonomy":["Lubamatu taksonoomia."]},"error_data":[]},"_links":{"self":[{"href":"https:\/\/glamuur.ee\/et\/wp-json\/wp\/v2\/product\/277666","targetHints":{"allow":["GET"]}}],"collection":[{"href":"https:\/\/glamuur.ee\/et\/wp-json\/wp\/v2\/product"}],"about":[{"href":"https:\/\/glamuur.ee\/et\/wp-json\/wp\/v2\/types\/product"}],"replies":[{"embeddable":true,"href":"https:\/\/glamuur.ee\/et\/wp-json\/wp\/v2\/comments?post=277666"}],"wp:featuredmedia":[{"embeddable":true,"href":"https:\/\/glamuur.ee\/et\/wp-json\/wp\/v2\/media\/277667"}],"wp:attachment":[{"href":"https:\/\/glamuur.ee\/et\/wp-json\/wp\/v2\/media?parent=277666"}],"wp:term":[{"taxonomy":"product_brand","embeddable":true,"href":"https:\/\/glamuur.ee\/et\/wp-json\/wp\/v2\/product_brand?post=277666"},{"taxonomy":"product_cat","embeddable":true,"href":"https:\/\/glamuur.ee\/et\/wp-json\/wp\/v2\/product_cat?post=277666"},{"taxonomy":"product_tag","embeddable":true,"href":"https:\/\/glamuur.ee\/et\/wp-json\/wp\/v2\/product_tag?post=277666"},{"taxonomy":"giftcard-category","embeddable":true,"href":"https:\/\/glamuur.ee\/et\/wp-json\/wp\/v2\/giftcard-category?post=277666"}],"curies":[{"name":"wp","href":"https:\/\/api.w.org\/{rel}","templated":true}]}}