{"id":277658,"date":"2025-05-27T16:50:15","date_gmt":"2025-05-27T13:50:15","guid":{"rendered":"https:\/\/glamuur.ee\/?post_type=product&#038;p=277658"},"modified":"2026-02-05T22:29:16","modified_gmt":"2026-02-05T20:29:16","slug":"ania-haie-korvarongad-23","status":"publish","type":"product","link":"https:\/\/glamuur.ee\/et\/product\/ania-haie-earrings-23\/","title":{"rendered":"Ania Haie Earrings E053-06G"},"content":{"rendered":"<p>Valige selle hooaja punk-trendi jaoks midagi veidi teistsugust, kasutades neid super\u0161ikke n\u00f6\u00f6pk\u00f5rvar\u00f5ngaid. K\u00f5rvar\u00f5nga \u00fclaosas on k\u00f5ik s\u00e4delevad kuubilised tsirkooniumid, samas kui k\u00f5rvar\u00f5nga p\u00f5hi lisab punk-rocki puudutuse, lisades sinu k\u00f5rvar\u00f5ngaste virna elegantse piigi. Need 14kt kullatud sterlingh\u00f5bedast n\u00f6\u00f6pk\u00f5rvar\u00f5ngad on ootamatud, kuid samas klassikalised, ideaalsed igaks p\u00e4evaks.<br \/>\nTetraeedri pikkus = 11.5mm<br \/>\nTetraeedri laius = 3mm<br \/>\nKuubiline tsirkooniumoksiid = 3*5mm<br \/>\nLiblikas ja posti kinnitus<\/p>","protected":false},"excerpt":{"rendered":"<p>Opt for something a little different for this season&#8217;s punk trend with these super-chic stud ear jackets. The top of the stud is all about sparkling cubic zirconia simplicity while the base of the earring adds a punk rock touch, adding a sleek spike to&#8230;<\/p>","protected":false},"featured_media":277659,"comment_status":"open","ping_status":"closed","template":"","meta":{"jetpack_post_was_ever_published":false},"product_brand":[],"product_cat":[200,965,201,725],"product_tag":[],"giftcard-category":[],"class_list":{"0":"post-277658","1":"product","2":"type-product","3":"status-publish","4":"has-post-thumbnail","6":"product_cat-ania-haie","7":"product_cat-ania-haie-aw25","8":"product_cat-ania-haie-earrings","9":"product_cat-earrings","10":"pa_material-silver","11":"pa_metal-color-yellow-gold","12":"pa_product-brand-ania-haie","13":"pa_stone-color-white","14":"pa_type-category-earrings","16":"first","17":"instock","18":"taxable","19":"shipping-taxable","20":"purchasable","21":"product-type-simple"},"bundled_by":[],"bundle_stock_status":"instock","bundle_stock_quantity":2,"bundle_virtual":false,"bundle_layout":"","bundle_add_to_cart_form_location":"","bundle_editable_in_cart":false,"bundle_sold_individually_context":"","bundle_item_grouping":"","bundle_min_size":"","bundle_max_size":"","bundle_price":[],"bundled_items":[],"bundle_sell_ids":[],"etheme_brands":{"errors":{"invalid_taxonomy":["Lubamatu taksonoomia."]},"error_data":[]},"_links":{"self":[{"href":"https:\/\/glamuur.ee\/et\/wp-json\/wp\/v2\/product\/277658","targetHints":{"allow":["GET"]}}],"collection":[{"href":"https:\/\/glamuur.ee\/et\/wp-json\/wp\/v2\/product"}],"about":[{"href":"https:\/\/glamuur.ee\/et\/wp-json\/wp\/v2\/types\/product"}],"replies":[{"embeddable":true,"href":"https:\/\/glamuur.ee\/et\/wp-json\/wp\/v2\/comments?post=277658"}],"wp:featuredmedia":[{"embeddable":true,"href":"https:\/\/glamuur.ee\/et\/wp-json\/wp\/v2\/media\/277659"}],"wp:attachment":[{"href":"https:\/\/glamuur.ee\/et\/wp-json\/wp\/v2\/media?parent=277658"}],"wp:term":[{"taxonomy":"product_brand","embeddable":true,"href":"https:\/\/glamuur.ee\/et\/wp-json\/wp\/v2\/product_brand?post=277658"},{"taxonomy":"product_cat","embeddable":true,"href":"https:\/\/glamuur.ee\/et\/wp-json\/wp\/v2\/product_cat?post=277658"},{"taxonomy":"product_tag","embeddable":true,"href":"https:\/\/glamuur.ee\/et\/wp-json\/wp\/v2\/product_tag?post=277658"},{"taxonomy":"giftcard-category","embeddable":true,"href":"https:\/\/glamuur.ee\/et\/wp-json\/wp\/v2\/giftcard-category?post=277658"}],"curies":[{"name":"wp","href":"https:\/\/api.w.org\/{rel}","templated":true}]}}