{"id":277650,"date":"2025-05-27T16:50:11","date_gmt":"2025-05-27T13:50:11","guid":{"rendered":"https:\/\/glamuur.ee\/?post_type=product&#038;p=277650"},"modified":"2026-04-13T20:30:02","modified_gmt":"2026-04-13T17:30:02","slug":"ania-haie-korvarongad-21","status":"publish","type":"product","link":"https:\/\/glamuur.ee\/et\/product\/ania-haie-earrings-21\/","title":{"rendered":"Ania Haie Earrings E066-04G"},"content":{"rendered":"<p>Loo oma meloodia nende s\u00e4delevate paveeritud kallistustega. Ideaalne neile, kes hindavad peent ilu ja vaimset naudingut, neid huggies'e saab kanda \u00fcksi v\u00f5i stiliseerida koos huggies'e, r\u00f5ngaste ja n\u00f6\u00f6pidega, et oma v\u00e4limust t\u00e4iendada.<br \/>\nR\u00f5nga l\u00e4bim\u00f5\u00f5t = 7.5mm<br \/>\nR\u00f5nga laius = 1.7mm<br \/>\nKuubilise tsirkooniumi suurus = 1.5mm, kogus = 14<br \/>\nKuubilise tsirkooniumi suurus = 3mm, kogus = 4<\/p>","protected":false},"excerpt":{"rendered":"<p>Create your own melody with these sparkling pav\u00e9 huggies. Ideal for those who appreciate subtle beauty and spiritual enjoyment, these huggies can be worn alone or styled with huggies, hoops and studs to complete your look. Hoop Diameter = 7.5mm Hoop Width = 1.7mm Cubic&#8230;<\/p>","protected":false},"featured_media":277651,"comment_status":"open","ping_status":"closed","template":"","meta":{"jetpack_post_was_ever_published":false},"product_brand":[],"product_cat":[200,965,201,725],"product_tag":[],"giftcard-category":[],"class_list":{"0":"post-277650","1":"product","2":"type-product","3":"status-publish","4":"has-post-thumbnail","6":"product_cat-ania-haie","7":"product_cat-ania-haie-aw25","8":"product_cat-ania-haie-earrings","9":"product_cat-earrings","10":"pa_material-silver","11":"pa_metal-color-yellow-gold","12":"pa_product-brand-ania-haie","13":"pa_stone-color-white","14":"pa_type-category-earrings","16":"first","17":"instock","18":"taxable","19":"shipping-taxable","20":"purchasable","21":"product-type-simple"},"bundled_by":[],"bundle_stock_status":"instock","bundle_stock_quantity":2,"bundle_virtual":false,"bundle_layout":"","bundle_add_to_cart_form_location":"","bundle_editable_in_cart":false,"bundle_sold_individually_context":"","bundle_item_grouping":"","bundle_min_size":"","bundle_max_size":"","bundle_price":[],"bundled_items":[],"bundle_sell_ids":[],"etheme_brands":{"errors":{"invalid_taxonomy":["Lubamatu taksonoomia."]},"error_data":[]},"_links":{"self":[{"href":"https:\/\/glamuur.ee\/et\/wp-json\/wp\/v2\/product\/277650","targetHints":{"allow":["GET"]}}],"collection":[{"href":"https:\/\/glamuur.ee\/et\/wp-json\/wp\/v2\/product"}],"about":[{"href":"https:\/\/glamuur.ee\/et\/wp-json\/wp\/v2\/types\/product"}],"replies":[{"embeddable":true,"href":"https:\/\/glamuur.ee\/et\/wp-json\/wp\/v2\/comments?post=277650"}],"wp:featuredmedia":[{"embeddable":true,"href":"https:\/\/glamuur.ee\/et\/wp-json\/wp\/v2\/media\/277651"}],"wp:attachment":[{"href":"https:\/\/glamuur.ee\/et\/wp-json\/wp\/v2\/media?parent=277650"}],"wp:term":[{"taxonomy":"product_brand","embeddable":true,"href":"https:\/\/glamuur.ee\/et\/wp-json\/wp\/v2\/product_brand?post=277650"},{"taxonomy":"product_cat","embeddable":true,"href":"https:\/\/glamuur.ee\/et\/wp-json\/wp\/v2\/product_cat?post=277650"},{"taxonomy":"product_tag","embeddable":true,"href":"https:\/\/glamuur.ee\/et\/wp-json\/wp\/v2\/product_tag?post=277650"},{"taxonomy":"giftcard-category","embeddable":true,"href":"https:\/\/glamuur.ee\/et\/wp-json\/wp\/v2\/giftcard-category?post=277650"}],"curies":[{"name":"wp","href":"https:\/\/api.w.org\/{rel}","templated":true}]}}