{"id":277613,"date":"2025-05-27T16:49:49","date_gmt":"2025-05-27T13:49:49","guid":{"rendered":"https:\/\/glamuur.ee\/?post_type=product&#038;p=277613"},"modified":"2026-02-05T22:32:25","modified_gmt":"2026-02-05T20:32:25","slug":"ania-haie-kaelakee-8","status":"publish","type":"product","link":"https:\/\/glamuur.ee\/et\/product\/ania-haie-necklace-8\/","title":{"rendered":"Ania Haie Necklace N069-01H"},"content":{"rendered":"<p>V\u00f5tke omaks selle hooaja kuumim trend, kus elegantsus kohtub kaasaegse servaga, ja paistke silma selle kuubikujulise kaelakee abil. S\u00e4delevate kuubikute ja k\u00fc\u00fcnarvarrete kombinatsioon lisab moodsat v\u00e4\u00e4net, p\u00f6\u00f6rates pead nii voolava kleidi kui ka r\u00e4tsepa\u00fclikonnaga kombineerituna. Mitmek\u00fclgse ja pilkup\u00fc\u00fcdva v\u00e4limuse saavutamiseks kombineeri teiste kettidega.<br \/>\nKaelakee pikkus = 43m<br \/>\nPikendusosa pikkus = 5cm<br \/>\nKogupikkus = 48cm<br \/>\nKuubilise tsirkooniumi suurus = 4*6mm, kogus = 1<\/p>","protected":false},"excerpt":{"rendered":"<p>Embrace this season&#8217;s hottest trend where elegance meets contemporary edge and stand out with this cube necklace. The combination of sparkling cube and a claw setting adds a modern twist, turning heads whether paired with a flowy dress or a tailored suit. Mix and match&#8230;<\/p>","protected":false},"featured_media":277614,"comment_status":"open","ping_status":"closed","template":"","meta":{"jetpack_post_was_ever_published":false},"product_brand":[],"product_cat":[200,965,202,727],"product_tag":[],"giftcard-category":[],"class_list":{"0":"post-277613","1":"product","2":"type-product","3":"status-publish","4":"has-post-thumbnail","6":"product_cat-ania-haie","7":"product_cat-ania-haie-aw25","8":"product_cat-ania-haie-necklace","9":"product_cat-necklaces","10":"pa_material-silver","11":"pa_metal-color-silver","12":"pa_product-brand-ania-haie","13":"pa_stone-color-white","14":"pa_type-category-necklaces","16":"first","17":"instock","18":"taxable","19":"shipping-taxable","20":"purchasable","21":"product-type-simple"},"bundled_by":[],"bundle_stock_status":"instock","bundle_stock_quantity":4,"bundle_virtual":false,"bundle_layout":"","bundle_add_to_cart_form_location":"","bundle_editable_in_cart":false,"bundle_sold_individually_context":"","bundle_item_grouping":"","bundle_min_size":"","bundle_max_size":"","bundle_price":[],"bundled_items":[],"bundle_sell_ids":[],"etheme_brands":{"errors":{"invalid_taxonomy":["Lubamatu taksonoomia."]},"error_data":[]},"_links":{"self":[{"href":"https:\/\/glamuur.ee\/et\/wp-json\/wp\/v2\/product\/277613","targetHints":{"allow":["GET"]}}],"collection":[{"href":"https:\/\/glamuur.ee\/et\/wp-json\/wp\/v2\/product"}],"about":[{"href":"https:\/\/glamuur.ee\/et\/wp-json\/wp\/v2\/types\/product"}],"replies":[{"embeddable":true,"href":"https:\/\/glamuur.ee\/et\/wp-json\/wp\/v2\/comments?post=277613"}],"wp:featuredmedia":[{"embeddable":true,"href":"https:\/\/glamuur.ee\/et\/wp-json\/wp\/v2\/media\/277614"}],"wp:attachment":[{"href":"https:\/\/glamuur.ee\/et\/wp-json\/wp\/v2\/media?parent=277613"}],"wp:term":[{"taxonomy":"product_brand","embeddable":true,"href":"https:\/\/glamuur.ee\/et\/wp-json\/wp\/v2\/product_brand?post=277613"},{"taxonomy":"product_cat","embeddable":true,"href":"https:\/\/glamuur.ee\/et\/wp-json\/wp\/v2\/product_cat?post=277613"},{"taxonomy":"product_tag","embeddable":true,"href":"https:\/\/glamuur.ee\/et\/wp-json\/wp\/v2\/product_tag?post=277613"},{"taxonomy":"giftcard-category","embeddable":true,"href":"https:\/\/glamuur.ee\/et\/wp-json\/wp\/v2\/giftcard-category?post=277613"}],"curies":[{"name":"wp","href":"https:\/\/api.w.org\/{rel}","templated":true}]}}