{"id":277605,"date":"2025-05-27T16:49:46","date_gmt":"2025-05-27T13:49:46","guid":{"rendered":"https:\/\/glamuur.ee\/?post_type=product&#038;p=277605"},"modified":"2026-02-05T22:29:49","modified_gmt":"2026-02-05T20:29:49","slug":"ania-haie-korvarongad-15","status":"publish","type":"product","link":"https:\/\/glamuur.ee\/et\/product\/ania-haie-earrings-15\/","title":{"rendered":"Ania Haie Earrings E066-09H"},"content":{"rendered":"<p>Astu selle hooaja must-have trendiga taevase romantika maailma! Inspireeritud t\u00e4hes\u00fcmbolite m\u00fcstikast, on need kallistused k\u00f6itnud k\u00f5igi t\u00e4helepanu. Keerukas disain meenutab \u00f6ise taeva v\u00f5lu, lisades igale v\u00e4limusele eeterliku ja moodsa p\u00f6\u00f6rde. V\u00f5ta omaks taevaste elementide r\u00f5\u00f5m ja elegants, kui s\u00e4rad igas hetkes.<br \/>\nR\u00f5nga l\u00e4bim\u00f5\u00f5t = 9.5mm<br \/>\nR\u00f5nga laius = 7mm<br \/>\nR\u00f5nga paksus = 2mm<br \/>\nKuubilise tsirkooniumi suurus = 0.9mm, kogus = 4<br \/>\nKuubilise tsirkooniumi suurus = 1.2mm, kogus = 4<br \/>\nKuubilise tsirkooniumi suurus = 1.5mm, kogus = 4<br \/>\nKuubilise tsirkooniumi suurus = 1.6mm, kogus = 2<br \/>\nKuubilise tsirkooniumi suurus = 1.8mm, kogus = 2<br \/>\nKuubilise tsirkooniumi suurus = 2mm, kogus = 2<\/p>","protected":false},"excerpt":{"rendered":"<p>Step into the world of celestial romance with this season\u2019s must-have trend! Inspired by the mystique of star symbols, these huggies have captivated everyone&#8217;s attention. The intricate design evokes the allure of the night sky, adding an ethereal and modern twist to any look. Embrace&#8230;<\/p>","protected":false},"featured_media":277606,"comment_status":"open","ping_status":"closed","template":"","meta":{"jetpack_post_was_ever_published":false},"product_brand":[],"product_cat":[200,965,201,725],"product_tag":[],"giftcard-category":[],"class_list":{"0":"post-277605","1":"product","2":"type-product","3":"status-publish","4":"has-post-thumbnail","6":"product_cat-ania-haie","7":"product_cat-ania-haie-aw25","8":"product_cat-ania-haie-earrings","9":"product_cat-earrings","10":"pa_material-silver","11":"pa_metal-color-silver","12":"pa_product-brand-ania-haie","13":"pa_stone-color-white","14":"pa_type-category-earrings","16":"first","17":"instock","18":"taxable","19":"shipping-taxable","20":"purchasable","21":"product-type-simple"},"bundled_by":[],"bundle_stock_status":"instock","bundle_stock_quantity":4,"bundle_virtual":false,"bundle_layout":"","bundle_add_to_cart_form_location":"","bundle_editable_in_cart":false,"bundle_sold_individually_context":"","bundle_item_grouping":"","bundle_min_size":"","bundle_max_size":"","bundle_price":[],"bundled_items":[],"bundle_sell_ids":[],"etheme_brands":{"errors":{"invalid_taxonomy":["Lubamatu taksonoomia."]},"error_data":[]},"_links":{"self":[{"href":"https:\/\/glamuur.ee\/et\/wp-json\/wp\/v2\/product\/277605","targetHints":{"allow":["GET"]}}],"collection":[{"href":"https:\/\/glamuur.ee\/et\/wp-json\/wp\/v2\/product"}],"about":[{"href":"https:\/\/glamuur.ee\/et\/wp-json\/wp\/v2\/types\/product"}],"replies":[{"embeddable":true,"href":"https:\/\/glamuur.ee\/et\/wp-json\/wp\/v2\/comments?post=277605"}],"wp:featuredmedia":[{"embeddable":true,"href":"https:\/\/glamuur.ee\/et\/wp-json\/wp\/v2\/media\/277606"}],"wp:attachment":[{"href":"https:\/\/glamuur.ee\/et\/wp-json\/wp\/v2\/media?parent=277605"}],"wp:term":[{"taxonomy":"product_brand","embeddable":true,"href":"https:\/\/glamuur.ee\/et\/wp-json\/wp\/v2\/product_brand?post=277605"},{"taxonomy":"product_cat","embeddable":true,"href":"https:\/\/glamuur.ee\/et\/wp-json\/wp\/v2\/product_cat?post=277605"},{"taxonomy":"product_tag","embeddable":true,"href":"https:\/\/glamuur.ee\/et\/wp-json\/wp\/v2\/product_tag?post=277605"},{"taxonomy":"giftcard-category","embeddable":true,"href":"https:\/\/glamuur.ee\/et\/wp-json\/wp\/v2\/giftcard-category?post=277605"}],"curies":[{"name":"wp","href":"https:\/\/api.w.org\/{rel}","templated":true}]}}