{"id":277597,"date":"2025-05-27T16:49:40","date_gmt":"2025-05-27T13:49:40","guid":{"rendered":"https:\/\/glamuur.ee\/?post_type=product&#038;p=277597"},"modified":"2026-02-05T22:29:54","modified_gmt":"2026-02-05T20:29:54","slug":"ania-haie-korvarongad-13","status":"publish","type":"product","link":"https:\/\/glamuur.ee\/et\/product\/ania-haie-earrings-13\/","title":{"rendered":"Ania Haie Earrings E067-11H"},"content":{"rendered":"<p>V\u00e4rskenda oma k\u00f5rvar\u00f5ngaid sel hooajal meie k\u00f5rvar\u00f5ngastega. Tilgakujundus lisab kaasaegset elegantsi. Sobib ideaalselt silmatorkava v\u00e4limuse loomiseks, kui seda teiste esemetega kombineerida. Laske oma stiilil s\u00e4rada ja j\u00e4\u00e4ge moek\u00f5verast ettepoole.<br \/>\nR\u00f5nga l\u00e4bim\u00f5\u00f5t = 9mm<br \/>\nR\u00f5nga laius = 2.6mm<br \/>\nCharm suurus = 36.5*5.8mm<br \/>\nKuubilise tsirkooniumi suurus = 0.9mm, kogus = 10<br \/>\nKuubilise tsirkooniumi suurus = 1mm, kogus = 8<br \/>\nKuubilise tsirkooniumi suurus = 1.1mm, kogus = 8<br \/>\nKuubilise tsirkooniumi suurus = 1.2mm, kogus = 2<\/p>","protected":false},"excerpt":{"rendered":"<p>Refresh your ear stack this season with our drop earrings. The droplet design adds a touch of modern flair. Perfect for creating a striking look when stacked with other pieces. Let your style shine and stay ahead of the fashion curve. Hoop Diameter = 9mm&#8230;<\/p>","protected":false},"featured_media":277598,"comment_status":"open","ping_status":"closed","template":"","meta":{"jetpack_post_was_ever_published":false},"product_brand":[],"product_cat":[200,965,201,725],"product_tag":[],"giftcard-category":[],"class_list":{"0":"post-277597","1":"product","2":"type-product","3":"status-publish","4":"has-post-thumbnail","6":"product_cat-ania-haie","7":"product_cat-ania-haie-aw25","8":"product_cat-ania-haie-earrings","9":"product_cat-earrings","10":"pa_material-silver","11":"pa_metal-color-silver","12":"pa_product-brand-ania-haie","13":"pa_stone-color-white","14":"pa_type-category-earrings","16":"first","17":"instock","18":"taxable","19":"shipping-taxable","20":"purchasable","21":"product-type-simple"},"bundled_by":[],"bundle_stock_status":"instock","bundle_stock_quantity":5,"bundle_virtual":false,"bundle_layout":"","bundle_add_to_cart_form_location":"","bundle_editable_in_cart":false,"bundle_sold_individually_context":"","bundle_item_grouping":"","bundle_min_size":"","bundle_max_size":"","bundle_price":[],"bundled_items":[],"bundle_sell_ids":[],"etheme_brands":{"errors":{"invalid_taxonomy":["Lubamatu taksonoomia."]},"error_data":[]},"_links":{"self":[{"href":"https:\/\/glamuur.ee\/et\/wp-json\/wp\/v2\/product\/277597","targetHints":{"allow":["GET"]}}],"collection":[{"href":"https:\/\/glamuur.ee\/et\/wp-json\/wp\/v2\/product"}],"about":[{"href":"https:\/\/glamuur.ee\/et\/wp-json\/wp\/v2\/types\/product"}],"replies":[{"embeddable":true,"href":"https:\/\/glamuur.ee\/et\/wp-json\/wp\/v2\/comments?post=277597"}],"wp:featuredmedia":[{"embeddable":true,"href":"https:\/\/glamuur.ee\/et\/wp-json\/wp\/v2\/media\/277598"}],"wp:attachment":[{"href":"https:\/\/glamuur.ee\/et\/wp-json\/wp\/v2\/media?parent=277597"}],"wp:term":[{"taxonomy":"product_brand","embeddable":true,"href":"https:\/\/glamuur.ee\/et\/wp-json\/wp\/v2\/product_brand?post=277597"},{"taxonomy":"product_cat","embeddable":true,"href":"https:\/\/glamuur.ee\/et\/wp-json\/wp\/v2\/product_cat?post=277597"},{"taxonomy":"product_tag","embeddable":true,"href":"https:\/\/glamuur.ee\/et\/wp-json\/wp\/v2\/product_tag?post=277597"},{"taxonomy":"giftcard-category","embeddable":true,"href":"https:\/\/glamuur.ee\/et\/wp-json\/wp\/v2\/giftcard-category?post=277597"}],"curies":[{"name":"wp","href":"https:\/\/api.w.org\/{rel}","templated":true}]}}