{"id":277581,"date":"2025-05-27T16:49:32","date_gmt":"2025-05-27T13:49:32","guid":{"rendered":"https:\/\/glamuur.ee\/?post_type=product&#038;p=277581"},"modified":"2026-02-05T22:29:56","modified_gmt":"2026-02-05T20:29:56","slug":"ania-haie-korvarongad-9","status":"publish","type":"product","link":"https:\/\/glamuur.ee\/et\/product\/ania-haie-earrings-9\/","title":{"rendered":"Ania Haie Earrings E069-03H"},"content":{"rendered":"<p>Kas olete valmis omaks v\u00f5tma hooaja k\u00f5ige populaarsema trendi? Need silmatorkavad k\u00f5rvatagid on iseloomuliku disainiga, mis \u00fchendab endas moodsa rafineerituse ja ajatu v\u00f5lu. Need k\u00f5rvar\u00f5ngad sobivad ideaalselt nii igap\u00e4evaseks kandmiseks kui ka erilisteks s\u00fcndmusteks ja p\u00f6\u00f6ravad kindlasti t\u00e4helepanu, s\u00e4ilitades samas tagasihoidliku elegantsi. Silmapaistva v\u00e4limuse loomiseks sobitage neid teiste n\u00f6\u00f6pide, r\u00f5ngaste ja k\u00f5rvar\u00f5ngastega.<br \/>\nK\u00f5rvar\u00f5nga pikkus = 22mm<br \/>\nK\u00f5rvar\u00f5nga laius = 4mm<br \/>\nKuubilise tsirkooniumi suurus = 0.9mm, kogus = 6<br \/>\nKuubilise tsirkooniumi suurus = 1mm, kogus = 14<br \/>\nKuubilise tsirkooniumi suurus = 1.1mm, kogus = 6<br \/>\nKuubilise tsirkooniumi suurus = 1.2mm, kogus = 20<\/p>","protected":false},"excerpt":{"rendered":"<p>Ready to embrace the season&#8217;s most popular trend? These striking ear jackets feature a distinctive design that blends modern sophistication with timeless charm. Perfect for both everyday wear and special occasions, these earrings are sure to turn heads while maintaining an understated elegance. Mix and&#8230;<\/p>","protected":false},"featured_media":277582,"comment_status":"open","ping_status":"closed","template":"","meta":{"jetpack_post_was_ever_published":false},"product_brand":[],"product_cat":[200,965,201,725],"product_tag":[],"giftcard-category":[],"class_list":{"0":"post-277581","1":"product","2":"type-product","3":"status-publish","4":"has-post-thumbnail","6":"product_cat-ania-haie","7":"product_cat-ania-haie-aw25","8":"product_cat-ania-haie-earrings","9":"product_cat-earrings","10":"pa_material-silver","11":"pa_metal-color-silver","12":"pa_product-brand-ania-haie","13":"pa_stone-color-white","14":"pa_type-category-earrings","16":"first","17":"instock","18":"taxable","19":"shipping-taxable","20":"purchasable","21":"product-type-simple"},"bundled_by":[],"bundle_stock_status":"instock","bundle_stock_quantity":5,"bundle_virtual":false,"bundle_layout":"","bundle_add_to_cart_form_location":"","bundle_editable_in_cart":false,"bundle_sold_individually_context":"","bundle_item_grouping":"","bundle_min_size":"","bundle_max_size":"","bundle_price":[],"bundled_items":[],"bundle_sell_ids":[],"etheme_brands":{"errors":{"invalid_taxonomy":["Lubamatu taksonoomia."]},"error_data":[]},"_links":{"self":[{"href":"https:\/\/glamuur.ee\/et\/wp-json\/wp\/v2\/product\/277581","targetHints":{"allow":["GET"]}}],"collection":[{"href":"https:\/\/glamuur.ee\/et\/wp-json\/wp\/v2\/product"}],"about":[{"href":"https:\/\/glamuur.ee\/et\/wp-json\/wp\/v2\/types\/product"}],"replies":[{"embeddable":true,"href":"https:\/\/glamuur.ee\/et\/wp-json\/wp\/v2\/comments?post=277581"}],"wp:featuredmedia":[{"embeddable":true,"href":"https:\/\/glamuur.ee\/et\/wp-json\/wp\/v2\/media\/277582"}],"wp:attachment":[{"href":"https:\/\/glamuur.ee\/et\/wp-json\/wp\/v2\/media?parent=277581"}],"wp:term":[{"taxonomy":"product_brand","embeddable":true,"href":"https:\/\/glamuur.ee\/et\/wp-json\/wp\/v2\/product_brand?post=277581"},{"taxonomy":"product_cat","embeddable":true,"href":"https:\/\/glamuur.ee\/et\/wp-json\/wp\/v2\/product_cat?post=277581"},{"taxonomy":"product_tag","embeddable":true,"href":"https:\/\/glamuur.ee\/et\/wp-json\/wp\/v2\/product_tag?post=277581"},{"taxonomy":"giftcard-category","embeddable":true,"href":"https:\/\/glamuur.ee\/et\/wp-json\/wp\/v2\/giftcard-category?post=277581"}],"curies":[{"name":"wp","href":"https:\/\/api.w.org\/{rel}","templated":true}]}}