{"id":277573,"date":"2025-05-27T16:49:30","date_gmt":"2025-05-27T13:49:30","guid":{"rendered":"https:\/\/glamuur.ee\/?post_type=product&#038;p=277573"},"modified":"2026-05-01T13:40:07","modified_gmt":"2026-05-01T10:40:07","slug":"ania-haie-korva-volu-3","status":"publish","type":"product","link":"https:\/\/glamuur.ee\/et\/product\/ania-haie-ear-charm-3\/","title":{"rendered":"Ania Haie Ear Charm EC055-01G"},"content":{"rendered":"<p>T\u00f5sta oma r\u00f5ngad ja kallistused hetkega esile selle silmatorkava ovaalse k\u00f5rvar\u00f5ngaga, mis on valmistatud 14 kt kullatud h\u00f5bedast ja millel on v\u00e4rske sinine akaatkivi. Lihtsalt libistage see lummus oma r\u00f5ngale, luues t\u00e4iusliku hooajalise v\u00e4rviga k\u00f5rvar\u00f5nga. Kombineerige neid oma lemmikk\u00f5rvar\u00f5ngaste ja n\u00f6\u00f6pidega.<br \/>\nv\u00f5lu = 10*8mm<br \/>\nr\u00f5nga l\u00e4bim\u00f5\u00f5t = 3.5mm<br \/>\nLoodud sinine akaat = 6.8*4.5*3.5mm<br \/>\nKogus = 1<\/p>","protected":false},"excerpt":{"rendered":"<p>Elevate your hoops and huggies in an instant with this striking oval earring charm, crafted in 14kt gold-plated sterling silver and featuring a fresh blue agate stone. Simply slip the charm onto your hoop, creating a drop earring with the perfect touch of seasonal colour&#8230;.<\/p>","protected":false},"featured_media":277574,"comment_status":"open","ping_status":"closed","template":"","meta":{"jetpack_post_was_ever_published":false},"product_brand":[],"product_cat":[200,965,712,728,1626],"product_tag":[],"giftcard-category":[],"class_list":{"0":"post-277573","1":"product","2":"type-product","3":"status-publish","4":"has-post-thumbnail","6":"product_cat-ania-haie","7":"product_cat-ania-haie-aw25","8":"product_cat-ania-haie-ear-charms","9":"product_cat-ear-charms","10":"product_cat-under-40","11":"pa_material-silver","12":"pa_metal-color-yellow-gold","13":"pa_product-brand-ania-haie","14":"pa_stone-color-purple","15":"pa_type-category-charms","17":"first","18":"instock","19":"sale","20":"taxable","21":"shipping-taxable","22":"purchasable","23":"product-type-simple"},"bundled_by":[],"bundle_stock_status":"instock","bundle_stock_quantity":2,"bundle_virtual":false,"bundle_layout":"","bundle_add_to_cart_form_location":"","bundle_editable_in_cart":false,"bundle_sold_individually_context":"","bundle_item_grouping":"","bundle_min_size":"","bundle_max_size":"","bundle_price":[],"bundled_items":[],"bundle_sell_ids":[],"etheme_brands":{"errors":{"invalid_taxonomy":["Lubamatu taksonoomia."]},"error_data":[]},"_links":{"self":[{"href":"https:\/\/glamuur.ee\/et\/wp-json\/wp\/v2\/product\/277573","targetHints":{"allow":["GET"]}}],"collection":[{"href":"https:\/\/glamuur.ee\/et\/wp-json\/wp\/v2\/product"}],"about":[{"href":"https:\/\/glamuur.ee\/et\/wp-json\/wp\/v2\/types\/product"}],"replies":[{"embeddable":true,"href":"https:\/\/glamuur.ee\/et\/wp-json\/wp\/v2\/comments?post=277573"}],"wp:featuredmedia":[{"embeddable":true,"href":"https:\/\/glamuur.ee\/et\/wp-json\/wp\/v2\/media\/277574"}],"wp:attachment":[{"href":"https:\/\/glamuur.ee\/et\/wp-json\/wp\/v2\/media?parent=277573"}],"wp:term":[{"taxonomy":"product_brand","embeddable":true,"href":"https:\/\/glamuur.ee\/et\/wp-json\/wp\/v2\/product_brand?post=277573"},{"taxonomy":"product_cat","embeddable":true,"href":"https:\/\/glamuur.ee\/et\/wp-json\/wp\/v2\/product_cat?post=277573"},{"taxonomy":"product_tag","embeddable":true,"href":"https:\/\/glamuur.ee\/et\/wp-json\/wp\/v2\/product_tag?post=277573"},{"taxonomy":"giftcard-category","embeddable":true,"href":"https:\/\/glamuur.ee\/et\/wp-json\/wp\/v2\/giftcard-category?post=277573"}],"curies":[{"name":"wp","href":"https:\/\/api.w.org\/{rel}","templated":true}]}}