{"id":277569,"date":"2025-05-27T16:49:28","date_gmt":"2025-05-27T13:49:28","guid":{"rendered":"https:\/\/glamuur.ee\/?post_type=product&#038;p=277569"},"modified":"2026-02-05T22:32:23","modified_gmt":"2026-02-05T20:32:23","slug":"ania-haie-kaelakee-7","status":"publish","type":"product","link":"https:\/\/glamuur.ee\/et\/product\/ania-haie-necklace-7\/","title":{"rendered":"Ania Haie Necklace N067-03G"},"content":{"rendered":"<p>Kas oled valmis sel hooajal maailma vastu v\u00f5tma? V\u00f5tke omaks oma sisemine tugevus ja enesekindlus selle kilbikaelakee abil. M\u00f5eldud kartmatule naisele, kes n\u00f5uab t\u00e4helepanu. Kilbi disain \u00fchendab tugevat, v\u00f5imsat siluetti pehme puudutusega, luues t\u00e4iusliku tasakaalu tugevuse ja elegantsi vahel. Kombineeri seda teiste kettidega, et teha julge avaldus ja v\u00e4ljendada oma ainulaadset isiksust.<br \/>\nKaelakee pikkus = 45cm<br \/>\nPikendusosa pikkus = 5cm<br \/>\nKogupikkus = 50cm<br \/>\nS\u00fcdame suurus = 15*14.5mm<\/p>","protected":false},"excerpt":{"rendered":"<p>Ready to take on the world this season? Embrace your inner strength and confidence with this shield necklace. Designed for the fearless woman who commands attention. The shield design blends strong, powerful silhouettes with a touch of softness, creating a perfect balance of strength and&#8230;<\/p>","protected":false},"featured_media":277570,"comment_status":"open","ping_status":"closed","template":"","meta":{"jetpack_post_was_ever_published":false},"product_brand":[],"product_cat":[200,965,202,727],"product_tag":[],"giftcard-category":[],"class_list":{"0":"post-277569","1":"product","2":"type-product","3":"status-publish","4":"has-post-thumbnail","6":"product_cat-ania-haie","7":"product_cat-ania-haie-aw25","8":"product_cat-ania-haie-necklace","9":"product_cat-necklaces","10":"pa_material-silver","11":"pa_metal-color-yellow-gold","12":"pa_product-brand-ania-haie","13":"pa_stone-color-without-stones","14":"pa_type-category-necklaces","16":"first","17":"instock","18":"taxable","19":"shipping-taxable","20":"purchasable","21":"product-type-simple"},"bundled_by":[],"bundle_stock_status":"instock","bundle_stock_quantity":4,"bundle_virtual":false,"bundle_layout":"","bundle_add_to_cart_form_location":"","bundle_editable_in_cart":false,"bundle_sold_individually_context":"","bundle_item_grouping":"","bundle_min_size":"","bundle_max_size":"","bundle_price":[],"bundled_items":[],"bundle_sell_ids":[],"etheme_brands":{"errors":{"invalid_taxonomy":["Lubamatu taksonoomia."]},"error_data":[]},"_links":{"self":[{"href":"https:\/\/glamuur.ee\/et\/wp-json\/wp\/v2\/product\/277569","targetHints":{"allow":["GET"]}}],"collection":[{"href":"https:\/\/glamuur.ee\/et\/wp-json\/wp\/v2\/product"}],"about":[{"href":"https:\/\/glamuur.ee\/et\/wp-json\/wp\/v2\/types\/product"}],"replies":[{"embeddable":true,"href":"https:\/\/glamuur.ee\/et\/wp-json\/wp\/v2\/comments?post=277569"}],"wp:featuredmedia":[{"embeddable":true,"href":"https:\/\/glamuur.ee\/et\/wp-json\/wp\/v2\/media\/277570"}],"wp:attachment":[{"href":"https:\/\/glamuur.ee\/et\/wp-json\/wp\/v2\/media?parent=277569"}],"wp:term":[{"taxonomy":"product_brand","embeddable":true,"href":"https:\/\/glamuur.ee\/et\/wp-json\/wp\/v2\/product_brand?post=277569"},{"taxonomy":"product_cat","embeddable":true,"href":"https:\/\/glamuur.ee\/et\/wp-json\/wp\/v2\/product_cat?post=277569"},{"taxonomy":"product_tag","embeddable":true,"href":"https:\/\/glamuur.ee\/et\/wp-json\/wp\/v2\/product_tag?post=277569"},{"taxonomy":"giftcard-category","embeddable":true,"href":"https:\/\/glamuur.ee\/et\/wp-json\/wp\/v2\/giftcard-category?post=277569"}],"curies":[{"name":"wp","href":"https:\/\/api.w.org\/{rel}","templated":true}]}}