{"id":277565,"date":"2025-05-27T16:49:26","date_gmt":"2025-05-27T13:49:26","guid":{"rendered":"https:\/\/glamuur.ee\/?post_type=product&#038;p=277565"},"modified":"2026-03-09T18:55:04","modified_gmt":"2026-03-09T16:55:04","slug":"ania-haie-korvarongad-8","status":"publish","type":"product","link":"https:\/\/glamuur.ee\/et\/product\/ania-haie-earrings-8\/","title":{"rendered":"Ania Haie Earrings E067-10G"},"content":{"rendered":"<p>Kas oled valmis sel hooajal maailma vastu v\u00f5tma? V\u00f5tke omaks oma sisemine tugevus ja enesekindlus nende kilbihaljastajatega. M\u00f5eldud kartmatule naisele, kes n\u00f5uab t\u00e4helepanu. Kombineeri ja sobita teiste n\u00f6\u00f6pide, huggies ja r\u00f5ngastega, et anda endast m\u00e4rku.<br \/>\nK\u00f5rvar\u00f5nga pikkus = 18mm<br \/>\nK\u00f5rvar\u00f5nga laius = 5.3mm<\/p>","protected":false},"excerpt":{"rendered":"<p>Ready to take on the world this season? Embrace your inner strength and confidence with these shield huggies. Designed for the fearless woman who commands attention. Mix and match with other studs, huggies and hoops to making a statement. Earring Length = 18mm Earring Width&#8230;<\/p>","protected":false},"featured_media":277566,"comment_status":"open","ping_status":"closed","template":"","meta":{"jetpack_post_was_ever_published":false},"product_brand":[],"product_cat":[200,965,201,725],"product_tag":[],"giftcard-category":[],"class_list":{"0":"post-277565","1":"product","2":"type-product","3":"status-publish","4":"has-post-thumbnail","6":"product_cat-ania-haie","7":"product_cat-ania-haie-aw25","8":"product_cat-ania-haie-earrings","9":"product_cat-earrings","10":"pa_material-silver","11":"pa_metal-color-yellow-gold","12":"pa_product-brand-ania-haie","13":"pa_stone-color-without-stones","14":"pa_type-category-earrings","16":"first","17":"instock","18":"taxable","19":"shipping-taxable","20":"purchasable","21":"product-type-simple"},"bundled_by":[],"bundle_stock_status":"instock","bundle_stock_quantity":2,"bundle_virtual":false,"bundle_layout":"","bundle_add_to_cart_form_location":"","bundle_editable_in_cart":false,"bundle_sold_individually_context":"","bundle_item_grouping":"","bundle_min_size":"","bundle_max_size":"","bundle_price":[],"bundled_items":[],"bundle_sell_ids":[],"etheme_brands":{"errors":{"invalid_taxonomy":["Lubamatu taksonoomia."]},"error_data":[]},"_links":{"self":[{"href":"https:\/\/glamuur.ee\/et\/wp-json\/wp\/v2\/product\/277565","targetHints":{"allow":["GET"]}}],"collection":[{"href":"https:\/\/glamuur.ee\/et\/wp-json\/wp\/v2\/product"}],"about":[{"href":"https:\/\/glamuur.ee\/et\/wp-json\/wp\/v2\/types\/product"}],"replies":[{"embeddable":true,"href":"https:\/\/glamuur.ee\/et\/wp-json\/wp\/v2\/comments?post=277565"}],"wp:featuredmedia":[{"embeddable":true,"href":"https:\/\/glamuur.ee\/et\/wp-json\/wp\/v2\/media\/277566"}],"wp:attachment":[{"href":"https:\/\/glamuur.ee\/et\/wp-json\/wp\/v2\/media?parent=277565"}],"wp:term":[{"taxonomy":"product_brand","embeddable":true,"href":"https:\/\/glamuur.ee\/et\/wp-json\/wp\/v2\/product_brand?post=277565"},{"taxonomy":"product_cat","embeddable":true,"href":"https:\/\/glamuur.ee\/et\/wp-json\/wp\/v2\/product_cat?post=277565"},{"taxonomy":"product_tag","embeddable":true,"href":"https:\/\/glamuur.ee\/et\/wp-json\/wp\/v2\/product_tag?post=277565"},{"taxonomy":"giftcard-category","embeddable":true,"href":"https:\/\/glamuur.ee\/et\/wp-json\/wp\/v2\/giftcard-category?post=277565"}],"curies":[{"name":"wp","href":"https:\/\/api.w.org\/{rel}","templated":true}]}}