{"id":277549,"date":"2025-08-27T13:13:17","date_gmt":"2025-08-27T10:13:17","guid":{"rendered":"https:\/\/glamuur.ee\/?post_type=product&#038;p=277549"},"modified":"2026-04-15T14:18:40","modified_gmt":"2026-04-15T11:18:40","slug":"ania-haie-earring-2","status":"publish","type":"product","link":"https:\/\/glamuur.ee\/et\/product\/ania-haie-earring-2\/","title":{"rendered":"Ania Haie Earring E066-01G"},"content":{"rendered":"<p>Inspired by the rhythm of life, this beaded ear cuff allows you to create your own melody, just as a poet weaves words into a poem. Style it with huggies, hoops, and studs to complete your look. Ideal for those who appreciate subtle beauty and spiritual enjoyment.<br \/>\nK\u00f5rvar\u00f5nga l\u00e4bim\u00f5\u00f5t = 8.5mm<br \/>\nK\u00f5rvar\u00f5nga laius = 2mm<br \/>\nThickness = 2mm<\/p>","protected":false},"excerpt":{"rendered":"<p>Inspired by the rhythm of life, this beaded ear cuff allows you to create your own melody, just as a poet weaves words into a poem. Style it with huggies, hoops, and studs to complete your look. Ideal for those who appreciate subtle beauty and&#8230;<\/p>","protected":false},"featured_media":277550,"comment_status":"open","ping_status":"closed","template":"","meta":{"jetpack_post_was_ever_published":true},"product_brand":[1498],"product_cat":[200,965,204,201,1510,725,1626],"product_tag":[1058],"giftcard-category":[],"class_list":{"0":"post-277549","1":"product","2":"type-product","3":"status-publish","4":"has-post-thumbnail","6":"product_brand-ania-haie","7":"product_cat-ania-haie","8":"product_cat-ania-haie-aw25","9":"product_cat-ania-haie-ear-cuffs","10":"product_cat-ania-haie-earrings","11":"product_cat-ear-cuff","12":"product_cat-earrings","13":"product_cat-under-40","14":"product_tag-alla-30","15":"pa_material-silver","16":"pa_metal-color-yellow-gold","17":"pa_product-brand-ania-haie","18":"pa_stone-color-without-stones","19":"pa_type-category-earcuff","21":"first","22":"instock","23":"taxable","24":"shipping-taxable","25":"purchasable","26":"product-type-simple"},"bundled_by":[],"bundle_stock_status":"instock","bundle_stock_quantity":3,"bundle_virtual":false,"bundle_layout":"","bundle_add_to_cart_form_location":"","bundle_editable_in_cart":false,"bundle_sold_individually_context":"","bundle_item_grouping":"","bundle_min_size":"","bundle_max_size":"","bundle_price":[],"bundled_items":[],"bundle_sell_ids":[],"etheme_brands":{"errors":{"invalid_taxonomy":["Lubamatu taksonoomia."]},"error_data":[]},"_links":{"self":[{"href":"https:\/\/glamuur.ee\/et\/wp-json\/wp\/v2\/product\/277549","targetHints":{"allow":["GET"]}}],"collection":[{"href":"https:\/\/glamuur.ee\/et\/wp-json\/wp\/v2\/product"}],"about":[{"href":"https:\/\/glamuur.ee\/et\/wp-json\/wp\/v2\/types\/product"}],"replies":[{"embeddable":true,"href":"https:\/\/glamuur.ee\/et\/wp-json\/wp\/v2\/comments?post=277549"}],"wp:featuredmedia":[{"embeddable":true,"href":"https:\/\/glamuur.ee\/et\/wp-json\/wp\/v2\/media\/277550"}],"wp:attachment":[{"href":"https:\/\/glamuur.ee\/et\/wp-json\/wp\/v2\/media?parent=277549"}],"wp:term":[{"taxonomy":"product_brand","embeddable":true,"href":"https:\/\/glamuur.ee\/et\/wp-json\/wp\/v2\/product_brand?post=277549"},{"taxonomy":"product_cat","embeddable":true,"href":"https:\/\/glamuur.ee\/et\/wp-json\/wp\/v2\/product_cat?post=277549"},{"taxonomy":"product_tag","embeddable":true,"href":"https:\/\/glamuur.ee\/et\/wp-json\/wp\/v2\/product_tag?post=277549"},{"taxonomy":"giftcard-category","embeddable":true,"href":"https:\/\/glamuur.ee\/et\/wp-json\/wp\/v2\/giftcard-category?post=277549"}],"curies":[{"name":"wp","href":"https:\/\/api.w.org\/{rel}","templated":true}]}}