{"id":277529,"date":"2025-05-27T16:49:04","date_gmt":"2025-05-27T13:49:04","guid":{"rendered":"https:\/\/glamuur.ee\/?post_type=product&#038;p=277529"},"modified":"2026-02-05T22:29:55","modified_gmt":"2026-02-05T20:29:55","slug":"ania-haie-korvarongad-39","status":"publish","type":"product","link":"https:\/\/glamuur.ee\/et\/product\/ania-haie-earrings\/","title":{"rendered":"Ania Haie Earrings E069-02H"},"content":{"rendered":"<p>V\u00f5ta omaks uusim m\u00e4nguline minimalismi trend nende silmatorkavate kallistustega. Sellel on paisutatud, kaasaegne disain, mis \u00fchendab klassikalise elegantsi kaasaegse v\u00e4\u00e4ndega. Sobib ideaalselt oma lemmikt\u00fckkidega kombineerimiseks, et luua s\u00e4rtsakas ja mitmek\u00fclgne stiil.<br \/>\nR\u00f5nga l\u00e4bim\u00f5\u00f5t = 8.5mm<br \/>\nR\u00f5nga laius = 2.7mm<\/p>","protected":false},"excerpt":{"rendered":"<p>Embrace the latest trend of playful minimalism with these striking huggies. It features a puffy, contemporary design that blends classic elegance with a modern twist. Perfect for mixing and matching with your favourite pieces to create an edgy, versatile style. Hoop Diameter = 8.5mm Hoop&#8230;<\/p>","protected":false},"featured_media":277530,"comment_status":"open","ping_status":"closed","template":"","meta":{"jetpack_post_was_ever_published":false},"product_brand":[],"product_cat":[200,965,201,725],"product_tag":[],"giftcard-category":[],"class_list":{"0":"post-277529","1":"product","2":"type-product","3":"status-publish","4":"has-post-thumbnail","6":"product_cat-ania-haie","7":"product_cat-ania-haie-aw25","8":"product_cat-ania-haie-earrings","9":"product_cat-earrings","10":"pa_material-silver","11":"pa_metal-color-silver","12":"pa_product-brand-ania-haie","13":"pa_stone-color-without-stones","14":"pa_type-category-earrings","16":"first","17":"instock","18":"taxable","19":"shipping-taxable","20":"purchasable","21":"product-type-simple"},"bundled_by":[],"bundle_stock_status":"instock","bundle_stock_quantity":9,"bundle_virtual":false,"bundle_layout":"","bundle_add_to_cart_form_location":"","bundle_editable_in_cart":false,"bundle_sold_individually_context":"","bundle_item_grouping":"","bundle_min_size":"","bundle_max_size":"","bundle_price":[],"bundled_items":[],"bundle_sell_ids":[],"etheme_brands":{"errors":{"invalid_taxonomy":["Lubamatu taksonoomia."]},"error_data":[]},"_links":{"self":[{"href":"https:\/\/glamuur.ee\/et\/wp-json\/wp\/v2\/product\/277529","targetHints":{"allow":["GET"]}}],"collection":[{"href":"https:\/\/glamuur.ee\/et\/wp-json\/wp\/v2\/product"}],"about":[{"href":"https:\/\/glamuur.ee\/et\/wp-json\/wp\/v2\/types\/product"}],"replies":[{"embeddable":true,"href":"https:\/\/glamuur.ee\/et\/wp-json\/wp\/v2\/comments?post=277529"}],"wp:featuredmedia":[{"embeddable":true,"href":"https:\/\/glamuur.ee\/et\/wp-json\/wp\/v2\/media\/277530"}],"wp:attachment":[{"href":"https:\/\/glamuur.ee\/et\/wp-json\/wp\/v2\/media?parent=277529"}],"wp:term":[{"taxonomy":"product_brand","embeddable":true,"href":"https:\/\/glamuur.ee\/et\/wp-json\/wp\/v2\/product_brand?post=277529"},{"taxonomy":"product_cat","embeddable":true,"href":"https:\/\/glamuur.ee\/et\/wp-json\/wp\/v2\/product_cat?post=277529"},{"taxonomy":"product_tag","embeddable":true,"href":"https:\/\/glamuur.ee\/et\/wp-json\/wp\/v2\/product_tag?post=277529"},{"taxonomy":"giftcard-category","embeddable":true,"href":"https:\/\/glamuur.ee\/et\/wp-json\/wp\/v2\/giftcard-category?post=277529"}],"curies":[{"name":"wp","href":"https:\/\/api.w.org\/{rel}","templated":true}]}}