{"id":275994,"date":"2025-04-09T16:15:17","date_gmt":"2025-04-09T13:15:17","guid":{"rendered":"https:\/\/glamuur.ee\/?post_type=product&#038;p=275994"},"modified":"2026-02-05T22:32:54","modified_gmt":"2026-02-05T20:32:54","slug":"ania-haie-ripats-4","status":"publish","type":"product","link":"https:\/\/glamuur.ee\/et\/product\/ania-haie-pendant-4\/","title":{"rendered":"Ania Haie Pendant NC055-09G"},"content":{"rendered":"<p>Kombineerides silmatorkavat musta emaili iriseva p\u00e4rlmutteriga, avastage see uue hooaja kaelakee ja k\u00e4ev\u00f5ru v\u00f5lusid. Kaunilt kujundatud s\u00fcdamed \u00fcle emaili \u00fchel k\u00fcljel ja uimastava p\u00e4rlmutteriga teisel k\u00fcljel on kaks v\u00e4limust \u00fches, mis sobib ideaalselt neile, kes armastavad oma ehetega loovalt \u00fcmber k\u00e4ia. Valmistatud 14 kt kullatud h\u00f5bedast, lisage lihtsalt \u00fcksk\u00f5ik millisele ahelale v\u00f5i k\u00e4ev\u00f5rule, et saavutada ainulaadne v\u00e4limus.<\/p>","protected":false},"excerpt":{"rendered":"<p>Combining striking black enamel with iridescent mother of pearl, discover this statement necklace and bracelet charm for the new season. With beautifully-crafted hearts over enamel on one side and stunning mother of pearl on the other, it&#8217;s two looks in one, perfect for those that&#8230;<\/p>","protected":false},"featured_media":275995,"comment_status":"open","ping_status":"closed","template":"","meta":{"jetpack_post_was_ever_published":false},"product_brand":[],"product_cat":[200,965,713,968,945,729,941],"product_tag":[],"giftcard-category":[],"class_list":{"0":"post-275994","1":"product","2":"type-product","3":"status-publish","4":"has-post-thumbnail","6":"product_cat-ania-haie","7":"product_cat-ania-haie-aw25","8":"product_cat-ania-haie-pendants","9":"product_cat-mothers-day-2025-ti-sento","10":"product_cat-pearls","11":"product_cat-pendants","12":"product_cat-valentines-day","13":"pa_material-silver","14":"pa_metal-color-yellow-gold","15":"pa_product-brand-ania-haie","16":"pa_stone-color-pearl","17":"pa_type-category-pendants","19":"first","20":"instock","21":"taxable","22":"shipping-taxable","23":"purchasable","24":"product-type-simple"},"bundled_by":[],"bundle_stock_status":"instock","bundle_stock_quantity":2,"bundle_virtual":false,"bundle_layout":"","bundle_add_to_cart_form_location":"","bundle_editable_in_cart":false,"bundle_sold_individually_context":"","bundle_item_grouping":"","bundle_min_size":"","bundle_max_size":"","bundle_price":[],"bundled_items":[],"bundle_sell_ids":[],"etheme_brands":{"errors":{"invalid_taxonomy":["Lubamatu taksonoomia."]},"error_data":[]},"_links":{"self":[{"href":"https:\/\/glamuur.ee\/et\/wp-json\/wp\/v2\/product\/275994","targetHints":{"allow":["GET"]}}],"collection":[{"href":"https:\/\/glamuur.ee\/et\/wp-json\/wp\/v2\/product"}],"about":[{"href":"https:\/\/glamuur.ee\/et\/wp-json\/wp\/v2\/types\/product"}],"replies":[{"embeddable":true,"href":"https:\/\/glamuur.ee\/et\/wp-json\/wp\/v2\/comments?post=275994"}],"wp:featuredmedia":[{"embeddable":true,"href":"https:\/\/glamuur.ee\/et\/wp-json\/wp\/v2\/media\/275995"}],"wp:attachment":[{"href":"https:\/\/glamuur.ee\/et\/wp-json\/wp\/v2\/media?parent=275994"}],"wp:term":[{"taxonomy":"product_brand","embeddable":true,"href":"https:\/\/glamuur.ee\/et\/wp-json\/wp\/v2\/product_brand?post=275994"},{"taxonomy":"product_cat","embeddable":true,"href":"https:\/\/glamuur.ee\/et\/wp-json\/wp\/v2\/product_cat?post=275994"},{"taxonomy":"product_tag","embeddable":true,"href":"https:\/\/glamuur.ee\/et\/wp-json\/wp\/v2\/product_tag?post=275994"},{"taxonomy":"giftcard-category","embeddable":true,"href":"https:\/\/glamuur.ee\/et\/wp-json\/wp\/v2\/giftcard-category?post=275994"}],"curies":[{"name":"wp","href":"https:\/\/api.w.org\/{rel}","templated":true}]}}