{"id":275983,"date":"2025-04-09T16:15:15","date_gmt":"2025-04-09T13:15:15","guid":{"rendered":"https:\/\/glamuur.ee\/?post_type=product&#038;p=275983"},"modified":"2026-02-05T22:32:01","modified_gmt":"2026-02-05T20:32:01","slug":"ania-haie-kaelakee-4","status":"publish","type":"product","link":"https:\/\/glamuur.ee\/et\/product\/ania-haie-necklace-4\/","title":{"rendered":"Ania Haie Necklace N055-03G"},"content":{"rendered":"<p>Uus viis armastatud p\u00e4rlitrendiga tutvumiseks, proovige seda uimastavat p\u00e4rlikettide kaelakeed, mis sobib ideaalselt lihtsalt kandmiseks v\u00f5i oma valitud sarmide lisamiseks Pop Charms kollektsioonist. Kuldne ahel on trendikas ja sisaldab helendavaid p\u00e4rleid, mis on viimistletud s\u00e4rava tsirkooniumiga kaunistatud \u00fchenduskohaga. T\u00e4iendage oma v\u00e4limust klassikaliste v\u00f5i v\u00e4ljenduslike sarmidega.<\/p>","protected":false},"excerpt":{"rendered":"<p>A new way to take on the much-loved pearl trend, try this stunning pearl chain charm necklace, perfect for wearing simply or adding your chosen charms from the Pop Charms collection. Featuring an on-trend gold link chain, discover iridescent pearls, finished with a sparkling cubic&#8230;<\/p>","protected":false},"featured_media":275984,"comment_status":"open","ping_status":"closed","template":"","meta":{"jetpack_post_was_ever_published":false},"product_brand":[],"product_cat":[200,965,202,979,968,727,945],"product_tag":[],"giftcard-category":[],"class_list":{"0":"post-275983","1":"product","2":"type-product","3":"status-publish","4":"has-post-thumbnail","6":"product_cat-ania-haie","7":"product_cat-ania-haie-aw25","8":"product_cat-ania-haie-necklace","9":"product_cat-graduation-2025","10":"product_cat-mothers-day-2025-ti-sento","11":"product_cat-necklaces","12":"product_cat-pearls","13":"pa_material-silver","14":"pa_metal-color-yellow-gold","15":"pa_product-brand-ania-haie","16":"pa_stone-color-pearl","17":"pa_type-category-necklaces","19":"first","20":"instock","21":"taxable","22":"shipping-taxable","23":"purchasable","24":"product-type-simple"},"bundled_by":[],"bundle_stock_status":"instock","bundle_stock_quantity":3,"bundle_virtual":false,"bundle_layout":"","bundle_add_to_cart_form_location":"","bundle_editable_in_cart":false,"bundle_sold_individually_context":"","bundle_item_grouping":"","bundle_min_size":"","bundle_max_size":"","bundle_price":[],"bundled_items":[],"bundle_sell_ids":[],"etheme_brands":{"errors":{"invalid_taxonomy":["Lubamatu taksonoomia."]},"error_data":[]},"_links":{"self":[{"href":"https:\/\/glamuur.ee\/et\/wp-json\/wp\/v2\/product\/275983","targetHints":{"allow":["GET"]}}],"collection":[{"href":"https:\/\/glamuur.ee\/et\/wp-json\/wp\/v2\/product"}],"about":[{"href":"https:\/\/glamuur.ee\/et\/wp-json\/wp\/v2\/types\/product"}],"replies":[{"embeddable":true,"href":"https:\/\/glamuur.ee\/et\/wp-json\/wp\/v2\/comments?post=275983"}],"wp:featuredmedia":[{"embeddable":true,"href":"https:\/\/glamuur.ee\/et\/wp-json\/wp\/v2\/media\/275984"}],"wp:attachment":[{"href":"https:\/\/glamuur.ee\/et\/wp-json\/wp\/v2\/media?parent=275983"}],"wp:term":[{"taxonomy":"product_brand","embeddable":true,"href":"https:\/\/glamuur.ee\/et\/wp-json\/wp\/v2\/product_brand?post=275983"},{"taxonomy":"product_cat","embeddable":true,"href":"https:\/\/glamuur.ee\/et\/wp-json\/wp\/v2\/product_cat?post=275983"},{"taxonomy":"product_tag","embeddable":true,"href":"https:\/\/glamuur.ee\/et\/wp-json\/wp\/v2\/product_tag?post=275983"},{"taxonomy":"giftcard-category","embeddable":true,"href":"https:\/\/glamuur.ee\/et\/wp-json\/wp\/v2\/giftcard-category?post=275983"}],"curies":[{"name":"wp","href":"https:\/\/api.w.org\/{rel}","templated":true}]}}