{"id":275979,"date":"2025-04-09T16:15:14","date_gmt":"2025-04-09T13:15:14","guid":{"rendered":"https:\/\/glamuur.ee\/?post_type=product&#038;p=275979"},"modified":"2026-02-05T22:30:24","modified_gmt":"2026-02-05T20:30:24","slug":"ania-haie-korva-volu-2","status":"publish","type":"product","link":"https:\/\/glamuur.ee\/et\/product\/ania-haie-ear-charm-2\/","title":{"rendered":"Ania Haie Ear Charm EC055-04G"},"content":{"rendered":"<p>Lisage sel hooajal oma k\u00f5rvar\u00f5ngakollektsiooni v\u00e4rsket tunnet meie liblikas k\u00f5rvar\u00f5ngaga. See ilus 14 kt kullatud h\u00f5bedast liblikas, millel on lihtne silmus, mida saab kinnitada r\u00f5ngale v\u00f5i kallistusele, on laitmatult viimistletud iriseeriva p\u00e4rlmutteriga. Andke oma klassikalistele r\u00f5ngastele armas uuendus selle \u00f5rna k\u00f5rvar\u00f5ngaga.<\/p>","protected":false},"excerpt":{"rendered":"<p>Add a fresh feeling to your earring collection this season with our butterfly earring charm. With a simple loop detail to slip onto a hoop or huggie, this pretty 14kt gold-plated sterling silver butterfly is immaculately finished with iridescent mother of pearl. Give your classic&#8230;<\/p>","protected":false},"featured_media":275980,"comment_status":"open","ping_status":"closed","template":"","meta":{"jetpack_post_was_ever_published":false},"product_brand":[],"product_cat":[200,965,712,728,979,968,945],"product_tag":[],"giftcard-category":[],"class_list":{"0":"post-275979","1":"product","2":"type-product","3":"status-publish","4":"has-post-thumbnail","6":"product_cat-ania-haie","7":"product_cat-ania-haie-aw25","8":"product_cat-ania-haie-ear-charms","9":"product_cat-ear-charms","10":"product_cat-graduation-2025","11":"product_cat-mothers-day-2025-ti-sento","12":"product_cat-pearls","13":"pa_material-silver","14":"pa_metal-color-yellow-gold","15":"pa_product-brand-ania-haie","16":"pa_stone-color-pearl","17":"pa_type-category-ear-charms","19":"first","20":"instock","21":"taxable","22":"shipping-taxable","23":"purchasable","24":"product-type-simple"},"bundled_by":[],"bundle_stock_status":"instock","bundle_stock_quantity":6,"bundle_virtual":false,"bundle_layout":"","bundle_add_to_cart_form_location":"","bundle_editable_in_cart":false,"bundle_sold_individually_context":"","bundle_item_grouping":"","bundle_min_size":"","bundle_max_size":"","bundle_price":[],"bundled_items":[],"bundle_sell_ids":[],"etheme_brands":{"errors":{"invalid_taxonomy":["Lubamatu taksonoomia."]},"error_data":[]},"_links":{"self":[{"href":"https:\/\/glamuur.ee\/et\/wp-json\/wp\/v2\/product\/275979","targetHints":{"allow":["GET"]}}],"collection":[{"href":"https:\/\/glamuur.ee\/et\/wp-json\/wp\/v2\/product"}],"about":[{"href":"https:\/\/glamuur.ee\/et\/wp-json\/wp\/v2\/types\/product"}],"replies":[{"embeddable":true,"href":"https:\/\/glamuur.ee\/et\/wp-json\/wp\/v2\/comments?post=275979"}],"wp:featuredmedia":[{"embeddable":true,"href":"https:\/\/glamuur.ee\/et\/wp-json\/wp\/v2\/media\/275980"}],"wp:attachment":[{"href":"https:\/\/glamuur.ee\/et\/wp-json\/wp\/v2\/media?parent=275979"}],"wp:term":[{"taxonomy":"product_brand","embeddable":true,"href":"https:\/\/glamuur.ee\/et\/wp-json\/wp\/v2\/product_brand?post=275979"},{"taxonomy":"product_cat","embeddable":true,"href":"https:\/\/glamuur.ee\/et\/wp-json\/wp\/v2\/product_cat?post=275979"},{"taxonomy":"product_tag","embeddable":true,"href":"https:\/\/glamuur.ee\/et\/wp-json\/wp\/v2\/product_tag?post=275979"},{"taxonomy":"giftcard-category","embeddable":true,"href":"https:\/\/glamuur.ee\/et\/wp-json\/wp\/v2\/giftcard-category?post=275979"}],"curies":[{"name":"wp","href":"https:\/\/api.w.org\/{rel}","templated":true}]}}