{"id":275975,"date":"2025-04-09T16:15:11","date_gmt":"2025-04-09T13:15:11","guid":{"rendered":"https:\/\/glamuur.ee\/?post_type=product&#038;p=275975"},"modified":"2026-02-05T22:31:59","modified_gmt":"2026-02-05T20:31:59","slug":"ania-haie-kaelakee-3","status":"publish","type":"product","link":"https:\/\/glamuur.ee\/et\/product\/ania-haie-necklace-3\/","title":{"rendered":"Ania Haie Necklace N053-05H"},"content":{"rendered":"<p>Viita sel hooajal Y2K-trendile tagasivaatega, mis ei ole kunagi moest l\u00e4inud: Y-kaelakee. See roodiumiga kaetud h\u00f5bedast ja s\u00e4ravate kuubiliste tsirkooniumidega viimistletud latt on ideaalne v\u00f5imalus kaunistada oma dekolteed, kui kiiged madalate dekolteedega LBD-d v\u00f5i kihiliselt \u00fcle k\u00f5rge kaelusega look'i, et luua kehaahelat.<\/p>","protected":false},"excerpt":{"rendered":"<p>Nod to the Y2K trend this season with a throwback look that never went out of style: the Y necklace. Crafted in rhodium-plated sterling silver and finished with sparkling cubic zirconia, this statement lariat is the perfect way to decorate your d\u00e9colletage when rocking a&#8230;<\/p>","protected":false},"featured_media":275976,"comment_status":"open","ping_status":"closed","template":"","meta":{"jetpack_post_was_ever_published":false},"product_brand":[],"product_cat":[200,965,202,968,727],"product_tag":[],"giftcard-category":[],"class_list":{"0":"post-275975","1":"product","2":"type-product","3":"status-publish","4":"has-post-thumbnail","6":"product_cat-ania-haie","7":"product_cat-ania-haie-aw25","8":"product_cat-ania-haie-necklace","9":"product_cat-mothers-day-2025-ti-sento","10":"product_cat-necklaces","11":"pa_material-silver","12":"pa_metal-color-silver","13":"pa_product-brand-ania-haie","14":"pa_stone-color-white","15":"pa_type-category-necklaces","17":"first","18":"outofstock","19":"taxable","20":"shipping-taxable","21":"purchasable","22":"product-type-simple"},"bundled_by":[],"bundle_stock_status":"outofstock","bundle_stock_quantity":0,"bundle_virtual":false,"bundle_layout":"","bundle_add_to_cart_form_location":"","bundle_editable_in_cart":false,"bundle_sold_individually_context":"","bundle_item_grouping":"","bundle_min_size":"","bundle_max_size":"","bundle_price":[],"bundled_items":[],"bundle_sell_ids":[],"etheme_brands":{"errors":{"invalid_taxonomy":["Lubamatu taksonoomia."]},"error_data":[]},"_links":{"self":[{"href":"https:\/\/glamuur.ee\/et\/wp-json\/wp\/v2\/product\/275975","targetHints":{"allow":["GET"]}}],"collection":[{"href":"https:\/\/glamuur.ee\/et\/wp-json\/wp\/v2\/product"}],"about":[{"href":"https:\/\/glamuur.ee\/et\/wp-json\/wp\/v2\/types\/product"}],"replies":[{"embeddable":true,"href":"https:\/\/glamuur.ee\/et\/wp-json\/wp\/v2\/comments?post=275975"}],"wp:featuredmedia":[{"embeddable":true,"href":"https:\/\/glamuur.ee\/et\/wp-json\/wp\/v2\/media\/275976"}],"wp:attachment":[{"href":"https:\/\/glamuur.ee\/et\/wp-json\/wp\/v2\/media?parent=275975"}],"wp:term":[{"taxonomy":"product_brand","embeddable":true,"href":"https:\/\/glamuur.ee\/et\/wp-json\/wp\/v2\/product_brand?post=275975"},{"taxonomy":"product_cat","embeddable":true,"href":"https:\/\/glamuur.ee\/et\/wp-json\/wp\/v2\/product_cat?post=275975"},{"taxonomy":"product_tag","embeddable":true,"href":"https:\/\/glamuur.ee\/et\/wp-json\/wp\/v2\/product_tag?post=275975"},{"taxonomy":"giftcard-category","embeddable":true,"href":"https:\/\/glamuur.ee\/et\/wp-json\/wp\/v2\/giftcard-category?post=275975"}],"curies":[{"name":"wp","href":"https:\/\/api.w.org\/{rel}","templated":true}]}}