{"id":275972,"date":"2025-04-09T16:15:09","date_gmt":"2025-04-09T13:15:09","guid":{"rendered":"https:\/\/glamuur.ee\/?post_type=product&#038;p=275972"},"modified":"2026-02-05T22:33:50","modified_gmt":"2026-02-05T20:33:50","slug":"ania-haie-sormus","status":"publish","type":"product","link":"https:\/\/glamuur.ee\/et\/product\/ania-haie-ring\/","title":{"rendered":"Ania Haie Ring R059-06H-54"},"content":{"rendered":"<p>Tee meie s\u00f5rmusest oma uue hooaja v\u00e4ljapaistev ese. See s\u00f5rmus on kaunistatud s\u00e4ravate kuubiliste tsirkooniumkividega, millel on kaheksakandiline t\u00e4ht, mis on asetatud astrolaabile, ning see on kaunistatud musta akaadist punktiga. \u00dchendage seda teiste s\u00f5rmustega v\u00f5i kandke seda \u00fcksi, kindlasti v\u00e4rskendate oma igap\u00e4evast stiili.<\/p>","protected":false},"excerpt":{"rendered":"<p>Make our signet ring your statement piece for the new season. Featuring an eight-pointed star set on an astrolabe, this piece is embellished with shimmering cubic zirconia stones with a stunning black agate point. Stack it up with other rings or wear it alone, you&#8230;<\/p>","protected":false},"featured_media":275973,"comment_status":"open","ping_status":"closed","template":"","meta":{"jetpack_post_was_ever_published":false},"product_brand":[],"product_cat":[200,965,205,968,730],"product_tag":[],"giftcard-category":[],"class_list":{"0":"post-275972","1":"product","2":"type-product","3":"status-publish","4":"has-post-thumbnail","6":"product_cat-ania-haie","7":"product_cat-ania-haie-aw25","8":"product_cat-ania-haie-rings","9":"product_cat-mothers-day-2025-ti-sento","10":"product_cat-rings","11":"pa_material-silver","12":"pa_metal-color-silver","13":"pa_product-brand-ania-haie","14":"pa_stone-color-black","15":"pa_type-category-rings","17":"first","18":"instock","19":"taxable","20":"shipping-taxable","21":"purchasable","22":"product-type-simple"},"bundled_by":[],"bundle_stock_status":"instock","bundle_stock_quantity":2,"bundle_virtual":false,"bundle_layout":"","bundle_add_to_cart_form_location":"","bundle_editable_in_cart":false,"bundle_sold_individually_context":"","bundle_item_grouping":"","bundle_min_size":"","bundle_max_size":"","bundle_price":[],"bundled_items":[],"bundle_sell_ids":[],"etheme_brands":{"errors":{"invalid_taxonomy":["Lubamatu taksonoomia."]},"error_data":[]},"_links":{"self":[{"href":"https:\/\/glamuur.ee\/et\/wp-json\/wp\/v2\/product\/275972","targetHints":{"allow":["GET"]}}],"collection":[{"href":"https:\/\/glamuur.ee\/et\/wp-json\/wp\/v2\/product"}],"about":[{"href":"https:\/\/glamuur.ee\/et\/wp-json\/wp\/v2\/types\/product"}],"replies":[{"embeddable":true,"href":"https:\/\/glamuur.ee\/et\/wp-json\/wp\/v2\/comments?post=275972"}],"wp:featuredmedia":[{"embeddable":true,"href":"https:\/\/glamuur.ee\/et\/wp-json\/wp\/v2\/media\/275973"}],"wp:attachment":[{"href":"https:\/\/glamuur.ee\/et\/wp-json\/wp\/v2\/media?parent=275972"}],"wp:term":[{"taxonomy":"product_brand","embeddable":true,"href":"https:\/\/glamuur.ee\/et\/wp-json\/wp\/v2\/product_brand?post=275972"},{"taxonomy":"product_cat","embeddable":true,"href":"https:\/\/glamuur.ee\/et\/wp-json\/wp\/v2\/product_cat?post=275972"},{"taxonomy":"product_tag","embeddable":true,"href":"https:\/\/glamuur.ee\/et\/wp-json\/wp\/v2\/product_tag?post=275972"},{"taxonomy":"giftcard-category","embeddable":true,"href":"https:\/\/glamuur.ee\/et\/wp-json\/wp\/v2\/giftcard-category?post=275972"}],"curies":[{"name":"wp","href":"https:\/\/api.w.org\/{rel}","templated":true}]}}