{"id":275964,"date":"2025-04-09T16:15:07","date_gmt":"2025-04-09T13:15:07","guid":{"rendered":"https:\/\/glamuur.ee\/?post_type=product&#038;p=275964"},"modified":"2026-02-05T22:32:54","modified_gmt":"2026-02-05T20:32:54","slug":"ania-haie-ripats","status":"publish","type":"product","link":"https:\/\/glamuur.ee\/et\/product\/ania-haie-pendant\/","title":{"rendered":"Ania Haie Pendant NC055-07H"},"content":{"rendered":"<p>Looge ilus statement kaelakee v\u00f5i k\u00e4ev\u00f5ru meie silmatorkava liblikasarmiga, mis on valmistatud roodiumiga kaetud sterlingh\u00f5bedast ja viimistletud uimastava p\u00e4rlmutteriga. Libistage amulett kaelakee v\u00f5i k\u00e4ev\u00f5ru k\u00fclge, et luua ainulaadne ese, mis esindab muutust, kaitset ja heaolu.<\/p>","protected":false},"excerpt":{"rendered":"<p>Looge ilus statement kaelakee v\u00f5i k\u00e4ev\u00f5ru meie silmatorkava liblikasarmiga, mis on valmistatud roodiumiga kaetud sterlingh\u00f5bedast ja viimistletud uimastava p\u00e4rlmutteriga. Libistage amulett kaelakee v\u00f5i k\u00e4ev\u00f5ru k\u00fclge, et luua ainulaadne ese, mis esindab muutust, kaitset ja heaolu.<\/p>","protected":false},"featured_media":275965,"comment_status":"open","ping_status":"closed","template":"","meta":{"jetpack_post_was_ever_published":false},"product_brand":[],"product_cat":[200,965,713,979,968,945,729],"product_tag":[],"giftcard-category":[],"class_list":{"0":"post-275964","1":"product","2":"type-product","3":"status-publish","4":"has-post-thumbnail","6":"product_cat-ania-haie","7":"product_cat-ania-haie-aw25","8":"product_cat-ania-haie-pendants","9":"product_cat-graduation-2025","10":"product_cat-mothers-day-2025-ti-sento","11":"product_cat-pearls","12":"product_cat-pendants","13":"pa_material-silver","14":"pa_metal-color-silver","15":"pa_product-brand-ania-haie","16":"pa_stone-color-pearl","17":"pa_type-category-pendants","19":"first","20":"instock","21":"taxable","22":"shipping-taxable","23":"purchasable","24":"product-type-simple"},"bundled_by":[],"bundle_stock_status":"instock","bundle_stock_quantity":2,"bundle_virtual":false,"bundle_layout":"","bundle_add_to_cart_form_location":"","bundle_editable_in_cart":false,"bundle_sold_individually_context":"","bundle_item_grouping":"","bundle_min_size":"","bundle_max_size":"","bundle_price":[],"bundled_items":[],"bundle_sell_ids":[],"etheme_brands":{"errors":{"invalid_taxonomy":["Lubamatu taksonoomia."]},"error_data":[]},"_links":{"self":[{"href":"https:\/\/glamuur.ee\/et\/wp-json\/wp\/v2\/product\/275964","targetHints":{"allow":["GET"]}}],"collection":[{"href":"https:\/\/glamuur.ee\/et\/wp-json\/wp\/v2\/product"}],"about":[{"href":"https:\/\/glamuur.ee\/et\/wp-json\/wp\/v2\/types\/product"}],"replies":[{"embeddable":true,"href":"https:\/\/glamuur.ee\/et\/wp-json\/wp\/v2\/comments?post=275964"}],"wp:featuredmedia":[{"embeddable":true,"href":"https:\/\/glamuur.ee\/et\/wp-json\/wp\/v2\/media\/275965"}],"wp:attachment":[{"href":"https:\/\/glamuur.ee\/et\/wp-json\/wp\/v2\/media?parent=275964"}],"wp:term":[{"taxonomy":"product_brand","embeddable":true,"href":"https:\/\/glamuur.ee\/et\/wp-json\/wp\/v2\/product_brand?post=275964"},{"taxonomy":"product_cat","embeddable":true,"href":"https:\/\/glamuur.ee\/et\/wp-json\/wp\/v2\/product_cat?post=275964"},{"taxonomy":"product_tag","embeddable":true,"href":"https:\/\/glamuur.ee\/et\/wp-json\/wp\/v2\/product_tag?post=275964"},{"taxonomy":"giftcard-category","embeddable":true,"href":"https:\/\/glamuur.ee\/et\/wp-json\/wp\/v2\/giftcard-category?post=275964"}],"curies":[{"name":"wp","href":"https:\/\/api.w.org\/{rel}","templated":true}]}}