{"id":275956,"date":"2025-04-09T16:15:04","date_gmt":"2025-04-09T13:15:04","guid":{"rendered":"https:\/\/glamuur.ee\/?post_type=product&#038;p=275956"},"modified":"2026-02-05T22:31:58","modified_gmt":"2026-02-05T20:31:58","slug":"ania-haie-kaelakee","status":"publish","type":"product","link":"https:\/\/glamuur.ee\/et\/product\/ania-haie-necklace\/","title":{"rendered":"Ania Haie Necklace N053-03H"},"content":{"rendered":"<p>Lisage oma ehtedesse punk-rocki h\u00f5ngu selle elegantse geomeetrilise ripatsiga, mis on asetatud \u00f5rnale ketile. Ripats on topeltn\u00f6\u00f6pidega ja selle ripats on \u00fclimalt t\u00e4pne, mis viitab selle hooaja futuristlikule, nurgelisele ehtetrendi. See on valmistatud roodiumiga kaetud h\u00f5bedast ja sobib sobivate n\u00f6\u00f6pn\u00f5eltega.<\/p>","protected":false},"excerpt":{"rendered":"<p>Add a touch of punk rock to your jewellery look with this chic geometric pendant, set on a delicate chain. Featuring double stud detailing, the pendant is all about the chunky point design, nodding to this season&#8217;s futuristic, angular jewellery trend. Crafted in rhodium-plated sterling&#8230;<\/p>","protected":false},"featured_media":275957,"comment_status":"open","ping_status":"closed","template":"","meta":{"jetpack_post_was_ever_published":false},"product_brand":[],"product_cat":[200,965,202,979,968,727],"product_tag":[],"giftcard-category":[],"class_list":{"0":"post-275956","1":"product","2":"type-product","3":"status-publish","4":"has-post-thumbnail","6":"product_cat-ania-haie","7":"product_cat-ania-haie-aw25","8":"product_cat-ania-haie-necklace","9":"product_cat-graduation-2025","10":"product_cat-mothers-day-2025-ti-sento","11":"product_cat-necklaces","12":"pa_material-silver","13":"pa_metal-color-silver","14":"pa_product-brand-ania-haie","15":"pa_stone-color-without-stones","16":"pa_type-category-necklaces","18":"first","19":"instock","20":"taxable","21":"shipping-taxable","22":"purchasable","23":"product-type-simple"},"bundled_by":[],"bundle_stock_status":"instock","bundle_stock_quantity":3,"bundle_virtual":false,"bundle_layout":"","bundle_add_to_cart_form_location":"","bundle_editable_in_cart":false,"bundle_sold_individually_context":"","bundle_item_grouping":"","bundle_min_size":"","bundle_max_size":"","bundle_price":[],"bundled_items":[],"bundle_sell_ids":[],"etheme_brands":{"errors":{"invalid_taxonomy":["Lubamatu taksonoomia."]},"error_data":[]},"_links":{"self":[{"href":"https:\/\/glamuur.ee\/et\/wp-json\/wp\/v2\/product\/275956","targetHints":{"allow":["GET"]}}],"collection":[{"href":"https:\/\/glamuur.ee\/et\/wp-json\/wp\/v2\/product"}],"about":[{"href":"https:\/\/glamuur.ee\/et\/wp-json\/wp\/v2\/types\/product"}],"replies":[{"embeddable":true,"href":"https:\/\/glamuur.ee\/et\/wp-json\/wp\/v2\/comments?post=275956"}],"wp:featuredmedia":[{"embeddable":true,"href":"https:\/\/glamuur.ee\/et\/wp-json\/wp\/v2\/media\/275957"}],"wp:attachment":[{"href":"https:\/\/glamuur.ee\/et\/wp-json\/wp\/v2\/media?parent=275956"}],"wp:term":[{"taxonomy":"product_brand","embeddable":true,"href":"https:\/\/glamuur.ee\/et\/wp-json\/wp\/v2\/product_brand?post=275956"},{"taxonomy":"product_cat","embeddable":true,"href":"https:\/\/glamuur.ee\/et\/wp-json\/wp\/v2\/product_cat?post=275956"},{"taxonomy":"product_tag","embeddable":true,"href":"https:\/\/glamuur.ee\/et\/wp-json\/wp\/v2\/product_tag?post=275956"},{"taxonomy":"giftcard-category","embeddable":true,"href":"https:\/\/glamuur.ee\/et\/wp-json\/wp\/v2\/giftcard-category?post=275956"}],"curies":[{"name":"wp","href":"https:\/\/api.w.org\/{rel}","templated":true}]}}