{"id":275878,"date":"2025-04-04T15:21:57","date_gmt":"2025-04-04T12:21:57","guid":{"rendered":"https:\/\/glamuur.ee\/?post_type=product&#038;p=275878"},"modified":"2026-04-02T14:52:06","modified_gmt":"2026-04-02T11:52:06","slug":"ti-sento-milano-korva-volusid-50","status":"publish","type":"product","link":"https:\/\/glamuur.ee\/et\/product\/ti-sento-milano-ear-charms-50\/","title":{"rendered":"TI SENTO \u2013 Milano K\u00f5rvar\u00f5nga ripatsid"},"content":{"rendered":"<p>Need TI SENTO - Milano k\u00f5rvam\u00e4rgid annavad igale k\u00f5rvar\u00f5ngale romantilise v\u00e4limuse t\u00e4nu s\u00fcdamekujule. V\u00e4ikesed s\u00fcdamed on iga\u00fcks k\u00e4sitsi pandud tsirkooniaga, mis annavad s\u00e4rava pinna. Ear Charms'e saab v\u00e4ga h\u00e4sti kanda \u00fcksikult h\u00f5bedast TI SENTO k\u00f5rvar\u00f5ngastel, kuid neid saab ka v\u00e4ga h\u00e4sti kombineerida kristallk\u00f5rvar\u00f5ngastega.<\/p>\n<p>Suurus <a href=\"https:\/\/www.google.ee\/url?sa=t&amp;rct=j&amp;q=&amp;esrc=s&amp;source=web&amp;cd=3&amp;ved=0ahUKEwighrXY7-_XAhXhAJoKHbbiArIQFggwMAI&amp;url=https%3A%2F%2Fen.wikipedia.org%2Fwiki%2F%25C3%2598&amp;usg=AOvVaw0xmTFfRU8du9ZzW6k97nd_\" target=\"_blank\" rel=\"noopener\">\u00d8<\/a>:  12MM<\/p>","protected":false},"excerpt":{"rendered":"<p>These TI SENTO \u2013 Milano Ear Charms give each earring a romantic apperance as a result of the heart shape. The little hearts are each set by hand with Zirconia, which give a shining surface. The Ear Charms can very well be worn singularly on&#8230;<\/p>","protected":false},"featured_media":275880,"comment_status":"open","ping_status":"closed","template":"","meta":{"jetpack_post_was_ever_published":false},"product_brand":[1057],"product_cat":[728,794,979,939,964,72,144,152,941],"product_tag":[942],"giftcard-category":[],"class_list":{"0":"post-275878","1":"product","2":"type-product","3":"status-publish","4":"has-post-thumbnail","6":"product_brand-ti-sento","7":"product_cat-ear-charms","8":"product_cat-gift-ideas-up-to-100e","9":"product_cat-graduation-2025","10":"product_cat-ti-sento-sale-europe","11":"product_cat-summer-sale-ti-sento","12":"product_cat-ti-sento-milano","13":"product_cat-ti-sento-milano-ear-charms","14":"product_cat-ti-sento-milano-estonian-design","15":"product_cat-valentines-day","16":"product_tag-valentines-day","17":"pa_material-silver","18":"pa_metal-color-silver","19":"pa_product-brand-ti-sento-milano","20":"pa_stone-color-white","21":"pa_type-category-ear-charms","23":"first","24":"instock","25":"featured","26":"taxable","27":"shipping-taxable","28":"purchasable","29":"product-type-simple"},"bundled_by":[],"bundle_stock_status":"instock","bundle_stock_quantity":6,"bundle_virtual":false,"bundle_layout":"","bundle_add_to_cart_form_location":"","bundle_editable_in_cart":false,"bundle_sold_individually_context":"","bundle_item_grouping":"","bundle_min_size":"","bundle_max_size":"","bundle_price":[],"bundled_items":[],"bundle_sell_ids":[],"etheme_brands":{"errors":{"invalid_taxonomy":["Lubamatu taksonoomia."]},"error_data":[]},"_links":{"self":[{"href":"https:\/\/glamuur.ee\/et\/wp-json\/wp\/v2\/product\/275878","targetHints":{"allow":["GET"]}}],"collection":[{"href":"https:\/\/glamuur.ee\/et\/wp-json\/wp\/v2\/product"}],"about":[{"href":"https:\/\/glamuur.ee\/et\/wp-json\/wp\/v2\/types\/product"}],"replies":[{"embeddable":true,"href":"https:\/\/glamuur.ee\/et\/wp-json\/wp\/v2\/comments?post=275878"}],"wp:featuredmedia":[{"embeddable":true,"href":"https:\/\/glamuur.ee\/et\/wp-json\/wp\/v2\/media\/275880"}],"wp:attachment":[{"href":"https:\/\/glamuur.ee\/et\/wp-json\/wp\/v2\/media?parent=275878"}],"wp:term":[{"taxonomy":"product_brand","embeddable":true,"href":"https:\/\/glamuur.ee\/et\/wp-json\/wp\/v2\/product_brand?post=275878"},{"taxonomy":"product_cat","embeddable":true,"href":"https:\/\/glamuur.ee\/et\/wp-json\/wp\/v2\/product_cat?post=275878"},{"taxonomy":"product_tag","embeddable":true,"href":"https:\/\/glamuur.ee\/et\/wp-json\/wp\/v2\/product_tag?post=275878"},{"taxonomy":"giftcard-category","embeddable":true,"href":"https:\/\/glamuur.ee\/et\/wp-json\/wp\/v2\/giftcard-category?post=275878"}],"curies":[{"name":"wp","href":"https:\/\/api.w.org\/{rel}","templated":true}]}}