{"id":275526,"date":"2025-03-14T11:24:31","date_gmt":"2025-03-14T09:24:31","guid":{"rendered":"https:\/\/glamuur.ee\/?post_type=product&#038;p=275526"},"modified":"2026-02-23T14:31:11","modified_gmt":"2026-02-23T12:31:11","slug":"pronkskollane-rongas-17","status":"publish","type":"product","link":"https:\/\/glamuur.ee\/et\/product\/bronzallure-ring-17\/","title":{"rendered":"Bronzallure s\u00f5rmus"},"content":{"rendered":"<p>Bronzallure Riviera s\u00f5rmus, mis on valmistatud kuldsest roosasulamist, kaetud 18 kt roosakullaga ja kaunistatud kolme ristk\u00fclikukujulise (6\u00d78 mm) mosaiiklihviga prismakiviga. Kuldne Ros\u00e9 patenteeritud sulam Disainitud ja valmistatud Itaalias Nikli- ja kaadmiumivaba h\u00fcpoallergeenne<\/p>","protected":false},"excerpt":{"rendered":"<p>Bronzallure Riviera s\u00f5rmus, mis on valmistatud kuldsest roosasulamist, kaetud 18 kt roosakullaga ja kaunistatud kolme ristk\u00fclikukujulise (6\u00d78 mm) mosaiiklihviga prismakiviga. Kuldne Ros\u00e9 patenteeritud sulam Disainitud ja valmistatud Itaalias Nikli- ja kaadmiumivaba h\u00fcpoallergeenne<\/p>","protected":false},"featured_media":275527,"comment_status":"open","ping_status":"closed","template":"","meta":{"jetpack_post_was_ever_published":false},"product_brand":[],"product_cat":[193,197,962,968,980,730,964],"product_tag":[],"giftcard-category":[],"class_list":{"0":"post-275526","1":"product","2":"type-product","3":"status-publish","4":"has-post-thumbnail","6":"product_cat-bronzallure","7":"product_cat-bronzallure-rings","8":"product_cat-bronzallure-ss25","9":"product_cat-mothers-day-2025-ti-sento","10":"product_cat-ready-for-vacation","11":"product_cat-rings","12":"product_cat-summer-sale-ti-sento","13":"pa_material-silver","14":"pa_metal-color-rose-gold","15":"pa_product-brand-bronzallure","16":"pa_size-10-1600","17":"pa_size-12-1650","18":"pa_size-14-1700","19":"pa_size-16-1750","20":"pa_size-18-1800","21":"pa_size-20-1850","22":"pa_stone-color-pink","23":"pa_type-category-rings","25":"first","26":"instock","27":"taxable","28":"shipping-taxable","29":"purchasable","30":"product-type-variable"},"bundled_by":[],"bundle_stock_status":"instock","bundle_stock_quantity":1,"bundle_virtual":false,"bundle_layout":"","bundle_add_to_cart_form_location":"","bundle_editable_in_cart":false,"bundle_sold_individually_context":"","bundle_item_grouping":"","bundle_min_size":"","bundle_max_size":"","bundle_price":[],"bundled_items":[],"bundle_sell_ids":[],"etheme_brands":{"errors":{"invalid_taxonomy":["Lubamatu taksonoomia."]},"error_data":[]},"_links":{"self":[{"href":"https:\/\/glamuur.ee\/et\/wp-json\/wp\/v2\/product\/275526","targetHints":{"allow":["GET"]}}],"collection":[{"href":"https:\/\/glamuur.ee\/et\/wp-json\/wp\/v2\/product"}],"about":[{"href":"https:\/\/glamuur.ee\/et\/wp-json\/wp\/v2\/types\/product"}],"replies":[{"embeddable":true,"href":"https:\/\/glamuur.ee\/et\/wp-json\/wp\/v2\/comments?post=275526"}],"wp:featuredmedia":[{"embeddable":true,"href":"https:\/\/glamuur.ee\/et\/wp-json\/wp\/v2\/media\/275527"}],"wp:attachment":[{"href":"https:\/\/glamuur.ee\/et\/wp-json\/wp\/v2\/media?parent=275526"}],"wp:term":[{"taxonomy":"product_brand","embeddable":true,"href":"https:\/\/glamuur.ee\/et\/wp-json\/wp\/v2\/product_brand?post=275526"},{"taxonomy":"product_cat","embeddable":true,"href":"https:\/\/glamuur.ee\/et\/wp-json\/wp\/v2\/product_cat?post=275526"},{"taxonomy":"product_tag","embeddable":true,"href":"https:\/\/glamuur.ee\/et\/wp-json\/wp\/v2\/product_tag?post=275526"},{"taxonomy":"giftcard-category","embeddable":true,"href":"https:\/\/glamuur.ee\/et\/wp-json\/wp\/v2\/giftcard-category?post=275526"}],"curies":[{"name":"wp","href":"https:\/\/api.w.org\/{rel}","templated":true}]}}