{"id":275488,"date":"2025-03-14T11:24:14","date_gmt":"2025-03-14T09:24:14","guid":{"rendered":"https:\/\/glamuur.ee\/?post_type=product&#038;p=275488"},"modified":"2025-11-09T12:43:56","modified_gmt":"2025-11-09T10:43:56","slug":"pronksvalge-kaelakee-33","status":"publish","type":"product","link":"https:\/\/glamuur.ee\/et\/product\/bronzallure-necklace-33\/","title":{"rendered":"Bronzallure Kaelakee"},"content":{"rendered":"<p>Bronzallure choker kaelakee, mis on valmistatud 18kt roosakullaga kaetud kuldsest kullasulamist kuldsest kullasulamist, ruudukujulise grumetta ketiga, mis on kuubiliste tsirkooniatega pav\u00e9, helendav kvaliteet. Pikkus 41 cm. Hummerikinnitus. Patenteeritud Kuldne Ros\u00e9 sulam Disainitud ja valmistatud Itaalias Nikli- ja kaadmiumivaba H\u00fcpoallergeenne.<\/p>","protected":false},"excerpt":{"rendered":"<p>Bronzallure choker kaelakee, mis on valmistatud 18kt roosakullaga kaetud kuldsest kullasulamist kuldsest kullasulamist, ruudukujulise grumetta ketiga, mis on kuubiliste tsirkooniatega pav\u00e9, helendav kvaliteet. Pikkus 41 cm. Hummerikinnitus. Patenteeritud Kuldne Ros\u00e9 sulam Disainitud ja valmistatud Itaalias Nikli- ja kaadmiumivaba H\u00fcpoallergeenne.<\/p>","protected":false},"featured_media":275489,"comment_status":"open","ping_status":"closed","template":"","meta":{"jetpack_post_was_ever_published":false},"product_brand":[],"product_cat":[193,195,962,968,727],"product_tag":[],"giftcard-category":[],"class_list":{"0":"post-275488","1":"product","2":"type-product","3":"status-publish","4":"has-post-thumbnail","6":"product_cat-bronzallure","7":"product_cat-bronzallure-necklaces","8":"product_cat-bronzallure-ss25","9":"product_cat-mothers-day-2025-ti-sento","10":"product_cat-necklaces","11":"pa_material-golden-rose","12":"pa_metal-color-rose-gold","13":"pa_product-brand-bronzallure","14":"pa_stone-color-white","15":"pa_type-category-necklaces","17":"first","18":"instock","19":"taxable","20":"shipping-taxable","21":"purchasable","22":"product-type-simple"},"bundled_by":[],"bundle_stock_status":"instock","bundle_stock_quantity":1,"bundle_virtual":false,"bundle_layout":"","bundle_add_to_cart_form_location":"","bundle_editable_in_cart":false,"bundle_sold_individually_context":"","bundle_item_grouping":"","bundle_min_size":"","bundle_max_size":"","bundle_price":[],"bundled_items":[],"bundle_sell_ids":[],"etheme_brands":{"errors":{"invalid_taxonomy":["Lubamatu taksonoomia."]},"error_data":[]},"_links":{"self":[{"href":"https:\/\/glamuur.ee\/et\/wp-json\/wp\/v2\/product\/275488","targetHints":{"allow":["GET"]}}],"collection":[{"href":"https:\/\/glamuur.ee\/et\/wp-json\/wp\/v2\/product"}],"about":[{"href":"https:\/\/glamuur.ee\/et\/wp-json\/wp\/v2\/types\/product"}],"replies":[{"embeddable":true,"href":"https:\/\/glamuur.ee\/et\/wp-json\/wp\/v2\/comments?post=275488"}],"wp:featuredmedia":[{"embeddable":true,"href":"https:\/\/glamuur.ee\/et\/wp-json\/wp\/v2\/media\/275489"}],"wp:attachment":[{"href":"https:\/\/glamuur.ee\/et\/wp-json\/wp\/v2\/media?parent=275488"}],"wp:term":[{"taxonomy":"product_brand","embeddable":true,"href":"https:\/\/glamuur.ee\/et\/wp-json\/wp\/v2\/product_brand?post=275488"},{"taxonomy":"product_cat","embeddable":true,"href":"https:\/\/glamuur.ee\/et\/wp-json\/wp\/v2\/product_cat?post=275488"},{"taxonomy":"product_tag","embeddable":true,"href":"https:\/\/glamuur.ee\/et\/wp-json\/wp\/v2\/product_tag?post=275488"},{"taxonomy":"giftcard-category","embeddable":true,"href":"https:\/\/glamuur.ee\/et\/wp-json\/wp\/v2\/giftcard-category?post=275488"}],"curies":[{"name":"wp","href":"https:\/\/api.w.org\/{rel}","templated":true}]}}