{"id":275467,"date":"2025-03-14T11:24:04","date_gmt":"2025-03-14T09:24:04","guid":{"rendered":"https:\/\/glamuur.ee\/?post_type=product&#038;p=275467"},"modified":"2025-11-09T12:43:58","modified_gmt":"2025-11-09T10:43:58","slug":"pronksvalge-kaelakee-26","status":"publish","type":"product","link":"https:\/\/glamuur.ee\/et\/product\/bronzallure-necklace-26\/","title":{"rendered":"Bronzallure Kaelakee"},"content":{"rendered":"<p>Bronzallure lipsukaelakee, mis on valmistatud 18 kt roosakuldsest sulamist, 18 kt roosakullaga kaetud, forzatiini ketiga, mis on kaunistatud kuubilise tsirkooniumi pav\u00e9-rondiga, helendava kvaliteediga ja \u00fcmmarguse prismakiviga (10 mm). Pikkus 38+8 cm. Hummerikinnitus 5 cm pikendusega. Patenteeritud Golden Ros\u00e9 sulam Disainitud ja valmistatud Itaalias Nikli- ja kaadmiumivaba h\u00fcpoallergeenne<\/p>","protected":false},"excerpt":{"rendered":"<p>Bronzallure tie necklace made of Golden Ros\u00e9 alloy, 18kt Rose Gold plated, with forzatine chain embellished with a pav\u00e9 rond of cubic zirconia, luminous quality, and a round prism gem stone (10 mm). 38+8 cm drop length. Lobster clasp with 5cm extension. Patented Golden Ros\u00e9&#8230;<\/p>","protected":false},"featured_media":275468,"comment_status":"open","ping_status":"closed","template":"","meta":{"jetpack_post_was_ever_published":false},"product_brand":[],"product_cat":[193,195,962,979,968,727,980,964],"product_tag":[],"giftcard-category":[],"class_list":{"0":"post-275467","1":"product","2":"type-product","3":"status-publish","4":"has-post-thumbnail","6":"product_cat-bronzallure","7":"product_cat-bronzallure-necklaces","8":"product_cat-bronzallure-ss25","9":"product_cat-graduation-2025","10":"product_cat-mothers-day-2025-ti-sento","11":"product_cat-necklaces","12":"product_cat-ready-for-vacation","13":"product_cat-summer-sale-ti-sento","14":"pa_material-golden-rose","15":"pa_metal-color-rose-gold","16":"pa_product-brand-bronzallure","17":"pa_stone-color-blue","18":"pa_type-category-necklaces","20":"first","21":"instock","22":"taxable","23":"shipping-taxable","24":"purchasable","25":"product-type-simple"},"bundled_by":[],"bundle_stock_status":"instock","bundle_stock_quantity":1,"bundle_virtual":false,"bundle_layout":"","bundle_add_to_cart_form_location":"","bundle_editable_in_cart":false,"bundle_sold_individually_context":"","bundle_item_grouping":"","bundle_min_size":"","bundle_max_size":"","bundle_price":[],"bundled_items":[],"bundle_sell_ids":[],"etheme_brands":{"errors":{"invalid_taxonomy":["Lubamatu taksonoomia."]},"error_data":[]},"_links":{"self":[{"href":"https:\/\/glamuur.ee\/et\/wp-json\/wp\/v2\/product\/275467","targetHints":{"allow":["GET"]}}],"collection":[{"href":"https:\/\/glamuur.ee\/et\/wp-json\/wp\/v2\/product"}],"about":[{"href":"https:\/\/glamuur.ee\/et\/wp-json\/wp\/v2\/types\/product"}],"replies":[{"embeddable":true,"href":"https:\/\/glamuur.ee\/et\/wp-json\/wp\/v2\/comments?post=275467"}],"wp:featuredmedia":[{"embeddable":true,"href":"https:\/\/glamuur.ee\/et\/wp-json\/wp\/v2\/media\/275468"}],"wp:attachment":[{"href":"https:\/\/glamuur.ee\/et\/wp-json\/wp\/v2\/media?parent=275467"}],"wp:term":[{"taxonomy":"product_brand","embeddable":true,"href":"https:\/\/glamuur.ee\/et\/wp-json\/wp\/v2\/product_brand?post=275467"},{"taxonomy":"product_cat","embeddable":true,"href":"https:\/\/glamuur.ee\/et\/wp-json\/wp\/v2\/product_cat?post=275467"},{"taxonomy":"product_tag","embeddable":true,"href":"https:\/\/glamuur.ee\/et\/wp-json\/wp\/v2\/product_tag?post=275467"},{"taxonomy":"giftcard-category","embeddable":true,"href":"https:\/\/glamuur.ee\/et\/wp-json\/wp\/v2\/giftcard-category?post=275467"}],"curies":[{"name":"wp","href":"https:\/\/api.w.org\/{rel}","templated":true}]}}