{"id":275435,"date":"2025-03-14T11:23:50","date_gmt":"2025-03-14T09:23:50","guid":{"rendered":"https:\/\/glamuur.ee\/?post_type=product&#038;p=275435"},"modified":"2025-11-09T12:44:03","modified_gmt":"2025-11-09T10:44:03","slug":"pronksvalge-kaelakee-15","status":"publish","type":"product","link":"https:\/\/glamuur.ee\/et\/product\/bronzallure-necklace-15\/","title":{"rendered":"Bronzallure Kaelakee"},"content":{"rendered":"<p>Bronzallure kaelakee, mis on valmistatud 18 kt roosakuldsest sulamist, rolo-kett, mida kaunistavad v\u00e4ikesed poleeritud rondellid ja eemaldatav rondelli-kujuline ripats, millel on pav\u00e9 ja s\u00fcdamed (3\u00d73 mm) kuubilise tsirkooniumiga. Pikkus 40+2 cm pikendus. Hummerikinnitus. Patenteeritud kuldroosiline sulam Disainitud ja valmistatud Itaalias Niklivaba, kaadmiumivaba H\u00fcpoallergeenne EL Tootja ja vastutav isik: Milor S.p.A. Via dei Gracchi 35, Milano milor.com<\/p>","protected":false},"excerpt":{"rendered":"<p>Bronzallure necklace made of Golden Ros\u00e9 alloy, 18kt Rose Gold plated, with rolo chain embellished with small polished rondelles and a removable rondelle-shaped pendant with pav\u00e9 and hearts (3&#215;3 mm) in cubic zirconia. Length 40+2 cm extension. Lobster clasp closure. Patented Golden Ros\u00e9 alloy Designed&#8230;<\/p>","protected":false},"featured_media":275436,"comment_status":"open","ping_status":"closed","template":"","meta":{"jetpack_post_was_ever_published":false},"product_brand":[],"product_cat":[193,195,962,979,968,727,980,964,941],"product_tag":[],"giftcard-category":[],"class_list":{"0":"post-275435","1":"product","2":"type-product","3":"status-publish","4":"has-post-thumbnail","6":"product_cat-bronzallure","7":"product_cat-bronzallure-necklaces","8":"product_cat-bronzallure-ss25","9":"product_cat-graduation-2025","10":"product_cat-mothers-day-2025-ti-sento","11":"product_cat-necklaces","12":"product_cat-ready-for-vacation","13":"product_cat-summer-sale-ti-sento","14":"product_cat-valentines-day","15":"pa_material-golden-rose","16":"pa_metal-color-rose-gold","17":"pa_product-brand-bronzallure","18":"pa_stone-color-red","19":"pa_type-category-necklaces","21":"first","22":"instock","23":"taxable","24":"shipping-taxable","25":"purchasable","26":"product-type-simple"},"bundled_by":[],"bundle_stock_status":"instock","bundle_stock_quantity":1,"bundle_virtual":false,"bundle_layout":"","bundle_add_to_cart_form_location":"","bundle_editable_in_cart":false,"bundle_sold_individually_context":"","bundle_item_grouping":"","bundle_min_size":"","bundle_max_size":"","bundle_price":[],"bundled_items":[],"bundle_sell_ids":[],"etheme_brands":{"errors":{"invalid_taxonomy":["Lubamatu taksonoomia."]},"error_data":[]},"_links":{"self":[{"href":"https:\/\/glamuur.ee\/et\/wp-json\/wp\/v2\/product\/275435","targetHints":{"allow":["GET"]}}],"collection":[{"href":"https:\/\/glamuur.ee\/et\/wp-json\/wp\/v2\/product"}],"about":[{"href":"https:\/\/glamuur.ee\/et\/wp-json\/wp\/v2\/types\/product"}],"replies":[{"embeddable":true,"href":"https:\/\/glamuur.ee\/et\/wp-json\/wp\/v2\/comments?post=275435"}],"wp:featuredmedia":[{"embeddable":true,"href":"https:\/\/glamuur.ee\/et\/wp-json\/wp\/v2\/media\/275436"}],"wp:attachment":[{"href":"https:\/\/glamuur.ee\/et\/wp-json\/wp\/v2\/media?parent=275435"}],"wp:term":[{"taxonomy":"product_brand","embeddable":true,"href":"https:\/\/glamuur.ee\/et\/wp-json\/wp\/v2\/product_brand?post=275435"},{"taxonomy":"product_cat","embeddable":true,"href":"https:\/\/glamuur.ee\/et\/wp-json\/wp\/v2\/product_cat?post=275435"},{"taxonomy":"product_tag","embeddable":true,"href":"https:\/\/glamuur.ee\/et\/wp-json\/wp\/v2\/product_tag?post=275435"},{"taxonomy":"giftcard-category","embeddable":true,"href":"https:\/\/glamuur.ee\/et\/wp-json\/wp\/v2\/giftcard-category?post=275435"}],"curies":[{"name":"wp","href":"https:\/\/api.w.org\/{rel}","templated":true}]}}