{"id":275429,"date":"2025-03-14T11:23:48","date_gmt":"2025-03-14T09:23:48","guid":{"rendered":"https:\/\/glamuur.ee\/?post_type=product&#038;p=275429"},"modified":"2025-11-09T12:44:04","modified_gmt":"2025-11-09T10:44:04","slug":"pronksallure-kaelakee-13","status":"publish","type":"product","link":"https:\/\/glamuur.ee\/et\/product\/bronzallure-necklace-13\/","title":{"rendered":"Bronzallure Kaelakee"},"content":{"rendered":"<p>Bronzallure kaelakee, valmistatud kuldsest roosade sulamist, 18 kt roosakullaga kaetud, forzatinketi ja fikseeritud r\u00f5ngakujulise ripatsiga (20 mm) koos kuubikuliste tsirkooniatega, helendava kvaliteediga. Hummerikinnitus. Pikkus 47 cm, 41 ja 44 cm pikkuste r\u00f5ngastega. Patenteeritud Golden Ros\u00e9 sulam Disainitud ja valmistatud Itaalias Nikli- ja kaadmiumivaba h\u00fcpoallergeenne.<\/p>","protected":false},"excerpt":{"rendered":"<p>Bronzallure necklace made of Golden Ros\u00e9 alloy, 18kt Rose Gold plated, with forzatin chain and fixed ring-shaped pendant (20 mm) with cubic zirconia, luminous quality. Lobster clasp closure. Length 47 cm with rings interposed at 41 and 44 cm. Patented Golden Ros\u00e9 alloy Designed and&#8230;<\/p>","protected":false},"featured_media":275430,"comment_status":"open","ping_status":"closed","template":"","meta":{"jetpack_post_was_ever_published":false},"product_brand":[],"product_cat":[193,195,962,968,727,980,964],"product_tag":[],"giftcard-category":[],"class_list":{"0":"post-275429","1":"product","2":"type-product","3":"status-publish","4":"has-post-thumbnail","6":"product_cat-bronzallure","7":"product_cat-bronzallure-necklaces","8":"product_cat-bronzallure-ss25","9":"product_cat-mothers-day-2025-ti-sento","10":"product_cat-necklaces","11":"product_cat-ready-for-vacation","12":"product_cat-summer-sale-ti-sento","13":"pa_material-golden-rose","14":"pa_metal-color-rose-gold","15":"pa_product-brand-bronzallure","16":"pa_stone-color-pink","17":"pa_type-category-necklaces","19":"first","20":"instock","21":"taxable","22":"shipping-taxable","23":"purchasable","24":"product-type-simple"},"bundled_by":[],"bundle_stock_status":"instock","bundle_stock_quantity":1,"bundle_virtual":false,"bundle_layout":"","bundle_add_to_cart_form_location":"","bundle_editable_in_cart":false,"bundle_sold_individually_context":"","bundle_item_grouping":"","bundle_min_size":"","bundle_max_size":"","bundle_price":[],"bundled_items":[],"bundle_sell_ids":[],"etheme_brands":{"errors":{"invalid_taxonomy":["Lubamatu taksonoomia."]},"error_data":[]},"_links":{"self":[{"href":"https:\/\/glamuur.ee\/et\/wp-json\/wp\/v2\/product\/275429","targetHints":{"allow":["GET"]}}],"collection":[{"href":"https:\/\/glamuur.ee\/et\/wp-json\/wp\/v2\/product"}],"about":[{"href":"https:\/\/glamuur.ee\/et\/wp-json\/wp\/v2\/types\/product"}],"replies":[{"embeddable":true,"href":"https:\/\/glamuur.ee\/et\/wp-json\/wp\/v2\/comments?post=275429"}],"wp:featuredmedia":[{"embeddable":true,"href":"https:\/\/glamuur.ee\/et\/wp-json\/wp\/v2\/media\/275430"}],"wp:attachment":[{"href":"https:\/\/glamuur.ee\/et\/wp-json\/wp\/v2\/media?parent=275429"}],"wp:term":[{"taxonomy":"product_brand","embeddable":true,"href":"https:\/\/glamuur.ee\/et\/wp-json\/wp\/v2\/product_brand?post=275429"},{"taxonomy":"product_cat","embeddable":true,"href":"https:\/\/glamuur.ee\/et\/wp-json\/wp\/v2\/product_cat?post=275429"},{"taxonomy":"product_tag","embeddable":true,"href":"https:\/\/glamuur.ee\/et\/wp-json\/wp\/v2\/product_tag?post=275429"},{"taxonomy":"giftcard-category","embeddable":true,"href":"https:\/\/glamuur.ee\/et\/wp-json\/wp\/v2\/giftcard-category?post=275429"}],"curies":[{"name":"wp","href":"https:\/\/api.w.org\/{rel}","templated":true}]}}