{"id":275339,"date":"2025-03-14T11:23:08","date_gmt":"2025-03-14T09:23:08","guid":{"rendered":"https:\/\/glamuur.ee\/?post_type=product&#038;p=275339"},"modified":"2026-01-13T11:30:04","modified_gmt":"2026-01-13T09:30:04","slug":"pronkskorvarongad-18","status":"publish","type":"product","link":"https:\/\/glamuur.ee\/et\/product\/bronzallure-earrings-18\/","title":{"rendered":"Bronzallure K\u00f5rvar\u00f5ngad"},"content":{"rendered":"<p>Bronzallure k\u00f5rvar\u00f5ngad, valmistatud kuldsest roosade sulamist, 18 kt roosakullaga kaetud, \u00e9toile-kujulise vastasmustriga ja valguspunktiga (3 mm) ning kahekordse poolringiga, millest \u00fcks on kaetud kuubilise tsirkooniumiga (2 mm), helendava kvaliteediga. N\u00f6\u00f6pn\u00f5el ja liblikakinnitus. Patenteeritud Golden Ros\u00e9 sulam Disainitud ja valmistatud Itaalias Nikli- ja kaadmiumivaba h\u00fcpoallergeenne<\/p>","protected":false},"excerpt":{"rendered":"<p>Bronzallure earrings made of Golden Ros\u00e9 alloy, 18kt Rose Gold plated, with \u00e9toile-shaped counter-mesh and light point (3 mm) and double semi-circle one of which is covered with cubic zirconia (2 mm), luminous quality. Pin and butterfly clasp. Patented Golden Ros\u00e9 alloy Designed and made&#8230;<\/p>","protected":false},"featured_media":275340,"comment_status":"open","ping_status":"closed","template":"","meta":{"jetpack_post_was_ever_published":false},"product_brand":[],"product_cat":[193,194,962,725,979,968],"product_tag":[],"giftcard-category":[],"class_list":{"0":"post-275339","1":"product","2":"type-product","3":"status-publish","4":"has-post-thumbnail","6":"product_cat-bronzallure","7":"product_cat-bronzallure-earrings","8":"product_cat-bronzallure-ss25","9":"product_cat-earrings","10":"product_cat-graduation-2025","11":"product_cat-mothers-day-2025-ti-sento","12":"pa_material-golden-rose","13":"pa_metal-color-rose-gold","14":"pa_product-brand-bronzallure","15":"pa_stone-color-white","16":"pa_type-category-earrings","18":"first","19":"instock","20":"sale","21":"taxable","22":"shipping-taxable","23":"purchasable","24":"product-type-simple"},"bundled_by":[],"bundle_stock_status":"instock","bundle_stock_quantity":1,"bundle_virtual":false,"bundle_layout":"","bundle_add_to_cart_form_location":"","bundle_editable_in_cart":false,"bundle_sold_individually_context":"","bundle_item_grouping":"","bundle_min_size":"","bundle_max_size":"","bundle_price":[],"bundled_items":[],"bundle_sell_ids":[],"etheme_brands":{"errors":{"invalid_taxonomy":["Lubamatu taksonoomia."]},"error_data":[]},"_links":{"self":[{"href":"https:\/\/glamuur.ee\/et\/wp-json\/wp\/v2\/product\/275339","targetHints":{"allow":["GET"]}}],"collection":[{"href":"https:\/\/glamuur.ee\/et\/wp-json\/wp\/v2\/product"}],"about":[{"href":"https:\/\/glamuur.ee\/et\/wp-json\/wp\/v2\/types\/product"}],"replies":[{"embeddable":true,"href":"https:\/\/glamuur.ee\/et\/wp-json\/wp\/v2\/comments?post=275339"}],"wp:featuredmedia":[{"embeddable":true,"href":"https:\/\/glamuur.ee\/et\/wp-json\/wp\/v2\/media\/275340"}],"wp:attachment":[{"href":"https:\/\/glamuur.ee\/et\/wp-json\/wp\/v2\/media?parent=275339"}],"wp:term":[{"taxonomy":"product_brand","embeddable":true,"href":"https:\/\/glamuur.ee\/et\/wp-json\/wp\/v2\/product_brand?post=275339"},{"taxonomy":"product_cat","embeddable":true,"href":"https:\/\/glamuur.ee\/et\/wp-json\/wp\/v2\/product_cat?post=275339"},{"taxonomy":"product_tag","embeddable":true,"href":"https:\/\/glamuur.ee\/et\/wp-json\/wp\/v2\/product_tag?post=275339"},{"taxonomy":"giftcard-category","embeddable":true,"href":"https:\/\/glamuur.ee\/et\/wp-json\/wp\/v2\/giftcard-category?post=275339"}],"curies":[{"name":"wp","href":"https:\/\/api.w.org\/{rel}","templated":true}]}}