{"id":275321,"date":"2025-03-14T11:22:58","date_gmt":"2025-03-14T09:22:58","guid":{"rendered":"https:\/\/glamuur.ee\/?post_type=product&#038;p=275321"},"modified":"2026-02-23T14:30:41","modified_gmt":"2026-02-23T12:30:41","slug":"pronksvalge-kaevoru-14","status":"publish","type":"product","link":"https:\/\/glamuur.ee\/et\/product\/bronzallure-bracelet-14\/","title":{"rendered":"Bronzallure K\u00e4ev\u00f5ru"},"content":{"rendered":"<p>Bronzallure k\u00e4ev\u00f5ru, mis on valmistatud 18 kt roosakullaga kaetud kuldsest kullasulamist, milles vahelduvad lihvitud ristk\u00fclikukujulised elemendid (13\u00d79 mm) ja baguette'i lihvitud prismakivid (11\u00d78 mm). Pikkus 17+4,5 cm. Karabiinikinnitus. Patenteeritud Golden Ros\u00e9 sulam Disainitud ja valmistatud Itaalias Nikli- ja kaadmiumivaba h\u00fcpoallergeenne.<\/p>","protected":false},"excerpt":{"rendered":"<p>Bronzallure k\u00e4ev\u00f5ru, mis on valmistatud 18 kt roosakullaga kaetud kuldsest kullasulamist, milles vahelduvad lihvitud ristk\u00fclikukujulised elemendid (13\u00d79 mm) ja baguette'i lihvitud prismakivid (11\u00d78 mm). Pikkus 17+4,5 cm. Karabiinikinnitus. Patenteeritud Golden Ros\u00e9 sulam Disainitud ja valmistatud Itaalias Nikli- ja kaadmiumivaba h\u00fcpoallergeenne.<\/p>","protected":false},"featured_media":275322,"comment_status":"open","ping_status":"closed","template":"","meta":{"jetpack_post_was_ever_published":false},"product_brand":[],"product_cat":[726,193,196,962,979,968,980,964],"product_tag":[],"giftcard-category":[],"class_list":{"0":"post-275321","1":"product","2":"type-product","3":"status-publish","4":"has-post-thumbnail","6":"product_cat-bracelets","7":"product_cat-bronzallure","8":"product_cat-bronzallure-bracelets","9":"product_cat-bronzallure-ss25","10":"product_cat-graduation-2025","11":"product_cat-mothers-day-2025-ti-sento","12":"product_cat-ready-for-vacation","13":"product_cat-summer-sale-ti-sento","14":"pa_material-golden-rose","15":"pa_metal-color-rose-gold","16":"pa_product-brand-bronzallure","17":"pa_stone-color-blue","18":"pa_type-category-bracelets","20":"first","21":"outofstock","22":"taxable","23":"shipping-taxable","24":"purchasable","25":"product-type-simple"},"bundled_by":[],"bundle_stock_status":"outofstock","bundle_stock_quantity":0,"bundle_virtual":false,"bundle_layout":"","bundle_add_to_cart_form_location":"","bundle_editable_in_cart":false,"bundle_sold_individually_context":"","bundle_item_grouping":"","bundle_min_size":"","bundle_max_size":"","bundle_price":[],"bundled_items":[],"bundle_sell_ids":[],"etheme_brands":{"errors":{"invalid_taxonomy":["Lubamatu taksonoomia."]},"error_data":[]},"_links":{"self":[{"href":"https:\/\/glamuur.ee\/et\/wp-json\/wp\/v2\/product\/275321","targetHints":{"allow":["GET"]}}],"collection":[{"href":"https:\/\/glamuur.ee\/et\/wp-json\/wp\/v2\/product"}],"about":[{"href":"https:\/\/glamuur.ee\/et\/wp-json\/wp\/v2\/types\/product"}],"replies":[{"embeddable":true,"href":"https:\/\/glamuur.ee\/et\/wp-json\/wp\/v2\/comments?post=275321"}],"wp:featuredmedia":[{"embeddable":true,"href":"https:\/\/glamuur.ee\/et\/wp-json\/wp\/v2\/media\/275322"}],"wp:attachment":[{"href":"https:\/\/glamuur.ee\/et\/wp-json\/wp\/v2\/media?parent=275321"}],"wp:term":[{"taxonomy":"product_brand","embeddable":true,"href":"https:\/\/glamuur.ee\/et\/wp-json\/wp\/v2\/product_brand?post=275321"},{"taxonomy":"product_cat","embeddable":true,"href":"https:\/\/glamuur.ee\/et\/wp-json\/wp\/v2\/product_cat?post=275321"},{"taxonomy":"product_tag","embeddable":true,"href":"https:\/\/glamuur.ee\/et\/wp-json\/wp\/v2\/product_tag?post=275321"},{"taxonomy":"giftcard-category","embeddable":true,"href":"https:\/\/glamuur.ee\/et\/wp-json\/wp\/v2\/giftcard-category?post=275321"}],"curies":[{"name":"wp","href":"https:\/\/api.w.org\/{rel}","templated":true}]}}