{"id":275153,"date":"2025-03-07T11:01:22","date_gmt":"2025-03-07T09:01:22","guid":{"rendered":"https:\/\/glamuur.ee\/?post_type=product&#038;p=275153"},"modified":"2026-02-16T13:52:00","modified_gmt":"2026-02-16T11:52:00","slug":"ti-sento-bracelet-2892db-3","status":"publish","type":"product","link":"https:\/\/glamuur.ee\/et\/product\/ti-sento-bracelet-2892db-3\/","title":{"rendered":"TI SENTO k\u00e4ev\u00f5ru 2892DB"},"content":{"rendered":"<p>Sukeldu ajatu elegantsi, kasutades TI SENTO Pav\u00e9 h\u00f5bedast k\u00e4ev\u00f5ru 2892DB, mis \u00fchendab endas klassikalise elegantsi ja kaasaegse disaini. See k\u00e4ev\u00f5ru on valmistatud 925 sterlingh\u00f5bedast ja kaetud helendava plaatinaga, mis tagab p\u00fcsiva s\u00e4ra, ning sellel on vaheldumisi l\u00e4bikumavad s\u00fcgavsinised kivid ja s\u00e4delevad valged tsirkooniumoksiidiga paveeritud kivid.<\/p>\n<p>Silmusesse asetatud sinised kivid peegeldavad mere rahulikke ja salap\u00e4raseid v\u00e4rvitoone, samal ajal kui pimestavad tsirkooniaaktsendid meenutavad veepinnal tantsiva p\u00e4ikesevalguse s\u00e4ra. Disaini elegantsed jooned ning v\u00e4rvide ja s\u00e4deluse harmooniline tasakaal teevad sellest k\u00e4ev\u00f5rust suurep\u00e4rase aksessuaari igaks juhuks.<\/p>\n<p>Ideaalne eraldiseisvana v\u00f5i teiste k\u00e4ev\u00f5rudega kombineerituna, on see ese h\u00fcpoallergeenne ja niklivaba, pakkudes erakordset mugavust ja kvaliteeti. Tehke see k\u00e4ev\u00f5ru oma valikuks, et t\u00f5sta nii p\u00e4evast kui ka \u00f5htust v\u00e4limust.<\/p>","protected":false},"excerpt":{"rendered":"<h2>See k\u00e4ev\u00f5ru on suurus L ja sobib randmetele m\u00f5\u00f5tudega 17.6cm - 19.5cm.<\/h2>\n<p>Sukeldu ajatu elegantsi, kasutades TI SENTO Pav\u00e9 h\u00f5bedast k\u00e4ev\u00f5ru 2892DB, mis \u00fchendab endas klassikalise elegantsi ja kaasaegse disaini. See k\u00e4ev\u00f5ru on valmistatud 925 sterlingh\u00f5bedast ja kaetud helendava plaatinaga, mis tagab p\u00fcsiva s\u00e4ra, ning sellel on vaheldumisi l\u00e4bikumavad s\u00fcgavsinised kivid ja s\u00e4delevad valged tsirkooniumoksiidiga paveeritud kivid.<\/p>\n<p>Silmusesse asetatud sinised kivid peegeldavad mere rahulikke ja salap\u00e4raseid v\u00e4rvitoone, samal ajal kui pimestavad tsirkooniaaktsendid meenutavad veepinnal tantsiva p\u00e4ikesevalguse s\u00e4ra. Disaini elegantsed jooned ning v\u00e4rvide ja s\u00e4deluse harmooniline tasakaal teevad sellest k\u00e4ev\u00f5rust suurep\u00e4rase aksessuaari igaks juhuks.<\/p>\n<p>Ideaalne eraldiseisvana v\u00f5i teiste k\u00e4ev\u00f5rudega kombineerituna, on see ese h\u00fcpoallergeenne ja niklivaba, pakkudes erakordset mugavust ja kvaliteeti. Tehke see k\u00e4ev\u00f5ru oma valikuks, et t\u00f5sta nii p\u00e4evast kui ka \u00f5htust v\u00e4limust.<\/p>","protected":false},"featured_media":273861,"comment_status":"open","ping_status":"closed","template":"","meta":{"jetpack_post_was_ever_published":false},"product_brand":[],"product_cat":[726,979,968,599,939,964,72,147,961],"product_tag":[],"giftcard-category":[],"class_list":{"0":"post-275153","1":"product","2":"type-product","3":"status-publish","4":"has-post-thumbnail","6":"product_cat-bracelets","7":"product_cat-graduation-2025","8":"product_cat-mothers-day-2025-ti-sento","9":"product_cat-sale","10":"product_cat-ti-sento-sale-europe","11":"product_cat-summer-sale-ti-sento","12":"product_cat-ti-sento-milano","13":"product_cat-ti-sento-milano-bracelets","14":"product_cat-ti-sento-milano-ss25","15":"pa_material-silver","16":"pa_metal-color-silver","17":"pa_product-brand-ti-sento-milano","18":"pa_size-l","19":"pa_stone-color-blue","20":"pa_type-category-bracelets","22":"first","23":"instock","24":"taxable","25":"shipping-taxable","26":"purchasable","27":"product-type-simple"},"bundled_by":[],"bundle_stock_status":"instock","bundle_stock_quantity":1,"bundle_virtual":false,"bundle_layout":"","bundle_add_to_cart_form_location":"","bundle_editable_in_cart":false,"bundle_sold_individually_context":"","bundle_item_grouping":"","bundle_min_size":"","bundle_max_size":"","bundle_price":[],"bundled_items":[],"bundle_sell_ids":[],"etheme_brands":{"errors":{"invalid_taxonomy":["Lubamatu taksonoomia."]},"error_data":[]},"_links":{"self":[{"href":"https:\/\/glamuur.ee\/et\/wp-json\/wp\/v2\/product\/275153","targetHints":{"allow":["GET"]}}],"collection":[{"href":"https:\/\/glamuur.ee\/et\/wp-json\/wp\/v2\/product"}],"about":[{"href":"https:\/\/glamuur.ee\/et\/wp-json\/wp\/v2\/types\/product"}],"replies":[{"embeddable":true,"href":"https:\/\/glamuur.ee\/et\/wp-json\/wp\/v2\/comments?post=275153"}],"wp:featuredmedia":[{"embeddable":true,"href":"https:\/\/glamuur.ee\/et\/wp-json\/wp\/v2\/media\/273861"}],"wp:attachment":[{"href":"https:\/\/glamuur.ee\/et\/wp-json\/wp\/v2\/media?parent=275153"}],"wp:term":[{"taxonomy":"product_brand","embeddable":true,"href":"https:\/\/glamuur.ee\/et\/wp-json\/wp\/v2\/product_brand?post=275153"},{"taxonomy":"product_cat","embeddable":true,"href":"https:\/\/glamuur.ee\/et\/wp-json\/wp\/v2\/product_cat?post=275153"},{"taxonomy":"product_tag","embeddable":true,"href":"https:\/\/glamuur.ee\/et\/wp-json\/wp\/v2\/product_tag?post=275153"},{"taxonomy":"giftcard-category","embeddable":true,"href":"https:\/\/glamuur.ee\/et\/wp-json\/wp\/v2\/giftcard-category?post=275153"}],"curies":[{"name":"wp","href":"https:\/\/api.w.org\/{rel}","templated":true}]}}