{"id":275145,"date":"2025-03-07T11:01:03","date_gmt":"2025-03-07T09:01:03","guid":{"rendered":"https:\/\/glamuur.ee\/?post_type=product&#038;p=275145"},"modified":"2026-02-16T13:50:46","modified_gmt":"2026-02-16T11:50:46","slug":"ti-sento-kaevoru-23079zi","status":"publish","type":"product","link":"https:\/\/glamuur.ee\/et\/product\/ti-sento-bracelet-23079zi\/","title":{"rendered":"TI SENTO k\u00e4ev\u00f5ru 23079ZI"},"content":{"rendered":"<p>M\u00e4\u00e4ratle kaasaegne elegantsus uuesti selle TI SENTO h\u00f5bedast k\u00e4ev\u00f5ru 23079ZI abil, mis on moodne meistriteos, mis on loodud v\u00f5luvaks. See silmatorkav k\u00e4ev\u00f5ru on valmistatud 925 sterlingh\u00f5bedast ja kaetud s\u00e4rava plaatinaga ning seda kaunistab julge geomeetriline kuusnurkne disain, mida kaunistab s\u00e4rava valge tsirkooniumiga pav\u00e9.<\/p>\n<p>Kuusnurkse mustri teravad, nurgelised jooned loovad elegantse ja struktureeritud esteetika, samas kui helendav plaatinaplaatimine ja s\u00e4ravad kivid lisavad rafineeritust ja s\u00e4ra. See k\u00e4ev\u00f5ru t\u00e4histab individuaalsust ja on tunnistus julge, tagasihoidliku elegantsi v\u00f5imsusest.<\/p>\n<p>Kanna seda \u00fcksi minimalistliku avalduse tegemiseks v\u00f5i kanna seda koos teiste TI SENTO esemetega, et luua l\u00e4bim\u00f5eldud ja keerukas v\u00e4limus. See h\u00fcpoallergeenne ja niklivaba k\u00e4ev\u00f5ru pakub \u00fclimat mugavust ja kvaliteeti, muutes selle luksuslikuks ja mitmek\u00fclgseks t\u00e4ienduseks teie ehtekollektsioonile.<\/p>","protected":false},"excerpt":{"rendered":"<h2>See k\u00e4ev\u00f5ru on suuruses S ja sobib randmele pikkusega 14,0 - 15,4 cm.<\/h2>","protected":false},"featured_media":273996,"comment_status":"open","ping_status":"closed","template":"","meta":{"jetpack_post_was_ever_published":false},"product_brand":[1057],"product_cat":[726,979,968,599,939,964,72,147,961],"product_tag":[],"giftcard-category":[],"class_list":{"0":"post-275145","1":"product","2":"type-product","3":"status-publish","4":"has-post-thumbnail","6":"product_brand-ti-sento","7":"product_cat-bracelets","8":"product_cat-graduation-2025","9":"product_cat-mothers-day-2025-ti-sento","10":"product_cat-sale","11":"product_cat-ti-sento-sale-europe","12":"product_cat-summer-sale-ti-sento","13":"product_cat-ti-sento-milano","14":"product_cat-ti-sento-milano-bracelets","15":"product_cat-ti-sento-milano-ss25","16":"pa_material-silver","17":"pa_metal-color-silver","18":"pa_product-brand-ti-sento-milano","19":"pa_size-s","20":"pa_stone-color-white","21":"pa_type-category-bracelets","23":"first","24":"instock","25":"taxable","26":"shipping-taxable","27":"purchasable","28":"product-type-simple"},"bundled_by":[],"bundle_stock_status":"instock","bundle_stock_quantity":1,"bundle_virtual":false,"bundle_layout":"","bundle_add_to_cart_form_location":"","bundle_editable_in_cart":false,"bundle_sold_individually_context":"","bundle_item_grouping":"","bundle_min_size":"","bundle_max_size":"","bundle_price":[],"bundled_items":[],"bundle_sell_ids":[],"etheme_brands":{"errors":{"invalid_taxonomy":["Lubamatu taksonoomia."]},"error_data":[]},"_links":{"self":[{"href":"https:\/\/glamuur.ee\/et\/wp-json\/wp\/v2\/product\/275145","targetHints":{"allow":["GET"]}}],"collection":[{"href":"https:\/\/glamuur.ee\/et\/wp-json\/wp\/v2\/product"}],"about":[{"href":"https:\/\/glamuur.ee\/et\/wp-json\/wp\/v2\/types\/product"}],"replies":[{"embeddable":true,"href":"https:\/\/glamuur.ee\/et\/wp-json\/wp\/v2\/comments?post=275145"}],"wp:featuredmedia":[{"embeddable":true,"href":"https:\/\/glamuur.ee\/et\/wp-json\/wp\/v2\/media\/273996"}],"wp:attachment":[{"href":"https:\/\/glamuur.ee\/et\/wp-json\/wp\/v2\/media?parent=275145"}],"wp:term":[{"taxonomy":"product_brand","embeddable":true,"href":"https:\/\/glamuur.ee\/et\/wp-json\/wp\/v2\/product_brand?post=275145"},{"taxonomy":"product_cat","embeddable":true,"href":"https:\/\/glamuur.ee\/et\/wp-json\/wp\/v2\/product_cat?post=275145"},{"taxonomy":"product_tag","embeddable":true,"href":"https:\/\/glamuur.ee\/et\/wp-json\/wp\/v2\/product_tag?post=275145"},{"taxonomy":"giftcard-category","embeddable":true,"href":"https:\/\/glamuur.ee\/et\/wp-json\/wp\/v2\/giftcard-category?post=275145"}],"curies":[{"name":"wp","href":"https:\/\/api.w.org\/{rel}","templated":true}]}}