{"id":275142,"date":"2025-03-07T11:01:01","date_gmt":"2025-03-07T09:01:01","guid":{"rendered":"https:\/\/glamuur.ee\/?post_type=product&#038;p=275142"},"modified":"2026-02-16T13:50:44","modified_gmt":"2026-02-16T11:50:44","slug":"ti-sento-kaevoru-23079sy","status":"publish","type":"product","link":"https:\/\/glamuur.ee\/et\/product\/ti-sento-bracelet-23079sy\/","title":{"rendered":"TI SENTO k\u00e4ev\u00f5ru 23079SY"},"content":{"rendered":"<p>T\u00f5sta oma igap\u00e4evast stiili TI SENTO kullatud h\u00f5bedast k\u00e4ev\u00f5ru 23079SY, mis on ajatu elegantsi kaasaegne t\u00f5lgendus. See peen k\u00e4ev\u00f5ru on valmistatud 925 sterlingh\u00f5bedast ja kaetud sooja kollase kullaga ning sellel on silmatorkav geomeetriline kuusnurkne disain. Siledate k\u00f5verate ja teravate nurkade koosm\u00f5ju loob lummava visuaalse efekti, samas kui soe kollane kullakate lisab luksuslikku soojust. See k\u00e4ev\u00f5ru t\u00e4histab individuaalsust ja on tunnistus tagasihoidliku elegantsi v\u00f5imsusest. Kandke seda \u00fcksi, et anda minimalistlik avaldus, v\u00f5i kandke seda koos teiste TI SENTO esemetega, et luua l\u00e4bim\u00f5eldud ja rafineeritud v\u00e4limus. Tundliku naha eest hoolitsedes valmistatud niklivaba ja h\u00fcpoallergeenne k\u00e4ev\u00f5ru tagab kestva mugavuse ja kvaliteedi.<\/p>","protected":false},"excerpt":{"rendered":"<h2>See k\u00e4ev\u00f5ru on suuruses S ja sobib randmele pikkusega 14,0 - 15,4 cm.<\/h2>","protected":false},"featured_media":303927,"comment_status":"open","ping_status":"closed","template":"","meta":{"jetpack_post_was_ever_published":false},"product_brand":[1057],"product_cat":[726,979,968,599,939,964,72,147,961],"product_tag":[],"giftcard-category":[],"class_list":{"0":"post-275142","1":"product","2":"type-product","3":"status-publish","4":"has-post-thumbnail","6":"product_brand-ti-sento","7":"product_cat-bracelets","8":"product_cat-graduation-2025","9":"product_cat-mothers-day-2025-ti-sento","10":"product_cat-sale","11":"product_cat-ti-sento-sale-europe","12":"product_cat-summer-sale-ti-sento","13":"product_cat-ti-sento-milano","14":"product_cat-ti-sento-milano-bracelets","15":"product_cat-ti-sento-milano-ss25","16":"pa_material-silver","17":"pa_metal-color-yellow-gold","18":"pa_product-brand-ti-sento-milano","19":"pa_size-s","20":"pa_stone-color-without-stones","21":"pa_type-category-bracelets","23":"first","24":"instock","25":"taxable","26":"shipping-taxable","27":"purchasable","28":"product-type-simple"},"bundled_by":[],"bundle_stock_status":"instock","bundle_stock_quantity":1,"bundle_virtual":false,"bundle_layout":"","bundle_add_to_cart_form_location":"","bundle_editable_in_cart":false,"bundle_sold_individually_context":"","bundle_item_grouping":"","bundle_min_size":"","bundle_max_size":"","bundle_price":[],"bundled_items":[],"bundle_sell_ids":[],"etheme_brands":{"errors":{"invalid_taxonomy":["Lubamatu taksonoomia."]},"error_data":[]},"_links":{"self":[{"href":"https:\/\/glamuur.ee\/et\/wp-json\/wp\/v2\/product\/275142","targetHints":{"allow":["GET"]}}],"collection":[{"href":"https:\/\/glamuur.ee\/et\/wp-json\/wp\/v2\/product"}],"about":[{"href":"https:\/\/glamuur.ee\/et\/wp-json\/wp\/v2\/types\/product"}],"replies":[{"embeddable":true,"href":"https:\/\/glamuur.ee\/et\/wp-json\/wp\/v2\/comments?post=275142"}],"wp:featuredmedia":[{"embeddable":true,"href":"https:\/\/glamuur.ee\/et\/wp-json\/wp\/v2\/media\/303927"}],"wp:attachment":[{"href":"https:\/\/glamuur.ee\/et\/wp-json\/wp\/v2\/media?parent=275142"}],"wp:term":[{"taxonomy":"product_brand","embeddable":true,"href":"https:\/\/glamuur.ee\/et\/wp-json\/wp\/v2\/product_brand?post=275142"},{"taxonomy":"product_cat","embeddable":true,"href":"https:\/\/glamuur.ee\/et\/wp-json\/wp\/v2\/product_cat?post=275142"},{"taxonomy":"product_tag","embeddable":true,"href":"https:\/\/glamuur.ee\/et\/wp-json\/wp\/v2\/product_tag?post=275142"},{"taxonomy":"giftcard-category","embeddable":true,"href":"https:\/\/glamuur.ee\/et\/wp-json\/wp\/v2\/giftcard-category?post=275142"}],"curies":[{"name":"wp","href":"https:\/\/api.w.org\/{rel}","templated":true}]}}