{"id":275137,"date":"2025-03-07T11:00:50","date_gmt":"2025-03-07T09:00:50","guid":{"rendered":"https:\/\/glamuur.ee\/?post_type=product&#038;p=275137"},"modified":"2026-04-09T20:00:05","modified_gmt":"2026-04-09T17:00:05","slug":"ti-sento-kaevoru-23077yp-2","status":"publish","type":"product","link":"https:\/\/glamuur.ee\/et\/product\/ti-sento-bracelet-23077yp-2\/","title":{"rendered":"TI SENTO k\u00e4ev\u00f5ru 23077YP"},"content":{"rendered":"<p>Tehke sel suvel avaldus TI SENTO kullatud kaherealise p\u00e4rli k\u00e4ev\u00f5ruga 23077ZY, mis on elegantsi ja rafineerituse h\u00e4mmastav segu. See k\u00e4ev\u00f5ru on valmistatud esmaklassilisest 925 sterlingh\u00f5bedast ja sellel on kaks rida s\u00e4ravaid valgeid p\u00e4rleid, mida r\u00f5hutavad kollase kullatud detailid, mis lisavad sooja ja luksuslikku s\u00e4ra.<\/p>\n<p>Disaini t\u00e4iendab turvaline ja kaunilt t\u00f6\u00f6deldud klamber, mis tagab nii stiili kui ka meelerahu. Selle ajatu elegantsi ja s\u00e4rava v\u00f5lu t\u00f5ttu on see ideaalne aksessuaar p\u00e4ikesepaistelisteks p\u00e4evadeks ja leebeteks \u00f5htuteks, sobides vaevata nii vabaaja- kui ka ametlike r\u00f5ivaste juurde. See h\u00fcpoallergeenne ja niklivaba k\u00e4ev\u00f5ru pakub erakordset mugavust ja kvaliteeti, muutes selle mitmek\u00fclgseks ja hinnatud t\u00e4ienduseks teie ehtekollektsioonile.<\/p>","protected":false},"excerpt":{"rendered":"<h2>See k\u00e4ev\u00f5ru on suurus M ja sobib randmetele m\u00f5\u00f5tudega 15.6cm - 17.4cm.<\/h2>","protected":false},"featured_media":273988,"comment_status":"open","ping_status":"closed","template":"","meta":{"jetpack_post_was_ever_published":false},"product_brand":[1057],"product_cat":[726,979,968,945,939,964,72,147,961,976],"product_tag":[],"giftcard-category":[],"class_list":{"0":"post-275137","1":"product","2":"type-product","3":"status-publish","4":"has-post-thumbnail","6":"product_brand-ti-sento","7":"product_cat-bracelets","8":"product_cat-graduation-2025","9":"product_cat-mothers-day-2025-ti-sento","10":"product_cat-pearls","11":"product_cat-ti-sento-sale-europe","12":"product_cat-summer-sale-ti-sento","13":"product_cat-ti-sento-milano","14":"product_cat-ti-sento-milano-bracelets","15":"product_cat-ti-sento-milano-ss25","16":"product_cat-wedding-season","17":"pa_material-silver","18":"pa_metal-color-yellow-gold","19":"pa_product-brand-ti-sento-milano","20":"pa_size-m","21":"pa_stone-color-pearl","22":"pa_type-category-bracelets","24":"first","25":"instock","26":"taxable","27":"shipping-taxable","28":"purchasable","29":"product-type-simple"},"bundled_by":[],"bundle_stock_status":"instock","bundle_stock_quantity":3,"bundle_virtual":false,"bundle_layout":"","bundle_add_to_cart_form_location":"","bundle_editable_in_cart":false,"bundle_sold_individually_context":"","bundle_item_grouping":"","bundle_min_size":"","bundle_max_size":"","bundle_price":[],"bundled_items":[],"bundle_sell_ids":[],"etheme_brands":{"errors":{"invalid_taxonomy":["Lubamatu taksonoomia."]},"error_data":[]},"_links":{"self":[{"href":"https:\/\/glamuur.ee\/et\/wp-json\/wp\/v2\/product\/275137","targetHints":{"allow":["GET"]}}],"collection":[{"href":"https:\/\/glamuur.ee\/et\/wp-json\/wp\/v2\/product"}],"about":[{"href":"https:\/\/glamuur.ee\/et\/wp-json\/wp\/v2\/types\/product"}],"replies":[{"embeddable":true,"href":"https:\/\/glamuur.ee\/et\/wp-json\/wp\/v2\/comments?post=275137"}],"wp:featuredmedia":[{"embeddable":true,"href":"https:\/\/glamuur.ee\/et\/wp-json\/wp\/v2\/media\/273988"}],"wp:attachment":[{"href":"https:\/\/glamuur.ee\/et\/wp-json\/wp\/v2\/media?parent=275137"}],"wp:term":[{"taxonomy":"product_brand","embeddable":true,"href":"https:\/\/glamuur.ee\/et\/wp-json\/wp\/v2\/product_brand?post=275137"},{"taxonomy":"product_cat","embeddable":true,"href":"https:\/\/glamuur.ee\/et\/wp-json\/wp\/v2\/product_cat?post=275137"},{"taxonomy":"product_tag","embeddable":true,"href":"https:\/\/glamuur.ee\/et\/wp-json\/wp\/v2\/product_tag?post=275137"},{"taxonomy":"giftcard-category","embeddable":true,"href":"https:\/\/glamuur.ee\/et\/wp-json\/wp\/v2\/giftcard-category?post=275137"}],"curies":[{"name":"wp","href":"https:\/\/api.w.org\/{rel}","templated":true}]}}