{"id":275133,"date":"2025-03-07T11:00:43","date_gmt":"2025-03-07T09:00:43","guid":{"rendered":"https:\/\/glamuur.ee\/?post_type=product&#038;p=275133"},"modified":"2026-02-16T13:50:42","modified_gmt":"2026-02-16T11:50:42","slug":"ti-sento-bracelet-23075zy","status":"publish","type":"product","link":"https:\/\/glamuur.ee\/et\/product\/ti-sento-bracelet-23075zy\/","title":{"rendered":"TI SENTO k\u00e4ev\u00f5ru 23075ZY"},"content":{"rendered":"<p>T\u00f5sta oma stiili TI SENTO kullatud h\u00f5bedast p\u00e4rli k\u00e4ev\u00f5ru 23075ZY, mis on luksuslik looming, mis on valmistatud esmaklassilisest 925 sterlingh\u00f5bedast ja kaetud s\u00e4rava kollase kullaga. Selles ainulaadses disainis on keerukas kombinatsioon kullatud l\u00fclidest, helendavatest p\u00e4rlitest ja pimestavast tsirkooniumist, mis \u00fchendab sujuvalt rafineerituse ja v\u00f5lu.<\/p>\n<p>See k\u00e4ev\u00f5ru sobib ideaalselt nii suviste seikluste kui ka elegantsete \u00f5htute jaoks ning selle julge, kuid rafineeritud esteetika v\u00e4ljendab ajatut ilu. Tekstuuride ja materjalide harmooniline koosm\u00f5ju lisab s\u00fcgavust ja iseloomu igale riietusele, muutes selle ideaalseks esemeks igaks juhuks.<\/p>\n<p>See h\u00fcpoallergeenne ja niklivaba k\u00e4ev\u00f5ru tagab mugavuse ilma kvaliteedist j\u00e4releandmisi tegemata, muutes selle teie ehtekollektsiooni silmapaistvaks t\u00e4ienduseks. Las see lummav k\u00e4ev\u00f5ru t\u00f5stab teie garderoobi elegantsi uutesse k\u00f5rgustesse.<\/p>","protected":false},"excerpt":{"rendered":"<h2>See k\u00e4ev\u00f5ru on suuruses S ja sobib randmele pikkusega 14,0 - 15,4 cm.<\/h2>","protected":false},"featured_media":273979,"comment_status":"open","ping_status":"closed","template":"","meta":{"jetpack_post_was_ever_published":false},"product_brand":[],"product_cat":[726,979,968,939,964,72,147,961],"product_tag":[],"giftcard-category":[],"class_list":{"0":"post-275133","1":"product","2":"type-product","3":"status-publish","4":"has-post-thumbnail","6":"product_cat-bracelets","7":"product_cat-graduation-2025","8":"product_cat-mothers-day-2025-ti-sento","9":"product_cat-ti-sento-sale-europe","10":"product_cat-summer-sale-ti-sento","11":"product_cat-ti-sento-milano","12":"product_cat-ti-sento-milano-bracelets","13":"product_cat-ti-sento-milano-ss25","14":"pa_material-silver","15":"pa_metal-color-yellow-gold","16":"pa_product-brand-ti-sento-milano","17":"pa_size-s","18":"pa_stone-color-white","19":"pa_type-category-bracelets","21":"first","22":"outofstock","23":"sale","24":"taxable","25":"shipping-taxable","26":"purchasable","27":"product-type-simple"},"bundled_by":[],"bundle_stock_status":"outofstock","bundle_stock_quantity":0,"bundle_virtual":false,"bundle_layout":"","bundle_add_to_cart_form_location":"","bundle_editable_in_cart":false,"bundle_sold_individually_context":"","bundle_item_grouping":"","bundle_min_size":"","bundle_max_size":"","bundle_price":[],"bundled_items":[],"bundle_sell_ids":[],"etheme_brands":{"errors":{"invalid_taxonomy":["Lubamatu taksonoomia."]},"error_data":[]},"_links":{"self":[{"href":"https:\/\/glamuur.ee\/et\/wp-json\/wp\/v2\/product\/275133","targetHints":{"allow":["GET"]}}],"collection":[{"href":"https:\/\/glamuur.ee\/et\/wp-json\/wp\/v2\/product"}],"about":[{"href":"https:\/\/glamuur.ee\/et\/wp-json\/wp\/v2\/types\/product"}],"replies":[{"embeddable":true,"href":"https:\/\/glamuur.ee\/et\/wp-json\/wp\/v2\/comments?post=275133"}],"wp:featuredmedia":[{"embeddable":true,"href":"https:\/\/glamuur.ee\/et\/wp-json\/wp\/v2\/media\/273979"}],"wp:attachment":[{"href":"https:\/\/glamuur.ee\/et\/wp-json\/wp\/v2\/media?parent=275133"}],"wp:term":[{"taxonomy":"product_brand","embeddable":true,"href":"https:\/\/glamuur.ee\/et\/wp-json\/wp\/v2\/product_brand?post=275133"},{"taxonomy":"product_cat","embeddable":true,"href":"https:\/\/glamuur.ee\/et\/wp-json\/wp\/v2\/product_cat?post=275133"},{"taxonomy":"product_tag","embeddable":true,"href":"https:\/\/glamuur.ee\/et\/wp-json\/wp\/v2\/product_tag?post=275133"},{"taxonomy":"giftcard-category","embeddable":true,"href":"https:\/\/glamuur.ee\/et\/wp-json\/wp\/v2\/giftcard-category?post=275133"}],"curies":[{"name":"wp","href":"https:\/\/api.w.org\/{rel}","templated":true}]}}