{"id":275131,"date":"2025-03-07T11:00:40","date_gmt":"2025-03-07T09:00:40","guid":{"rendered":"https:\/\/glamuur.ee\/?post_type=product&#038;p=275131"},"modified":"2026-04-10T18:58:07","modified_gmt":"2026-04-10T15:58:07","slug":"ti-sento-kaevoru-23074pw-2","status":"publish","type":"product","link":"https:\/\/glamuur.ee\/et\/product\/ti-sento-bracelet-23074pw-2\/","title":{"rendered":"TI SENTO k\u00e4ev\u00f5ru 23074PW"},"content":{"rendered":"<p>See TI SENTO h\u00f5bedast p\u00e4rli k\u00e4ev\u00f5ru 23074PW on kaasaegne ood klassikalisele elegantsile, mis on m\u00e4ngulise ja kaasaegse r\u00fctmiga \u00fcmber kujundatud. See k\u00e4ev\u00f5ru on valmistatud 925 h\u00f5bedast ja kaetud helendava plaatinaga, mis tagab p\u00fcsiva s\u00e4ra, ning sellele k\u00e4ev\u00f5rule on riputatud lummavalt s\u00e4ravad valged p\u00e4rlid.<\/p>\n<p>Selle disaini teeb eriliseks see, kuidas p\u00e4rlid voolavad erinevates suurustes - alustades v\u00e4ikestest, \u00f5rnadest p\u00e4rlitest, kasvades j\u00e4rk-j\u00e4rgult suuremateks, pilkup\u00fc\u00fcdvateks p\u00e4rliteks, ning seej\u00e4rel p\u00f6\u00f6rdudes \u00f5rnalt tagasi v\u00e4iksema, \u00f5rnema suuruse juurde.See laineline muster loob d\u00fcnaamilise, voolava silueti, mis tundub nii ajatu kui ka v\u00e4rskendavalt moodne. See kollektsioon, mis on viimistletud TI SENTO signatuurse klambriga, t\u00e4histab tasakaalu ja liikumist - see on ideaalne p\u00e4evase v\u00e4limuse t\u00f5stmiseks v\u00f5i peene glamuuri lisamiseks \u00f5htustele r\u00f5ivastele. See on niklivaba ja h\u00fcpoallergeenne ning pakub p\u00fcsivat mugavust ja vaevata rafineeritust. See t\u00f5eliselt graatsiline k\u00e4ev\u00f5ru laseb aegumatul p\u00e4rlite ilul elegantselt teie randmel tantsida.<\/p>","protected":false},"excerpt":{"rendered":"<h2>See k\u00e4ev\u00f5ru on suurus M ja sobib randmetele m\u00f5\u00f5tudega 15.6cm - 17.4cm.<\/h2>","protected":false},"featured_media":273975,"comment_status":"open","ping_status":"closed","template":"","meta":{"jetpack_post_was_ever_published":false},"product_brand":[1057],"product_cat":[726,979,968,945,939,964,72,147,961,976],"product_tag":[],"giftcard-category":[],"class_list":{"0":"post-275131","1":"product","2":"type-product","3":"status-publish","4":"has-post-thumbnail","6":"product_brand-ti-sento","7":"product_cat-bracelets","8":"product_cat-graduation-2025","9":"product_cat-mothers-day-2025-ti-sento","10":"product_cat-pearls","11":"product_cat-ti-sento-sale-europe","12":"product_cat-summer-sale-ti-sento","13":"product_cat-ti-sento-milano","14":"product_cat-ti-sento-milano-bracelets","15":"product_cat-ti-sento-milano-ss25","16":"product_cat-wedding-season","17":"pa_material-silver","18":"pa_metal-color-silver","19":"pa_product-brand-ti-sento-milano","20":"pa_size-m","21":"pa_stone-color-pearl","22":"pa_type-category-bracelets","24":"first","25":"instock","26":"taxable","27":"shipping-taxable","28":"purchasable","29":"product-type-simple"},"bundled_by":[],"bundle_stock_status":"instock","bundle_stock_quantity":1,"bundle_virtual":false,"bundle_layout":"","bundle_add_to_cart_form_location":"","bundle_editable_in_cart":false,"bundle_sold_individually_context":"","bundle_item_grouping":"","bundle_min_size":"","bundle_max_size":"","bundle_price":[],"bundled_items":[],"bundle_sell_ids":[],"etheme_brands":{"errors":{"invalid_taxonomy":["Lubamatu taksonoomia."]},"error_data":[]},"_links":{"self":[{"href":"https:\/\/glamuur.ee\/et\/wp-json\/wp\/v2\/product\/275131","targetHints":{"allow":["GET"]}}],"collection":[{"href":"https:\/\/glamuur.ee\/et\/wp-json\/wp\/v2\/product"}],"about":[{"href":"https:\/\/glamuur.ee\/et\/wp-json\/wp\/v2\/types\/product"}],"replies":[{"embeddable":true,"href":"https:\/\/glamuur.ee\/et\/wp-json\/wp\/v2\/comments?post=275131"}],"wp:featuredmedia":[{"embeddable":true,"href":"https:\/\/glamuur.ee\/et\/wp-json\/wp\/v2\/media\/273975"}],"wp:attachment":[{"href":"https:\/\/glamuur.ee\/et\/wp-json\/wp\/v2\/media?parent=275131"}],"wp:term":[{"taxonomy":"product_brand","embeddable":true,"href":"https:\/\/glamuur.ee\/et\/wp-json\/wp\/v2\/product_brand?post=275131"},{"taxonomy":"product_cat","embeddable":true,"href":"https:\/\/glamuur.ee\/et\/wp-json\/wp\/v2\/product_cat?post=275131"},{"taxonomy":"product_tag","embeddable":true,"href":"https:\/\/glamuur.ee\/et\/wp-json\/wp\/v2\/product_tag?post=275131"},{"taxonomy":"giftcard-category","embeddable":true,"href":"https:\/\/glamuur.ee\/et\/wp-json\/wp\/v2\/giftcard-category?post=275131"}],"curies":[{"name":"wp","href":"https:\/\/api.w.org\/{rel}","templated":true}]}}