{"id":275122,"date":"2025-03-07T11:00:23","date_gmt":"2025-03-07T09:00:23","guid":{"rendered":"https:\/\/glamuur.ee\/?post_type=product&#038;p=275122"},"modified":"2026-04-10T18:58:07","modified_gmt":"2026-04-10T15:58:07","slug":"ti-sento-kaevoru-23071zy-2","status":"publish","type":"product","link":"https:\/\/glamuur.ee\/et\/product\/ti-sento-bracelet-23071zy-2\/","title":{"rendered":"TI SENTO k\u00e4ev\u00f5ru 23071ZY"},"content":{"rendered":"<p>TI SENTO kullatud h\u00f5bedast k\u00e4ev\u00f5ru 23071ZY on koht, kus kaasaegne rafineeritus kohtub vaevata elegantsiga. See k\u00e4ev\u00f5ru on valmistatud 925 sterlingh\u00f5bedast ja kaetud luksuslikult plaatinaga, mis tagab p\u00fcsiva s\u00e4ra ja kaitse, ning defineerib ajatu ilu kaasaegse v\u00e4\u00e4ndega.<\/p>\n<p>Kolm omavahel p\u00f5imunud riba loovad skulpturaalse harmoonia - iga\u00fcks neist annab disainile oma iseloomu. Elegantne kollase kullaga kaetud rihm kiirgab soojust ja s\u00e4ra, samas kui jahe plaatinaga kaetud rihm lisab rafineeritud, lihvitud serva. Viimane riba s\u00e4rab paveeritud kuubiliste tsirkooniumidega, mis p\u00fc\u00fcavad valgust iga liigutusega ja annavad teosele tagasihoidliku glamuuri.<\/p>\n<p>See k\u00e4ev\u00f5ru on rafineeritud luksuse vaevata avaldus - piisavalt mitmek\u00fclgne nii p\u00e4ikesepaisteliseks p\u00e4evaks kui ka kuuvarjutuseks. See on t\u00f5eline \u00fchtsuse ja tasakaalu s\u00fcmbol, mis \u00fchendab s\u00e4ra, elegantsi ja modernsuse \u00fchte \u00f5mblusteta siluetti. See on niklivaba ja h\u00fcpoallergeenne, mis lubab mugavust igal kandmisel. Las see s\u00e4rav disain m\u00e4hib teie randme kaasaegse v\u00f5lu ja ajatu rafineeritusega.<\/p>","protected":false},"excerpt":{"rendered":"<h2>See k\u00e4ev\u00f5ru on suurus M ja sobib randmetele m\u00f5\u00f5tudega 15.6cm - 17.4cm.<\/h2>","protected":false},"featured_media":273963,"comment_status":"open","ping_status":"closed","template":"","meta":{"jetpack_post_was_ever_published":false},"product_brand":[1057],"product_cat":[726,979,968,939,964,72,147,961,976],"product_tag":[],"giftcard-category":[],"class_list":{"0":"post-275122","1":"product","2":"type-product","3":"status-publish","4":"has-post-thumbnail","6":"product_brand-ti-sento","7":"product_cat-bracelets","8":"product_cat-graduation-2025","9":"product_cat-mothers-day-2025-ti-sento","10":"product_cat-ti-sento-sale-europe","11":"product_cat-summer-sale-ti-sento","12":"product_cat-ti-sento-milano","13":"product_cat-ti-sento-milano-bracelets","14":"product_cat-ti-sento-milano-ss25","15":"product_cat-wedding-season","16":"pa_material-silver","17":"pa_metal-color-yellow-gold","18":"pa_product-brand-ti-sento-milano","19":"pa_size-m","20":"pa_stone-color-white","21":"pa_type-category-bracelets","23":"first","24":"instock","25":"taxable","26":"shipping-taxable","27":"purchasable","28":"product-type-simple"},"bundled_by":[],"bundle_stock_status":"instock","bundle_stock_quantity":3,"bundle_virtual":false,"bundle_layout":"","bundle_add_to_cart_form_location":"","bundle_editable_in_cart":false,"bundle_sold_individually_context":"","bundle_item_grouping":"","bundle_min_size":"","bundle_max_size":"","bundle_price":[],"bundled_items":[],"bundle_sell_ids":[],"etheme_brands":{"errors":{"invalid_taxonomy":["Lubamatu taksonoomia."]},"error_data":[]},"_links":{"self":[{"href":"https:\/\/glamuur.ee\/et\/wp-json\/wp\/v2\/product\/275122","targetHints":{"allow":["GET"]}}],"collection":[{"href":"https:\/\/glamuur.ee\/et\/wp-json\/wp\/v2\/product"}],"about":[{"href":"https:\/\/glamuur.ee\/et\/wp-json\/wp\/v2\/types\/product"}],"replies":[{"embeddable":true,"href":"https:\/\/glamuur.ee\/et\/wp-json\/wp\/v2\/comments?post=275122"}],"wp:featuredmedia":[{"embeddable":true,"href":"https:\/\/glamuur.ee\/et\/wp-json\/wp\/v2\/media\/273963"}],"wp:attachment":[{"href":"https:\/\/glamuur.ee\/et\/wp-json\/wp\/v2\/media?parent=275122"}],"wp:term":[{"taxonomy":"product_brand","embeddable":true,"href":"https:\/\/glamuur.ee\/et\/wp-json\/wp\/v2\/product_brand?post=275122"},{"taxonomy":"product_cat","embeddable":true,"href":"https:\/\/glamuur.ee\/et\/wp-json\/wp\/v2\/product_cat?post=275122"},{"taxonomy":"product_tag","embeddable":true,"href":"https:\/\/glamuur.ee\/et\/wp-json\/wp\/v2\/product_tag?post=275122"},{"taxonomy":"giftcard-category","embeddable":true,"href":"https:\/\/glamuur.ee\/et\/wp-json\/wp\/v2\/giftcard-category?post=275122"}],"curies":[{"name":"wp","href":"https:\/\/api.w.org\/{rel}","templated":true}]}}