{"id":275119,"date":"2025-03-07T11:00:18","date_gmt":"2025-03-07T09:00:18","guid":{"rendered":"https:\/\/glamuur.ee\/?post_type=product&#038;p=275119"},"modified":"2026-04-15T17:05:07","modified_gmt":"2026-04-15T14:05:07","slug":"ti-sento-kaevoru-23070zy-2","status":"publish","type":"product","link":"https:\/\/glamuur.ee\/et\/product\/ti-sento-bracelet-23070zy-2\/","title":{"rendered":"TI SENTO k\u00e4ev\u00f5ru 23070ZY"},"content":{"rendered":"<p>Lisage ajatu v\u00f5lu TI SENTO kullatud h\u00f5bedast k\u00e4ev\u00f5ru 23070ZY, mis on peen t\u00fckk, milles vahelduvad ristk\u00fclikukujulised kollase kullatud k\u00f6iestruktuurid, pav\u00e9-komplektiga kuubikujulised tsirkooniumid ja helendavad p\u00e4rlid. Valmistatud esmaklassilisest 925 h\u00f5bedast, loob see tekstuuride ja materjalide harmooniline segu keerulise, kuid samas m\u00e4ngulise disaini, mis kehastab vaevata elegantsi.<\/p>\n<p>See k\u00e4ev\u00f5ru on inspireeritud kuldsetest suvev\u00e4rvidest, meenutades p\u00e4ikesepaisteliste p\u00e4evade ja soojade, palsamite \u00f5htute ilu. Selle keerulised detailid ja graatsiline koostis teevad sellest t\u00e4iusliku aksessuaari nii juhuslikeks v\u00e4ljas\u00f5itudeks kui ka rafineeritud s\u00fcndmusteks.<\/p>\n<p>Kanna seda \u00fcksi, et lasta selle unikaalsel disainil s\u00e4rada, v\u00f5i \u00fchenda see teiste TI SENTO esemetega, et luua t\u00e4iesti oma v\u00e4limus. See k\u00e4ev\u00f5ru on h\u00fcpoallergeenne ja niklivaba ning tagab mugavuse ja kestva kvaliteedi igal hetkel.<\/p>","protected":false},"excerpt":{"rendered":"<h2>See k\u00e4ev\u00f5ru on suurus M ja sobib randmetele m\u00f5\u00f5tudega 15.6cm - 17.4cm.<\/h2>","protected":false},"featured_media":273960,"comment_status":"open","ping_status":"closed","template":"","meta":{"jetpack_post_was_ever_published":false},"product_brand":[1057],"product_cat":[726,979,968,599,939,964,72,147,961,976],"product_tag":[],"giftcard-category":[],"class_list":{"0":"post-275119","1":"product","2":"type-product","3":"status-publish","4":"has-post-thumbnail","6":"product_brand-ti-sento","7":"product_cat-bracelets","8":"product_cat-graduation-2025","9":"product_cat-mothers-day-2025-ti-sento","10":"product_cat-sale","11":"product_cat-ti-sento-sale-europe","12":"product_cat-summer-sale-ti-sento","13":"product_cat-ti-sento-milano","14":"product_cat-ti-sento-milano-bracelets","15":"product_cat-ti-sento-milano-ss25","16":"product_cat-wedding-season","17":"pa_material-silver","18":"pa_metal-color-yellow-gold","19":"pa_product-brand-ti-sento-milano","20":"pa_size-m","21":"pa_stone-color-white","22":"pa_type-category-bracelets","24":"first","25":"instock","26":"taxable","27":"shipping-taxable","28":"purchasable","29":"product-type-simple"},"bundled_by":[],"bundle_stock_status":"instock","bundle_stock_quantity":3,"bundle_virtual":false,"bundle_layout":"","bundle_add_to_cart_form_location":"","bundle_editable_in_cart":false,"bundle_sold_individually_context":"","bundle_item_grouping":"","bundle_min_size":"","bundle_max_size":"","bundle_price":[],"bundled_items":[],"bundle_sell_ids":[],"etheme_brands":{"errors":{"invalid_taxonomy":["Lubamatu taksonoomia."]},"error_data":[]},"_links":{"self":[{"href":"https:\/\/glamuur.ee\/et\/wp-json\/wp\/v2\/product\/275119","targetHints":{"allow":["GET"]}}],"collection":[{"href":"https:\/\/glamuur.ee\/et\/wp-json\/wp\/v2\/product"}],"about":[{"href":"https:\/\/glamuur.ee\/et\/wp-json\/wp\/v2\/types\/product"}],"replies":[{"embeddable":true,"href":"https:\/\/glamuur.ee\/et\/wp-json\/wp\/v2\/comments?post=275119"}],"wp:featuredmedia":[{"embeddable":true,"href":"https:\/\/glamuur.ee\/et\/wp-json\/wp\/v2\/media\/273960"}],"wp:attachment":[{"href":"https:\/\/glamuur.ee\/et\/wp-json\/wp\/v2\/media?parent=275119"}],"wp:term":[{"taxonomy":"product_brand","embeddable":true,"href":"https:\/\/glamuur.ee\/et\/wp-json\/wp\/v2\/product_brand?post=275119"},{"taxonomy":"product_cat","embeddable":true,"href":"https:\/\/glamuur.ee\/et\/wp-json\/wp\/v2\/product_cat?post=275119"},{"taxonomy":"product_tag","embeddable":true,"href":"https:\/\/glamuur.ee\/et\/wp-json\/wp\/v2\/product_tag?post=275119"},{"taxonomy":"giftcard-category","embeddable":true,"href":"https:\/\/glamuur.ee\/et\/wp-json\/wp\/v2\/giftcard-category?post=275119"}],"curies":[{"name":"wp","href":"https:\/\/api.w.org\/{rel}","templated":true}]}}