{"id":275116,"date":"2025-03-07T11:00:11","date_gmt":"2025-03-07T09:00:11","guid":{"rendered":"https:\/\/glamuur.ee\/?post_type=product&#038;p=275116"},"modified":"2026-03-16T18:30:07","modified_gmt":"2026-03-16T16:30:07","slug":"ti-sento-kaevoru-23069zy-2","status":"publish","type":"product","link":"https:\/\/glamuur.ee\/et\/product\/ti-sento-bracelet-23069zy-2\/","title":{"rendered":"TI SENTO k\u00e4ev\u00f5ru 23069ZY"},"content":{"rendered":"<p>T\u00f5sta oma elegantsi TI SENTO kullatud h\u00f5bedast k\u00e4ev\u00f5ru 23069ZY, mis on luksuslike materjalide ja ajatu disaini s\u00e4rav segu. Sellel k\u00e4ev\u00f5rul on vaheldumisi h\u00f5bedast ja kollasest kullatud l\u00fclid, millest m\u00f5ned on r\u00f5hutatud \u00f5rnade pav\u00e9-kivisillutisega tsirkooniatega, teised aga m\u00e4ngulise k\u00f6iestruktuuriga. K\u00e4ev\u00f5ru on valmistatud esmaklassilisest 925 h\u00f5bedast ning kaetud hinnalise plaatina ja luksusliku kollase kullaga.<\/p>\n<p>T\u00e4iuslikult kehastades soojade suvep\u00e4evade s\u00e4ra, lisab see ese keerukust ja s\u00e4ra igale ansamblile. Olenemata sellest, kas naudite p\u00e4ikeselist p\u00e4rastl\u00f5unat v\u00f5i glamuurset \u00f5htut, selle peen k\u00e4sit\u00f6\u00f6 ja harmooniline disain teevad sellest mitmek\u00fclgse aksessuaari.<\/p>\n<p>Kanna seda \u00fcksi, et saavutada tagasihoidlik elegants v\u00f5i \u00fchenda see teiste TI SENTO esemetega, et luua oma isikup\u00e4rane v\u00e4limus. See k\u00e4ev\u00f5ru on h\u00fcpoallergeenne ja niklivaba ning tagab kestva mugavuse, pakkudes samas p\u00fcsivat kvaliteeti.<\/p>","protected":false},"excerpt":{"rendered":"<h2>See k\u00e4ev\u00f5ru on suurus M ja sobib randmetele m\u00f5\u00f5tudega 15.6cm - 17.4cm.<\/h2>","protected":false},"featured_media":273956,"comment_status":"open","ping_status":"closed","template":"","meta":{"jetpack_post_was_ever_published":false},"product_brand":[],"product_cat":[726,979,968,939,964,72,147,961,976],"product_tag":[],"giftcard-category":[],"class_list":{"0":"post-275116","1":"product","2":"type-product","3":"status-publish","4":"has-post-thumbnail","6":"product_cat-bracelets","7":"product_cat-graduation-2025","8":"product_cat-mothers-day-2025-ti-sento","9":"product_cat-ti-sento-sale-europe","10":"product_cat-summer-sale-ti-sento","11":"product_cat-ti-sento-milano","12":"product_cat-ti-sento-milano-bracelets","13":"product_cat-ti-sento-milano-ss25","14":"product_cat-wedding-season","15":"pa_material-silver","16":"pa_metal-color-yellow-gold","17":"pa_product-brand-ti-sento-milano","18":"pa_size-m","19":"pa_stone-color-white","20":"pa_type-category-bracelets","22":"first","23":"instock","24":"taxable","25":"shipping-taxable","26":"purchasable","27":"product-type-simple"},"bundled_by":[],"bundle_stock_status":"instock","bundle_stock_quantity":3,"bundle_virtual":false,"bundle_layout":"","bundle_add_to_cart_form_location":"","bundle_editable_in_cart":false,"bundle_sold_individually_context":"","bundle_item_grouping":"","bundle_min_size":"","bundle_max_size":"","bundle_price":[],"bundled_items":[],"bundle_sell_ids":[],"etheme_brands":{"errors":{"invalid_taxonomy":["Lubamatu taksonoomia."]},"error_data":[]},"_links":{"self":[{"href":"https:\/\/glamuur.ee\/et\/wp-json\/wp\/v2\/product\/275116","targetHints":{"allow":["GET"]}}],"collection":[{"href":"https:\/\/glamuur.ee\/et\/wp-json\/wp\/v2\/product"}],"about":[{"href":"https:\/\/glamuur.ee\/et\/wp-json\/wp\/v2\/types\/product"}],"replies":[{"embeddable":true,"href":"https:\/\/glamuur.ee\/et\/wp-json\/wp\/v2\/comments?post=275116"}],"wp:featuredmedia":[{"embeddable":true,"href":"https:\/\/glamuur.ee\/et\/wp-json\/wp\/v2\/media\/273956"}],"wp:attachment":[{"href":"https:\/\/glamuur.ee\/et\/wp-json\/wp\/v2\/media?parent=275116"}],"wp:term":[{"taxonomy":"product_brand","embeddable":true,"href":"https:\/\/glamuur.ee\/et\/wp-json\/wp\/v2\/product_brand?post=275116"},{"taxonomy":"product_cat","embeddable":true,"href":"https:\/\/glamuur.ee\/et\/wp-json\/wp\/v2\/product_cat?post=275116"},{"taxonomy":"product_tag","embeddable":true,"href":"https:\/\/glamuur.ee\/et\/wp-json\/wp\/v2\/product_tag?post=275116"},{"taxonomy":"giftcard-category","embeddable":true,"href":"https:\/\/glamuur.ee\/et\/wp-json\/wp\/v2\/giftcard-category?post=275116"}],"curies":[{"name":"wp","href":"https:\/\/api.w.org\/{rel}","templated":true}]}}