{"id":275110,"date":"2025-03-07T11:00:00","date_gmt":"2025-03-07T09:00:00","guid":{"rendered":"https:\/\/glamuur.ee\/?post_type=product&#038;p=275110"},"modified":"2026-02-16T13:50:33","modified_gmt":"2026-02-16T11:50:33","slug":"ti-sento-kaevoru-23068si-2","status":"publish","type":"product","link":"https:\/\/glamuur.ee\/et\/product\/ti-sento-bracelet-23068si-2\/","title":{"rendered":"TI SENTO k\u00e4ev\u00f5ru 23068SI"},"content":{"rendered":"<p>T\u00e4histage ajatut rafineeritust klassikalise TI SENTO keti k\u00e4ev\u00f5ru 23068SI abil, mis on t\u00e4iuslik elegantsi ja mitmek\u00fclgsuse sulam. See k\u00e4ev\u00f5ru kujutab endast keerukalt t\u00f6\u00f6deldud h\u00f5bedast linke, mis moodustavad klassikalise ahelakujunduse, mis \u00f5hkab tagasihoidlikku glamuuri. Helendav plaatinaga kaetud h\u00f5bedane viimistlus r\u00f5hutab selle kaasaegset atraktiivsust, muutes selle \u0161ikiks lisaks igasse ehtekollektsiooni.<\/p>\n<p>See TI SENTO kollektsiooni kuuluv k\u00e4ev\u00f5ru on disainitud nii, et see on vaevata mitmek\u00fclgselt kasutatav - olgu see siis \u00f5htuseks \u00fcrituseks v\u00f5i lisades oma igap\u00e4evase v\u00e4limuse rafineerimiseks. Turvaline klamber tagab nii mugavuse kui ka stiilsuse, mis v\u00f5imaldab seda kanda enesekindlalt.<\/p>\n<p>Kanna seda \u00fcksi minimalistliku avalduse tegemiseks v\u00f5i kanna seda koos teiste TI SENTO esemetega, et luua keerukas ja l\u00e4bim\u00f5eldud v\u00e4limus. Tundliku naha eest hoolitsedes valmistatud niklivaba ja h\u00fcpoallergeenne k\u00e4ev\u00f5ru tagab kestva mugavuse ja kvaliteedi.<\/p>","protected":false},"excerpt":{"rendered":"<h2>See k\u00e4ev\u00f5ru on suurus M ja sobib randmetele m\u00f5\u00f5tudega 15.6cm - 17.4cm.<\/h2>","protected":false},"featured_media":273948,"comment_status":"open","ping_status":"closed","template":"","meta":{"jetpack_post_was_ever_published":false},"product_brand":[1057],"product_cat":[726,979,968,939,964,72,147,961],"product_tag":[],"giftcard-category":[],"class_list":{"0":"post-275110","1":"product","2":"type-product","3":"status-publish","4":"has-post-thumbnail","6":"product_brand-ti-sento","7":"product_cat-bracelets","8":"product_cat-graduation-2025","9":"product_cat-mothers-day-2025-ti-sento","10":"product_cat-ti-sento-sale-europe","11":"product_cat-summer-sale-ti-sento","12":"product_cat-ti-sento-milano","13":"product_cat-ti-sento-milano-bracelets","14":"product_cat-ti-sento-milano-ss25","15":"pa_material-silver","16":"pa_metal-color-silver","17":"pa_product-brand-ti-sento-milano","18":"pa_size-m","19":"pa_stone-color-without-stones","20":"pa_type-category-bracelets","22":"first","23":"instock","24":"taxable","25":"shipping-taxable","26":"purchasable","27":"product-type-simple"},"bundled_by":[],"bundle_stock_status":"instock","bundle_stock_quantity":7,"bundle_virtual":false,"bundle_layout":"","bundle_add_to_cart_form_location":"","bundle_editable_in_cart":false,"bundle_sold_individually_context":"","bundle_item_grouping":"","bundle_min_size":"","bundle_max_size":"","bundle_price":[],"bundled_items":[],"bundle_sell_ids":[],"etheme_brands":{"errors":{"invalid_taxonomy":["Lubamatu taksonoomia."]},"error_data":[]},"_links":{"self":[{"href":"https:\/\/glamuur.ee\/et\/wp-json\/wp\/v2\/product\/275110","targetHints":{"allow":["GET"]}}],"collection":[{"href":"https:\/\/glamuur.ee\/et\/wp-json\/wp\/v2\/product"}],"about":[{"href":"https:\/\/glamuur.ee\/et\/wp-json\/wp\/v2\/types\/product"}],"replies":[{"embeddable":true,"href":"https:\/\/glamuur.ee\/et\/wp-json\/wp\/v2\/comments?post=275110"}],"wp:featuredmedia":[{"embeddable":true,"href":"https:\/\/glamuur.ee\/et\/wp-json\/wp\/v2\/media\/273948"}],"wp:attachment":[{"href":"https:\/\/glamuur.ee\/et\/wp-json\/wp\/v2\/media?parent=275110"}],"wp:term":[{"taxonomy":"product_brand","embeddable":true,"href":"https:\/\/glamuur.ee\/et\/wp-json\/wp\/v2\/product_brand?post=275110"},{"taxonomy":"product_cat","embeddable":true,"href":"https:\/\/glamuur.ee\/et\/wp-json\/wp\/v2\/product_cat?post=275110"},{"taxonomy":"product_tag","embeddable":true,"href":"https:\/\/glamuur.ee\/et\/wp-json\/wp\/v2\/product_tag?post=275110"},{"taxonomy":"giftcard-category","embeddable":true,"href":"https:\/\/glamuur.ee\/et\/wp-json\/wp\/v2\/giftcard-category?post=275110"}],"curies":[{"name":"wp","href":"https:\/\/api.w.org\/{rel}","templated":true}]}}