{"id":275107,"date":"2025-03-07T10:59:54","date_gmt":"2025-03-07T08:59:54","guid":{"rendered":"https:\/\/glamuur.ee\/?post_type=product&#038;p=275107"},"modified":"2026-04-08T14:50:03","modified_gmt":"2026-04-08T11:50:03","slug":"ti-sento-kaevoru-23067zi-2","status":"publish","type":"product","link":"https:\/\/glamuur.ee\/et\/product\/ti-sento-bracelet-23067zi-2\/","title":{"rendered":"TI SENTO k\u00e4ev\u00f5ru 23067ZI"},"content":{"rendered":"<p>Ajatu elegantse TI SENTO h\u00f5bedast tennisev\u00f5ru 23067ZI, mis on pimestav ja lummav. Sellel k\u00e4ev\u00f5rul on kahekordne rida s\u00e4delevatest kuubi tsirkooniumkividest, mis on keerukas pav\u00e9-stiilis kinnitus, mis kiirgab s\u00e4ra igast nurgast. Elegantne h\u00f5bedane viimistlus lisab elegantsust, mis muudab selle kohustuslikuks nii eriliste s\u00fcndmuste kui ka igap\u00e4evase glamuuri jaoks.<\/p>\n<p>See TI SENTO kollektsiooni kuuluv k\u00e4ev\u00f5ru kehastab rafineeritud k\u00e4sit\u00f6\u00f6oskust ja kaasaegset disaini. Selle mitmek\u00fclgne v\u00f5lu v\u00f5imaldab t\u00e4iendada iga riietust, olgu see siis \u00f5htuseks v\u00e4ljaminekuks v\u00f5i vabaajaansambli kaunistamiseks.<\/p>\n<p>Stiilige seda \u00fcksi, et lasta selle s\u00e4ra s\u00e4ra paista, v\u00f5i asetage see teiste TI SENTO k\u00e4ev\u00f5rudega, et saavutada mitmekihiline, luksuslik v\u00e4limus. Tundliku naha jaoks hoolikalt valmistatud niklivaba ja h\u00fcpoallergeenne k\u00e4ev\u00f5ru tagab kestva mugavuse ja kvaliteedi.<\/p>","protected":false},"excerpt":{"rendered":"<h2>See k\u00e4ev\u00f5ru on suurus M ja sobib randmetele m\u00f5\u00f5tudega 15.6cm - 17.4cm.<\/h2>","protected":false},"featured_media":293312,"comment_status":"open","ping_status":"closed","template":"","meta":{"jetpack_post_was_ever_published":false},"product_brand":[1057],"product_cat":[726,979,968,939,964,72,147,961,976],"product_tag":[],"giftcard-category":[],"class_list":{"0":"post-275107","1":"product","2":"type-product","3":"status-publish","4":"has-post-thumbnail","6":"product_brand-ti-sento","7":"product_cat-bracelets","8":"product_cat-graduation-2025","9":"product_cat-mothers-day-2025-ti-sento","10":"product_cat-ti-sento-sale-europe","11":"product_cat-summer-sale-ti-sento","12":"product_cat-ti-sento-milano","13":"product_cat-ti-sento-milano-bracelets","14":"product_cat-ti-sento-milano-ss25","15":"product_cat-wedding-season","16":"pa_material-silver","17":"pa_metal-color-silver","18":"pa_product-brand-ti-sento-milano","19":"pa_size-m","20":"pa_stone-color-white","21":"pa_type-category-bracelets","23":"first","24":"instock","25":"taxable","26":"shipping-taxable","27":"purchasable","28":"product-type-simple"},"bundled_by":[],"bundle_stock_status":"instock","bundle_stock_quantity":4,"bundle_virtual":false,"bundle_layout":"","bundle_add_to_cart_form_location":"","bundle_editable_in_cart":false,"bundle_sold_individually_context":"","bundle_item_grouping":"","bundle_min_size":"","bundle_max_size":"","bundle_price":[],"bundled_items":[],"bundle_sell_ids":[],"etheme_brands":{"errors":{"invalid_taxonomy":["Lubamatu taksonoomia."]},"error_data":[]},"_links":{"self":[{"href":"https:\/\/glamuur.ee\/et\/wp-json\/wp\/v2\/product\/275107","targetHints":{"allow":["GET"]}}],"collection":[{"href":"https:\/\/glamuur.ee\/et\/wp-json\/wp\/v2\/product"}],"about":[{"href":"https:\/\/glamuur.ee\/et\/wp-json\/wp\/v2\/types\/product"}],"replies":[{"embeddable":true,"href":"https:\/\/glamuur.ee\/et\/wp-json\/wp\/v2\/comments?post=275107"}],"wp:featuredmedia":[{"embeddable":true,"href":"https:\/\/glamuur.ee\/et\/wp-json\/wp\/v2\/media\/293312"}],"wp:attachment":[{"href":"https:\/\/glamuur.ee\/et\/wp-json\/wp\/v2\/media?parent=275107"}],"wp:term":[{"taxonomy":"product_brand","embeddable":true,"href":"https:\/\/glamuur.ee\/et\/wp-json\/wp\/v2\/product_brand?post=275107"},{"taxonomy":"product_cat","embeddable":true,"href":"https:\/\/glamuur.ee\/et\/wp-json\/wp\/v2\/product_cat?post=275107"},{"taxonomy":"product_tag","embeddable":true,"href":"https:\/\/glamuur.ee\/et\/wp-json\/wp\/v2\/product_tag?post=275107"},{"taxonomy":"giftcard-category","embeddable":true,"href":"https:\/\/glamuur.ee\/et\/wp-json\/wp\/v2\/giftcard-category?post=275107"}],"curies":[{"name":"wp","href":"https:\/\/api.w.org\/{rel}","templated":true}]}}