{"id":275101,"date":"2025-03-07T10:59:46","date_gmt":"2025-03-07T08:59:46","guid":{"rendered":"https:\/\/glamuur.ee\/?post_type=product&#038;p=275101"},"modified":"2026-03-10T19:10:08","modified_gmt":"2026-03-10T17:10:08","slug":"ti-sento-kaevoru-23066zi-2","status":"publish","type":"product","link":"https:\/\/glamuur.ee\/et\/product\/ti-sento-bracelet-23066zi-2\/","title":{"rendered":"TI SENTO k\u00e4ev\u00f5ru 23066ZI"},"content":{"rendered":"<p>T\u00f5sta oma suvist stiili TI SENTO h\u00f5bedase k\u00e4ev\u00f5ru 23066ZI abil, kus ajatu rafineeritus kohtub kaasaegse veetlusega. See k\u00e4ev\u00f5ru, mis on oskuslikult valmistatud 925 h\u00f5bedast ja kaetud v\u00e4\u00e4rtusliku plaatinaga, mis tagab p\u00fcsiva s\u00e4ra ja kaitse, v\u00e4ljendab rafineeritud elegantsi koos kaasaegse v\u00e4\u00e4ndega.<\/p>\n<p>H\u00f5bedast poolmullidest koosnev \u00f5rn r\u00fctm vaheldub s\u00e4delevate valgete kuubi tsirkooniumkividega, luues lummava valguse ja tekstuuri m\u00e4ngu. Selle keskmes on stiliseeritud TI SENTO s\u00fcmbol, mis on peen, kuid silmatorkav fookuspunkt - tagasihoidliku luksuse embleem.<\/p>\n<p>See k\u00e4ev\u00f5ru sobib ideaalselt p\u00e4ikesepaistelisteks p\u00e4evadeks ja leebeteks \u00f5htuteks ning lisab igale v\u00e4limusele vaevata sarmi, alates vabaaja \u0161ikist kuni k\u00f5rgendatud \u00f5htur\u00f5ivasteni. See on l\u00e4bim\u00f5eldult loodud tundlikule nahale, on niklivaba ja h\u00fcpoallergeenne, tagades p\u00fcsiva mugavuse ja laitmatu k\u00e4sit\u00f6\u00f6 iga kandmise korral.<\/p>","protected":false},"excerpt":{"rendered":"<h2>See k\u00e4ev\u00f5ru on suurus M ja sobib randmetele m\u00f5\u00f5tudega 15.6cm - 17.4cm.<\/h2>","protected":false},"featured_media":273940,"comment_status":"open","ping_status":"closed","template":"","meta":{"jetpack_post_was_ever_published":false},"product_brand":[1057],"product_cat":[726,979,968,939,964,72,147,961],"product_tag":[],"giftcard-category":[],"class_list":{"0":"post-275101","1":"product","2":"type-product","3":"status-publish","4":"has-post-thumbnail","6":"product_brand-ti-sento","7":"product_cat-bracelets","8":"product_cat-graduation-2025","9":"product_cat-mothers-day-2025-ti-sento","10":"product_cat-ti-sento-sale-europe","11":"product_cat-summer-sale-ti-sento","12":"product_cat-ti-sento-milano","13":"product_cat-ti-sento-milano-bracelets","14":"product_cat-ti-sento-milano-ss25","15":"pa_material-silver","16":"pa_metal-color-silver","17":"pa_product-brand-ti-sento-milano","18":"pa_size-m","19":"pa_stone-color-white","20":"pa_type-category-bracelets","22":"first","23":"instock","24":"taxable","25":"shipping-taxable","26":"purchasable","27":"product-type-simple"},"bundled_by":[],"bundle_stock_status":"instock","bundle_stock_quantity":2,"bundle_virtual":false,"bundle_layout":"","bundle_add_to_cart_form_location":"","bundle_editable_in_cart":false,"bundle_sold_individually_context":"","bundle_item_grouping":"","bundle_min_size":"","bundle_max_size":"","bundle_price":[],"bundled_items":[],"bundle_sell_ids":[],"etheme_brands":{"errors":{"invalid_taxonomy":["Lubamatu taksonoomia."]},"error_data":[]},"_links":{"self":[{"href":"https:\/\/glamuur.ee\/et\/wp-json\/wp\/v2\/product\/275101","targetHints":{"allow":["GET"]}}],"collection":[{"href":"https:\/\/glamuur.ee\/et\/wp-json\/wp\/v2\/product"}],"about":[{"href":"https:\/\/glamuur.ee\/et\/wp-json\/wp\/v2\/types\/product"}],"replies":[{"embeddable":true,"href":"https:\/\/glamuur.ee\/et\/wp-json\/wp\/v2\/comments?post=275101"}],"wp:featuredmedia":[{"embeddable":true,"href":"https:\/\/glamuur.ee\/et\/wp-json\/wp\/v2\/media\/273940"}],"wp:attachment":[{"href":"https:\/\/glamuur.ee\/et\/wp-json\/wp\/v2\/media?parent=275101"}],"wp:term":[{"taxonomy":"product_brand","embeddable":true,"href":"https:\/\/glamuur.ee\/et\/wp-json\/wp\/v2\/product_brand?post=275101"},{"taxonomy":"product_cat","embeddable":true,"href":"https:\/\/glamuur.ee\/et\/wp-json\/wp\/v2\/product_cat?post=275101"},{"taxonomy":"product_tag","embeddable":true,"href":"https:\/\/glamuur.ee\/et\/wp-json\/wp\/v2\/product_tag?post=275101"},{"taxonomy":"giftcard-category","embeddable":true,"href":"https:\/\/glamuur.ee\/et\/wp-json\/wp\/v2\/giftcard-category?post=275101"}],"curies":[{"name":"wp","href":"https:\/\/api.w.org\/{rel}","templated":true}]}}