{"id":275098,"date":"2025-03-07T10:59:39","date_gmt":"2025-03-07T08:59:39","guid":{"rendered":"https:\/\/glamuur.ee\/?post_type=product&#038;p=275098"},"modified":"2026-02-16T13:50:29","modified_gmt":"2026-02-16T11:50:29","slug":"ti-sento-kaevoru-23065zi-2","status":"publish","type":"product","link":"https:\/\/glamuur.ee\/et\/product\/ti-sento-bracelet-23065zi-2\/","title":{"rendered":"TI SENTO k\u00e4ev\u00f5ru 23065ZI"},"content":{"rendered":"<p>See TI SENTO h\u00f5bedast k\u00e4ev\u00f5ru 23065ZI on kohtumine kaasaegse elegantsi ja ajatu elegantsi vahel. Asjatundlikult valmistatud esmaklassilisest 925 sterlingh\u00f5bedast ja viimistletud s\u00e4rava plaatinaga, m\u00e4ngib see rafineeritud ese ikooniliste vormide ja tekstuuridega, et saavutada vaevata \u0161ikk v\u00e4limus.<\/p>\n<p>\u00d5rn kett \u00fchendab omavahel padjakujulisi ja TI SENTOle iseloomulikku ristk\u00fclikukujulisi motiive, luues harmoonilise segu pehmetest kumerustest ja elegantsest geomeetriast. Helendavad p\u00e4rlmutter-lisandid annavad helendava, loomuliku s\u00e4ra, samas kui paveeritud tsirkooniumdetailid lisavad pimestava puudutuse, mis p\u00fc\u00fcab valgust iga liigutusega. Keskosa - julge ristk\u00fclikukujuline l\u00fcli, mis on raamitud s\u00e4rava pav\u00e9ga - annab disainile kaasaegse elegantsi.<\/p>\n<p>See k\u00e4ev\u00f5ru sobib ideaalselt \u00fcksteise peale panemiseks v\u00f5i \u00fcksinda peene avalduse tegemiseks, see k\u00e4ev\u00f5ru sobib sujuvalt p\u00e4evast \u00f5htusse. See on niklivaba ja h\u00fcpoallergeenne, pakkudes nii luksust kui ka mugavust iga kandmisega. Kaasaegne klassika, mis on loodud selleks, et t\u00f5sta teie randmele vaevata rafineeritust ja s\u00e4ra.<\/p>","protected":false},"excerpt":{"rendered":"<h2>See k\u00e4ev\u00f5ru on suurus M ja sobib randmetele m\u00f5\u00f5tudega 15.6cm - 17.4cm.<\/h2>","protected":false},"featured_media":273936,"comment_status":"open","ping_status":"closed","template":"","meta":{"jetpack_post_was_ever_published":false},"product_brand":[1057],"product_cat":[726,979,968,599,939,964,72,147,961,976],"product_tag":[],"giftcard-category":[],"class_list":{"0":"post-275098","1":"product","2":"type-product","3":"status-publish","4":"has-post-thumbnail","6":"product_brand-ti-sento","7":"product_cat-bracelets","8":"product_cat-graduation-2025","9":"product_cat-mothers-day-2025-ti-sento","10":"product_cat-sale","11":"product_cat-ti-sento-sale-europe","12":"product_cat-summer-sale-ti-sento","13":"product_cat-ti-sento-milano","14":"product_cat-ti-sento-milano-bracelets","15":"product_cat-ti-sento-milano-ss25","16":"product_cat-wedding-season","17":"pa_material-silver","18":"pa_metal-color-silver","19":"pa_product-brand-ti-sento-milano","20":"pa_size-m","21":"pa_stone-color-white","22":"pa_type-category-bracelets","24":"first","25":"instock","26":"taxable","27":"shipping-taxable","28":"purchasable","29":"product-type-simple"},"bundled_by":[],"bundle_stock_status":"instock","bundle_stock_quantity":1,"bundle_virtual":false,"bundle_layout":"","bundle_add_to_cart_form_location":"","bundle_editable_in_cart":false,"bundle_sold_individually_context":"","bundle_item_grouping":"","bundle_min_size":"","bundle_max_size":"","bundle_price":[],"bundled_items":[],"bundle_sell_ids":[],"etheme_brands":{"errors":{"invalid_taxonomy":["Lubamatu taksonoomia."]},"error_data":[]},"_links":{"self":[{"href":"https:\/\/glamuur.ee\/et\/wp-json\/wp\/v2\/product\/275098","targetHints":{"allow":["GET"]}}],"collection":[{"href":"https:\/\/glamuur.ee\/et\/wp-json\/wp\/v2\/product"}],"about":[{"href":"https:\/\/glamuur.ee\/et\/wp-json\/wp\/v2\/types\/product"}],"replies":[{"embeddable":true,"href":"https:\/\/glamuur.ee\/et\/wp-json\/wp\/v2\/comments?post=275098"}],"wp:featuredmedia":[{"embeddable":true,"href":"https:\/\/glamuur.ee\/et\/wp-json\/wp\/v2\/media\/273936"}],"wp:attachment":[{"href":"https:\/\/glamuur.ee\/et\/wp-json\/wp\/v2\/media?parent=275098"}],"wp:term":[{"taxonomy":"product_brand","embeddable":true,"href":"https:\/\/glamuur.ee\/et\/wp-json\/wp\/v2\/product_brand?post=275098"},{"taxonomy":"product_cat","embeddable":true,"href":"https:\/\/glamuur.ee\/et\/wp-json\/wp\/v2\/product_cat?post=275098"},{"taxonomy":"product_tag","embeddable":true,"href":"https:\/\/glamuur.ee\/et\/wp-json\/wp\/v2\/product_tag?post=275098"},{"taxonomy":"giftcard-category","embeddable":true,"href":"https:\/\/glamuur.ee\/et\/wp-json\/wp\/v2\/giftcard-category?post=275098"}],"curies":[{"name":"wp","href":"https:\/\/api.w.org\/{rel}","templated":true}]}}