{"id":275095,"date":"2025-03-07T10:59:33","date_gmt":"2025-03-07T08:59:33","guid":{"rendered":"https:\/\/glamuur.ee\/?post_type=product&#038;p=275095"},"modified":"2026-02-16T13:50:24","modified_gmt":"2026-02-16T11:50:24","slug":"ti-sento-kaevoru-23064ka-2","status":"publish","type":"product","link":"https:\/\/glamuur.ee\/et\/product\/ti-sento-bracelet-23064ka-2\/","title":{"rendered":"TI SENTO k\u00e4ev\u00f5ru 23064KA"},"content":{"rendered":"<p>T\u00f5stke oma stiili suurep\u00e4rase elegantsi ja kaasaegse disaini t\u00e4iuslikuks tasakaaluks oleva TI SENTO kullatud h\u00f5bedast k\u00e4ev\u00f5ru 23064KA abil. Sellel peenel k\u00e4ev\u00f5rul on neli padjakujulise lihviga l\u00e4bipaistvat khaki v\u00e4rvi kivi, mis on kaunilt asetatud s\u00e4ravasse kollase kullatud raamistusse. \u00d5rn 925 h\u00f5bedast ahel lisab rafineeritud puudutuse, luues ajatu kollektsiooni, mis \u00f5hkab rafineeritust ja v\u00f5lu.<\/p>\n<p>See TI SENTO padjakollektsiooni kuuluv k\u00e4ev\u00f5ru on m\u00f5eldud mitmek\u00fclgseks aksessuaariks igaks juhuks, mis muudab p\u00e4evast \u0161ikist \u00f5htuse glamuuri vaevata. Soojad khakiv\u00e4rvi toonid toovad kaasa mahedat elegantsi, samas kui kuldsed aktsendid annavad k\u00e4ev\u00f5rule luksusliku s\u00e4ra.<\/p>\n<p>Kandke seda koos teiste TI SENTO esemetega, et luua stiilne, kureeritud v\u00e4limus, v\u00f5i kandke seda \u00fcksi, et saavutada minimalistlik avaldus. Tundliku naha eest hoolitsedes valmistatud niklivaba ja h\u00fcpoallergeenne k\u00e4ev\u00f5ru tagab kestva mugavuse ja kvaliteedi.<\/p>","protected":false},"excerpt":{"rendered":"<h2>See k\u00e4ev\u00f5ru on suurus M ja sobib randmetele m\u00f5\u00f5tudega 15.6cm - 17.4cm.<\/h2>","protected":false},"featured_media":273932,"comment_status":"open","ping_status":"closed","template":"","meta":{"jetpack_post_was_ever_published":false},"product_brand":[1057],"product_cat":[726,979,968,599,939,964,72,147,961],"product_tag":[],"giftcard-category":[],"class_list":{"0":"post-275095","1":"product","2":"type-product","3":"status-publish","4":"has-post-thumbnail","6":"product_brand-ti-sento","7":"product_cat-bracelets","8":"product_cat-graduation-2025","9":"product_cat-mothers-day-2025-ti-sento","10":"product_cat-sale","11":"product_cat-ti-sento-sale-europe","12":"product_cat-summer-sale-ti-sento","13":"product_cat-ti-sento-milano","14":"product_cat-ti-sento-milano-bracelets","15":"product_cat-ti-sento-milano-ss25","16":"pa_material-silver","17":"pa_metal-color-yellow-gold","18":"pa_product-brand-ti-sento-milano","19":"pa_size-m","20":"pa_stone-color-beige","21":"pa_type-category-bracelets","23":"first","24":"instock","25":"taxable","26":"shipping-taxable","27":"purchasable","28":"product-type-simple"},"bundled_by":[],"bundle_stock_status":"instock","bundle_stock_quantity":5,"bundle_virtual":false,"bundle_layout":"","bundle_add_to_cart_form_location":"","bundle_editable_in_cart":false,"bundle_sold_individually_context":"","bundle_item_grouping":"","bundle_min_size":"","bundle_max_size":"","bundle_price":[],"bundled_items":[],"bundle_sell_ids":[],"etheme_brands":{"errors":{"invalid_taxonomy":["Lubamatu taksonoomia."]},"error_data":[]},"_links":{"self":[{"href":"https:\/\/glamuur.ee\/et\/wp-json\/wp\/v2\/product\/275095","targetHints":{"allow":["GET"]}}],"collection":[{"href":"https:\/\/glamuur.ee\/et\/wp-json\/wp\/v2\/product"}],"about":[{"href":"https:\/\/glamuur.ee\/et\/wp-json\/wp\/v2\/types\/product"}],"replies":[{"embeddable":true,"href":"https:\/\/glamuur.ee\/et\/wp-json\/wp\/v2\/comments?post=275095"}],"wp:featuredmedia":[{"embeddable":true,"href":"https:\/\/glamuur.ee\/et\/wp-json\/wp\/v2\/media\/273932"}],"wp:attachment":[{"href":"https:\/\/glamuur.ee\/et\/wp-json\/wp\/v2\/media?parent=275095"}],"wp:term":[{"taxonomy":"product_brand","embeddable":true,"href":"https:\/\/glamuur.ee\/et\/wp-json\/wp\/v2\/product_brand?post=275095"},{"taxonomy":"product_cat","embeddable":true,"href":"https:\/\/glamuur.ee\/et\/wp-json\/wp\/v2\/product_cat?post=275095"},{"taxonomy":"product_tag","embeddable":true,"href":"https:\/\/glamuur.ee\/et\/wp-json\/wp\/v2\/product_tag?post=275095"},{"taxonomy":"giftcard-category","embeddable":true,"href":"https:\/\/glamuur.ee\/et\/wp-json\/wp\/v2\/giftcard-category?post=275095"}],"curies":[{"name":"wp","href":"https:\/\/api.w.org\/{rel}","templated":true}]}}