{"id":275092,"date":"2025-03-07T10:59:30","date_gmt":"2025-03-07T08:59:30","guid":{"rendered":"https:\/\/glamuur.ee\/?post_type=product&#038;p=275092"},"modified":"2026-04-10T18:58:07","modified_gmt":"2026-04-10T15:58:07","slug":"ti-sento-kaevoru-23063db-2","status":"publish","type":"product","link":"https:\/\/glamuur.ee\/et\/product\/ti-sento-bracelet-23063db-2\/","title":{"rendered":"TI SENTO k\u00e4ev\u00f5ru 23063DB"},"content":{"rendered":"<p>Hellita ajatut elegantsi selle TI SENTO h\u00f5bedast k\u00e4ev\u00f5ru 23063DB. See \u00f5rn ahelik k\u00e4ev\u00f5ru on valmistatud esmaklassilisest 925 h\u00f5bedast ja selle s\u00e4rava plaatina pinnakattega, mis tagab p\u00fcsiva s\u00e4ra. Disain on kaunistatud lummava hulga l\u00e4bipaistvate s\u00fcgavsiniste ja s\u00e4delevate l\u00e4bipaistvate kividega, mis on lihvitud pisarate ja ovaalsete kujudega. Iga kivi on \u00fcmbritsetud, et suurendada selle s\u00e4ra ja tagada vastupidavus, s\u00e4ilitades samal ajal kerge ja mugava tunde randmel.<\/p>\n<p>See k\u00e4ev\u00f5ru sobib ideaalselt kihiliseks v\u00f5i eraldiseisvaks esemeks, kuna see on keerukas ja mitmek\u00fclgne, mist\u00f5ttu sobib see ideaalselt nii igap\u00e4evaseks kandmiseks kui ka erilisteks s\u00fcndmusteks. Laske selle graatsilisel v\u00f5lu t\u00f5sta oma ehtekollektsiooni. Tundliku naha eest hoolitsedes valmistatud niklivaba ja h\u00fcpoallergeenne s\u00f5rmus tagab p\u00fcsiva mugavuse ja kvaliteedi.<\/p>","protected":false},"excerpt":{"rendered":"<h2>See k\u00e4ev\u00f5ru on suurus M ja sobib randmetele m\u00f5\u00f5tudega 15.6cm - 17.4cm.<\/h2>","protected":false},"featured_media":303926,"comment_status":"open","ping_status":"closed","template":"","meta":{"jetpack_post_was_ever_published":false},"product_brand":[1057],"product_cat":[726,979,968,599,939,964,72,147,961],"product_tag":[],"giftcard-category":[],"class_list":{"0":"post-275092","1":"product","2":"type-product","3":"status-publish","4":"has-post-thumbnail","6":"product_brand-ti-sento","7":"product_cat-bracelets","8":"product_cat-graduation-2025","9":"product_cat-mothers-day-2025-ti-sento","10":"product_cat-sale","11":"product_cat-ti-sento-sale-europe","12":"product_cat-summer-sale-ti-sento","13":"product_cat-ti-sento-milano","14":"product_cat-ti-sento-milano-bracelets","15":"product_cat-ti-sento-milano-ss25","16":"pa_material-silver","17":"pa_metal-color-silver","18":"pa_product-brand-ti-sento-milano","19":"pa_size-m","20":"pa_stone-color-blue","21":"pa_type-category-bracelets","23":"first","24":"instock","25":"taxable","26":"shipping-taxable","27":"purchasable","28":"product-type-simple"},"bundled_by":[],"bundle_stock_status":"instock","bundle_stock_quantity":5,"bundle_virtual":false,"bundle_layout":"","bundle_add_to_cart_form_location":"","bundle_editable_in_cart":false,"bundle_sold_individually_context":"","bundle_item_grouping":"","bundle_min_size":"","bundle_max_size":"","bundle_price":[],"bundled_items":[],"bundle_sell_ids":[],"etheme_brands":{"errors":{"invalid_taxonomy":["Lubamatu taksonoomia."]},"error_data":[]},"_links":{"self":[{"href":"https:\/\/glamuur.ee\/et\/wp-json\/wp\/v2\/product\/275092","targetHints":{"allow":["GET"]}}],"collection":[{"href":"https:\/\/glamuur.ee\/et\/wp-json\/wp\/v2\/product"}],"about":[{"href":"https:\/\/glamuur.ee\/et\/wp-json\/wp\/v2\/types\/product"}],"replies":[{"embeddable":true,"href":"https:\/\/glamuur.ee\/et\/wp-json\/wp\/v2\/comments?post=275092"}],"wp:featuredmedia":[{"embeddable":true,"href":"https:\/\/glamuur.ee\/et\/wp-json\/wp\/v2\/media\/303926"}],"wp:attachment":[{"href":"https:\/\/glamuur.ee\/et\/wp-json\/wp\/v2\/media?parent=275092"}],"wp:term":[{"taxonomy":"product_brand","embeddable":true,"href":"https:\/\/glamuur.ee\/et\/wp-json\/wp\/v2\/product_brand?post=275092"},{"taxonomy":"product_cat","embeddable":true,"href":"https:\/\/glamuur.ee\/et\/wp-json\/wp\/v2\/product_cat?post=275092"},{"taxonomy":"product_tag","embeddable":true,"href":"https:\/\/glamuur.ee\/et\/wp-json\/wp\/v2\/product_tag?post=275092"},{"taxonomy":"giftcard-category","embeddable":true,"href":"https:\/\/glamuur.ee\/et\/wp-json\/wp\/v2\/giftcard-category?post=275092"}],"curies":[{"name":"wp","href":"https:\/\/api.w.org\/{rel}","templated":true}]}}